{"id":172108,"date":"2026-03-10T13:12:35","date_gmt":"2026-03-10T13:12:35","guid":{"rendered":"https:\/\/uniti.app\/?page_id=172108"},"modified":"2026-03-26T13:33:54","modified_gmt":"2026-03-26T13:33:54","slug":"partners","status":"publish","type":"page","link":"https:\/\/uniti.app\/pl\/partners\/","title":{"rendered":"Partnerzy"},"content":{"rendered":"<div class=\"wpb-content-wrapper\"><p>[vc_row unlock_row_content=&#8221;yes&#8221; row_height_percent=&#8221;0&#8243; override_padding=&#8221;yes&#8221; h_padding=&#8221;7&#8243; top_padding=&#8221;5&#8243; bottom_padding=&#8221;5&#8243; overlay_alpha=&#8221;50&#8243; gutter_size=&#8221;4&#8243; column_width_percent=&#8221;100&#8243; shift_y=&#8221;0&#8243; z_index=&#8221;0&#8243; content_parallax=&#8221;0&#8243; uncode_shortcode_id=&#8221;198021&#8243;][vc_column column_width_percent=&#8221;100&#8243; gutter_size=&#8221;2&#8243; overlay_alpha=&#8221;50&#8243; shift_x=&#8221;0&#8243; shift_y=&#8221;0&#8243; shift_y_down=&#8221;0&#8243; z_index=&#8221;0&#8243; medium_width=&#8221;0&#8243; mobile_width=&#8221;0&#8243; width=&#8221;1\/1&#8243;][vc_row_inner row_inner_height_percent=&#8221;0&#8243; overlay_alpha=&#8221;50&#8243; gutter_size=&#8221;4&#8243; shift_y=&#8221;0&#8243; z_index=&#8221;0&#8243; limit_content=&#8221;&#8221; uncode_shortcode_id=&#8221;171078&#8243;][vc_column_inner column_width_percent=&#8221;100&#8243; gutter_size=&#8221;3&#8243; overlay_alpha=&#8221;50&#8243; shift_x=&#8221;0&#8243; shift_y=&#8221;0&#8243; shift_y_down=&#8221;0&#8243; z_index=&#8221;0&#8243; medium_width=&#8221;0&#8243; mobile_width=&#8221;0&#8243; width=&#8221;1\/1&#8243; uncode_shortcode_id=&#8221;105436&#8243;][vc_custom_heading text_size=&#8221;h5&#8243; text_weight=&#8221;500&#8243; badge_style=&#8221;yes&#8221; radius=&#8221;xl&#8221; uncode_shortcode_id=&#8221;207127&#8243; text_color_type=&#8221;uncode-solid&#8221; text_color_solid=&#8221;#0c4f48&#8243; back_color_type=&#8221;uncode-solid&#8221; back_color_solid=&#8221;#e7f0e7&#8243;]<span class=\"text-accent-color\">\u25cf<\/span> Partnerzy[\/vc_custom_heading][vc_separator sep_color=&#8221;&#8221; uncode_shortcode_id=&#8221;473947&#8243;][\/vc_column_inner][\/vc_row_inner][vc_row_inner][vc_column_inner column_width_percent=&#8221;100&#8243; gutter_size=&#8221;2&#8243; overlay_alpha=&#8221;50&#8243; shift_x=&#8221;0&#8243; shift_y=&#8221;0&#8243; shift_y_down=&#8221;0&#8243; z_index=&#8221;0&#8243; medium_width=&#8221;0&#8243; mobile_width=&#8221;0&#8243; width=&#8221;4\/12&#8243;][vc_custom_heading text_size=&#8221;custom&#8221; text_weight=&#8221;300&#8243; uncode_shortcode_id=&#8221;136556&#8243; heading_custom_size=&#8221;clamp(30px,5vw,50px)&#8221;]Ekskluzywne zni\u017cki partnerskie dla naszych klient\u00f3w[\/vc_custom_heading][vc_empty_space empty_h=&#8221;2&#8243; desktop_visibility=&#8221;yes&#8221;][\/vc_column_inner][vc_column_inner column_width_percent=&#8221;100&#8243; gutter_size=&#8221;3&#8243; overlay_alpha=&#8221;50&#8243; shift_x=&#8221;0&#8243; shift_y=&#8221;0&#8243; shift_y_down=&#8221;0&#8243; z_index=&#8221;0&#8243; medium_visibility=&#8221;yes&#8221; medium_width=&#8221;0&#8243; mobile_visibility=&#8221;yes&#8221; mobile_width=&#8221;0&#8243; width=&#8221;2\/12&#8243;][\/vc_column_inner][vc_column_inner column_width_percent=&#8221;100&#8243; gutter_size=&#8221;3&#8243; overlay_alpha=&#8221;50&#8243; shift_x=&#8221;0&#8243; shift_y=&#8221;0&#8243; shift_y_down=&#8221;0&#8243; z_index=&#8221;0&#8243; medium_width=&#8221;0&#8243; mobile_visibility=&#8221;yes&#8221; mobile_width=&#8221;0&#8243; width=&#8221;6\/12&#8243; uncode_shortcode_id=&#8221;176555&#8243;][vc_column_text text_lead=&#8221;yes&#8221; uncode_shortcode_id=&#8221;322261&#8243;]Nasi zaufani partnerzy oferuj\u0105 naszym klientom ekskluzywne zni\u017cki na wybrane us\u0142ugi. Ka\u017cdy z nich zosta\u0142 starannie wybrany, poniewa\u017c osobi\u015bcie korzystamy z ich us\u0142ug i ufamy im, wierz\u0105c, \u017ce zapewniaj\u0105 wyj\u0105tkow\u0105 jako\u015b\u0107 i warto\u015b\u0107. Dzi\u0119ki tej wsp\u00f3\u0142pracy nasi klienci zyskuj\u0105 dost\u0119p do ekskluzywnych ofert, zaprojektowanych z my\u015bl\u0105 o ich dobrym samopoczuciu i zaspokajaniu codziennych potrzeb. To nasz spos\u00f3b na rozszerzenie naszych us\u0142ug o dodatkowe korzy\u015bci i sprawdzone rekomendacje wykraczaj\u0105ce poza nasze podstawowe us\u0142ugi.[\/vc_column_text][\/vc_column_inner][\/vc_row_inner][vc_empty_space empty_h=&#8221;2&#8243;][vc_row_inner row_inner_height_percent=&#8221;0&#8243; overlay_alpha=&#8221;50&#8243; equal_height=&#8221;yes&#8221; gutter_size=&#8221;3&#8243; shift_y=&#8221;0&#8243; z_index=&#8221;0&#8243; uncode_shortcode_id=&#8221;537603&#8243;][vc_column_inner column_width_percent=&#8221;100&#8243; align_horizontal=&#8221;align_center&#8221; gutter_size=&#8221;2&#8243; override_padding=&#8221;yes&#8221; column_padding=&#8221;2&#8243; overlay_alpha=&#8221;50&#8243; radius=&#8221;lg&#8221; border_color=&#8221;accent&#8221; border_style=&#8221;solid&#8221; shift_x=&#8221;0&#8243; shift_y=&#8221;0&#8243; shift_y_down=&#8221;0&#8243; z_index=&#8221;0&#8243; medium_width=&#8221;4&#8243; mobile_width=&#8221;4&#8243; width=&#8221;1\/4&#8243; uncode_shortcode_id=&#8221;139470&#8243; css=&#8221;.vc_custom_1773149023836{border-top-width: 1px !important;border-right-width: 1px !important;border-bottom-width: 1px !important;border-left-width: 1px !important;}&#8221; border_color_type=&#8221;uncode-palette&#8221; link_to=&#8221;url:https%3A%2F%2Fesimo.sng.link%2FDfwtk%2Fpojx%3Fpcn%3Duniti%26_smtype%3D3|target:_blank&#8221;][vc_single_image media=&#8221;172060&#8243; media_width_use_pixel=&#8221;yes&#8221; alignment=&#8221;center&#8221; shape=&#8221;img-round&#8221; radius=&#8221;xl&#8221; uncode_shortcode_id=&#8221;115847&#8243; media_width_pixel=&#8221;150&#8243;][vc_custom_heading text_size=&#8221;h5&#8243; text_weight=&#8221;500&#8243; badge_style=&#8221;yes&#8221; radius=&#8221;xl&#8221; uncode_shortcode_id=&#8221;109289&#8243; text_color_type=&#8221;uncode-solid&#8221; text_color_solid=&#8221;#0c4f48&#8243; back_color_type=&#8221;uncode-solid&#8221; back_color_solid=&#8221;#e7f0e7&#8243;]<span class=\"text-accent-color\">\u25cf<\/span> 15% zni\u017cki[\/vc_custom_heading][vc_column_text text_lead=&#8221;yes&#8221; uncode_shortcode_id=&#8221;196859&#8243;]Kod rabatowy: <strong>UNITI<\/strong>[\/vc_column_text][\/vc_column_inner][vc_column_inner column_width_percent=&#8221;100&#8243; align_horizontal=&#8221;align_center&#8221; gutter_size=&#8221;2&#8243; override_padding=&#8221;yes&#8221; column_padding=&#8221;2&#8243; overlay_alpha=&#8221;50&#8243; radius=&#8221;lg&#8221; border_color=&#8221;accent&#8221; border_style=&#8221;solid&#8221; shift_x=&#8221;0&#8243; shift_y=&#8221;0&#8243; shift_y_down=&#8221;0&#8243; z_index=&#8221;0&#8243; medium_width=&#8221;4&#8243; mobile_width=&#8221;4&#8243; width=&#8221;1\/4&#8243; uncode_shortcode_id=&#8221;133577&#8243; css=&#8221;.vc_custom_1773151449279{border-top-width: 1px !important;border-right-width: 1px !important;border-bottom-width: 1px !important;border-left-width: 1px !important;}&#8221; border_color_type=&#8221;uncode-palette&#8221; link_to=&#8221;url:https%3A%2F%2Fholafly.sjv.io%2F9VGX10|target:_blank&#8221;][vc_single_image media=&#8221;171989&#8243; media_width_use_pixel=&#8221;yes&#8221; alignment=&#8221;center&#8221; shape=&#8221;img-round&#8221; radius=&#8221;xl&#8221; uncode_shortcode_id=&#8221;452874&#8243; media_width_pixel=&#8221;150&#8243;][vc_custom_heading text_size=&#8221;h5&#8243; text_weight=&#8221;500&#8243; badge_style=&#8221;yes&#8221; radius=&#8221;xl&#8221; uncode_shortcode_id=&#8221;870395&#8243; text_color_type=&#8221;uncode-solid&#8221; text_color_solid=&#8221;#0c4f48&#8243; back_color_type=&#8221;uncode-solid&#8221; back_color_solid=&#8221;#e7f0e7&#8243;]<span class=\"text-accent-color\">\u25cf<\/span> 5% zni\u017cki[\/vc_custom_heading][vc_column_text text_lead=&#8221;yes&#8221; uncode_shortcode_id=&#8221;553919&#8243;]Kod rabatowy: <strong>PPUH<\/strong>[\/vc_column_text][\/vc_column_inner][vc_column_inner column_width_percent=&#8221;100&#8243; align_horizontal=&#8221;align_center&#8221; gutter_size=&#8221;2&#8243; override_padding=&#8221;yes&#8221; column_padding=&#8221;2&#8243; overlay_alpha=&#8221;50&#8243; radius=&#8221;lg&#8221; border_color=&#8221;accent&#8221; border_style=&#8221;solid&#8221; shift_x=&#8221;0&#8243; shift_y=&#8221;0&#8243; shift_y_down=&#8221;0&#8243; z_index=&#8221;0&#8243; medium_width=&#8221;4&#8243; mobile_width=&#8221;4&#8243; width=&#8221;1\/4&#8243; uncode_shortcode_id=&#8221;918309&#8243; css=&#8221;.vc_custom_1774532018249{border-top-width: 1px !important;border-right-width: 1px !important;border-bottom-width: 1px !important;border-left-width: 1px !important;}&#8221; border_color_type=&#8221;uncode-palette&#8221; link_to=&#8221;url:https%3A%2F%2Fgo.saily.site%2Faff_c%3Foffer_id%3D101%26aff_id%3D12980|target:_blank&#8221;][vc_single_image media=&#8221;172188&#8243; media_width_use_pixel=&#8221;yes&#8221; alignment=&#8221;center&#8221; shape=&#8221;img-round&#8221; radius=&#8221;xl&#8221; uncode_shortcode_id=&#8221;732091&#8243; media_width_pixel=&#8221;150&#8243;][vc_custom_heading text_size=&#8221;h5&#8243; text_weight=&#8221;500&#8243; badge_style=&#8221;yes&#8221; radius=&#8221;xl&#8221; uncode_shortcode_id=&#8221;167080&#8243; text_color_type=&#8221;uncode-solid&#8221; text_color_solid=&#8221;#0c4f48&#8243; back_color_type=&#8221;uncode-solid&#8221; back_color_solid=&#8221;#e7f0e7&#8243;]<span class=\"text-accent-color\">\u25cf<\/span> 10% zni\u017cki[\/vc_custom_heading][vc_column_text text_lead=&#8221;yes&#8221; uncode_shortcode_id=&#8221;582891&#8243;]Kod rabatowy: <strong>UNITI<\/strong>[\/vc_column_text][\/vc_column_inner][vc_column_inner column_width_percent=&#8221;100&#8243; align_horizontal=&#8221;align_center&#8221; gutter_size=&#8221;2&#8243; override_padding=&#8221;yes&#8221; column_padding=&#8221;2&#8243; overlay_alpha=&#8221;50&#8243; radius=&#8221;lg&#8221; border_color=&#8221;accent&#8221; border_style=&#8221;solid&#8221; shift_x=&#8221;0&#8243; shift_y=&#8221;0&#8243; shift_y_down=&#8221;0&#8243; z_index=&#8221;0&#8243; medium_width=&#8221;4&#8243; mobile_width=&#8221;4&#8243; width=&#8221;1\/4&#8243; uncode_shortcode_id=&#8221;186625&#8243; css=&#8221;.vc_custom_1774532024534{border-top-width: 1px !important;border-right-width: 1px !important;border-bottom-width: 1px !important;border-left-width: 1px !important;}&#8221; border_color_type=&#8221;uncode-palette&#8221; link_to=&#8221;target:_blank&#8221;][\/vc_column_inner][\/vc_row_inner][vc_empty_space empty_h=&#8221;1&#8243;][vc_row_inner row_inner_height_percent=&#8221;0&#8243; overlay_alpha=&#8221;50&#8243; gutter_size=&#8221;3&#8243; shift_y=&#8221;0&#8243; z_index=&#8221;0&#8243; desktop_visibility=&#8221;yes&#8221; medium_visibility=&#8221;yes&#8221; uncode_shortcode_id=&#8221;177044&#8243;][vc_column_inner width=&#8221;1\/1&#8243;][vc_empty_space empty_h=&#8221;2&#8243;][vc_column_text text_lead=&#8221;yes&#8221; uncode_shortcode_id=&#8221;345909&#8243;]Nasi zaufani partnerzy oferuj\u0105 naszym klientom ekskluzywne zni\u017cki na wybrane us\u0142ugi. Ka\u017cdy z nich zosta\u0142 starannie wybrany, poniewa\u017c osobi\u015bcie korzystamy z ich us\u0142ug i ufamy im, wierz\u0105c, \u017ce zapewniaj\u0105 wyj\u0105tkow\u0105 jako\u015b\u0107 i warto\u015b\u0107. Dzi\u0119ki tej wsp\u00f3\u0142pracy nasi klienci zyskuj\u0105 dost\u0119p do ekskluzywnych ofert, zaprojektowanych z my\u015bl\u0105 o ich dobrym samopoczuciu i zaspokajaniu codziennych potrzeb. To nasz spos\u00f3b na rozszerzenie naszych us\u0142ug o dodatkowe korzy\u015bci i sprawdzone rekomendacje wykraczaj\u0105ce poza nasze podstawowe us\u0142ugi.[\/vc_column_text][\/vc_column_inner][\/vc_row_inner][\/vc_column][\/vc_row]<\/p>\n<\/div>","protected":false},"excerpt":{"rendered":"<p>[vc_row unlock_row_content=&#8221;yes&#8221; row_height_percent=&#8221;0&#8243; override_padding=&#8221;yes&#8221; h_padding=&#8221;7&#8243; top_padding=&#8221;5&#8243; bottom_padding=&#8221;5&#8243; overlay_alpha=&#8221;50&#8243; gutter_size=&#8221;4&#8243; column_width_percent=&#8221;100&#8243; shift_y=&#8221;0&#8243; z_index=&#8221;0&#8243; content_parallax=&#8221;0&#8243; uncode_shortcode_id=&#8221;198021&#8243;][vc_column column_width_percent=&#8221;100&#8243; gutter_size=&#8221;2&#8243; overlay_alpha=&#8221;50&#8243; shift_x=&#8221;0&#8243; shift_y=&#8221;0&#8243; shift_y_down=&#8221;0&#8243; [&hellip;]<\/p>\n","protected":false},"author":3,"featured_media":154657,"parent":0,"menu_order":0,"comment_status":"closed","ping_status":"closed","template":"","meta":{"footnotes":""},"class_list":["post-172108","page","type-page","status-publish","has-post-thumbnail","hentry"],"yoast_head":"<!-- This site is optimized with the Yoast SEO plugin v27.1.1 - https:\/\/yoast.com\/product\/yoast-seo-wordpress\/ -->\n<title>Partnerzy - Uniti<\/title>\n<meta name=\"description\" content=\"Uniti App rewolucjonizuje tradycyjne do\u015bwiadczenie przewodnika audio, eliminuj\u0105c potrzeb\u0119 stosowania niepor\u0119cznego, drogiego sprz\u0119tu radiowego.\" \/>\n<meta name=\"robots\" content=\"index, follow, max-snippet:-1, max-image-preview:large, max-video-preview:-1\" \/>\n<link rel=\"canonical\" href=\"https:\/\/uniti.app\/pl\/partners\/\" \/>\n<meta property=\"og:locale\" content=\"pl_PL\" \/>\n<meta property=\"og:type\" content=\"article\" \/>\n<meta property=\"og:title\" content=\"Uniti Partnerzy\" \/>\n<meta property=\"og:description\" content=\"Uniti App rewolucjonizuje tradycyjne do\u015bwiadczenie przewodnika audio, eliminuj\u0105c potrzeb\u0119 stosowania niepor\u0119cznego, drogiego sprz\u0119tu radiowego.\" \/>\n<meta property=\"og:url\" content=\"https:\/\/uniti.app\/pl\/partners\/\" \/>\n<meta property=\"og:site_name\" content=\"Uniti\" \/>\n<meta property=\"article:publisher\" content=\"https:\/\/www.facebook.com\/unitiapp\/\" \/>\n<meta property=\"article:modified_time\" content=\"2026-03-26T13:33:54+00:00\" \/>\n<meta property=\"og:image\" content=\"https:\/\/uniti.app\/wp-content\/uploads\/2025\/03\/home-screen.webp\" \/>\n\t<meta property=\"og:image:width\" content=\"1920\" \/>\n\t<meta property=\"og:image:height\" content=\"1273\" \/>\n\t<meta property=\"og:image:type\" content=\"image\/webp\" \/>\n<meta name=\"twitter:card\" content=\"summary_large_image\" \/>\n<meta name=\"twitter:label1\" content=\"Szacowany czas czytania\" \/>\n\t<meta name=\"twitter:data1\" content=\"3 minuty\" \/>\n<script type=\"application\/ld+json\" class=\"yoast-schema-graph\">{\"@context\":\"https:\/\/schema.org\",\"@graph\":[{\"@type\":\"WebPage\",\"@id\":\"https:\/\/uniti.app\/pl\/partners\/\",\"url\":\"https:\/\/uniti.app\/pl\/partners\/\",\"name\":\"Partnerzy - Uniti\",\"isPartOf\":{\"@id\":\"https:\/\/uniti.app\/pl\/#website\"},\"primaryImageOfPage\":{\"@id\":\"https:\/\/uniti.app\/pl\/partners\/#primaryimage\"},\"image\":{\"@id\":\"https:\/\/uniti.app\/pl\/partners\/#primaryimage\"},\"thumbnailUrl\":\"https:\/\/uniti.app\/wp-content\/uploads\/2025\/02\/uniti-scaled.webp\",\"datePublished\":\"2026-03-10T13:12:35+00:00\",\"dateModified\":\"2026-03-26T13:33:54+00:00\",\"description\":\"Uniti App rewolucjonizuje tradycyjne do\u015bwiadczenie przewodnika audio, eliminuj\u0105c potrzeb\u0119 stosowania niepor\u0119cznego, drogiego sprz\u0119tu radiowego.\",\"breadcrumb\":{\"@id\":\"https:\/\/uniti.app\/pl\/partners\/#breadcrumb\"},\"inLanguage\":\"pl-PL\",\"potentialAction\":[{\"@type\":\"ReadAction\",\"target\":[\"https:\/\/uniti.app\/pl\/partners\/\"]}]},{\"@type\":\"ImageObject\",\"inLanguage\":\"pl-PL\",\"@id\":\"https:\/\/uniti.app\/pl\/partners\/#primaryimage\",\"url\":\"https:\/\/uniti.app\/wp-content\/uploads\/2025\/02\/uniti-scaled.webp\",\"contentUrl\":\"https:\/\/uniti.app\/wp-content\/uploads\/2025\/02\/uniti-scaled.webp\",\"width\":2560,\"height\":1431,\"caption\":\"TourGuide System in your Smartphone\"},{\"@type\":\"BreadcrumbList\",\"@id\":\"https:\/\/uniti.app\/pl\/partners\/#breadcrumb\",\"itemListElement\":[{\"@type\":\"ListItem\",\"position\":1,\"name\":\"Home\",\"item\":\"https:\/\/uniti.app\/pl\/\"},{\"@type\":\"ListItem\",\"position\":2,\"name\":\"Partnerzy\"}]},{\"@type\":\"WebSite\",\"@id\":\"https:\/\/uniti.app\/pl\/#website\",\"url\":\"https:\/\/uniti.app\/pl\/\",\"name\":\"Uniti\",\"description\":\"TourGuide System in your Smartphone\",\"publisher\":{\"@id\":\"https:\/\/uniti.app\/pl\/#organization\"},\"potentialAction\":[{\"@type\":\"SearchAction\",\"target\":{\"@type\":\"EntryPoint\",\"urlTemplate\":\"https:\/\/uniti.app\/pl\/?s={search_term_string}\"},\"query-input\":{\"@type\":\"PropertyValueSpecification\",\"valueRequired\":true,\"valueName\":\"search_term_string\"}}],\"inLanguage\":\"pl-PL\"},{\"@type\":\"Organization\",\"@id\":\"https:\/\/uniti.app\/pl\/#organization\",\"name\":\"Uniti\",\"url\":\"https:\/\/uniti.app\/pl\/\",\"logo\":{\"@type\":\"ImageObject\",\"inLanguage\":\"pl-PL\",\"@id\":\"https:\/\/uniti.app\/pl\/#\/schema\/logo\/image\/\",\"url\":\"https:\/\/uniti.app\/wp-content\/uploads\/2025\/02\/uniti-icon-2.png\",\"contentUrl\":\"https:\/\/uniti.app\/wp-content\/uploads\/2025\/02\/uniti-icon-2.png\",\"width\":226,\"height\":226,\"caption\":\"Uniti\"},\"image\":{\"@id\":\"https:\/\/uniti.app\/pl\/#\/schema\/logo\/image\/\"},\"sameAs\":[\"https:\/\/www.facebook.com\/unitiapp\/\",\"https:\/\/www.instagram.com\/unitiapp\/\"]}]}<\/script>\n<!-- \/ Yoast SEO plugin. -->","yoast_head_json":{"title":"Partnerzy - Uniti","description":"Uniti App rewolucjonizuje tradycyjne do\u015bwiadczenie przewodnika audio, eliminuj\u0105c potrzeb\u0119 stosowania niepor\u0119cznego, drogiego sprz\u0119tu radiowego.","robots":{"index":"index","follow":"follow","max-snippet":"max-snippet:-1","max-image-preview":"max-image-preview:large","max-video-preview":"max-video-preview:-1"},"canonical":"https:\/\/uniti.app\/pl\/partners\/","og_locale":"pl_PL","og_type":"article","og_title":"Uniti Partnerzy","og_description":"Uniti App rewolucjonizuje tradycyjne do\u015bwiadczenie przewodnika audio, eliminuj\u0105c potrzeb\u0119 stosowania niepor\u0119cznego, drogiego sprz\u0119tu radiowego.","og_url":"https:\/\/uniti.app\/pl\/partners\/","og_site_name":"Uniti","article_publisher":"https:\/\/www.facebook.com\/unitiapp\/","article_modified_time":"2026-03-26T13:33:54+00:00","og_image":[{"width":1920,"height":1273,"url":"https:\/\/uniti.app\/wp-content\/uploads\/2025\/03\/home-screen.webp","type":"image\/webp"}],"twitter_card":"summary_large_image","twitter_misc":{"Szacowany czas czytania":"3 minuty"},"schema":{"@context":"https:\/\/schema.org","@graph":[{"@type":"WebPage","@id":"https:\/\/uniti.app\/pl\/partners\/","url":"https:\/\/uniti.app\/pl\/partners\/","name":"Partnerzy - Uniti","isPartOf":{"@id":"https:\/\/uniti.app\/pl\/#website"},"primaryImageOfPage":{"@id":"https:\/\/uniti.app\/pl\/partners\/#primaryimage"},"image":{"@id":"https:\/\/uniti.app\/pl\/partners\/#primaryimage"},"thumbnailUrl":"https:\/\/uniti.app\/wp-content\/uploads\/2025\/02\/uniti-scaled.webp","datePublished":"2026-03-10T13:12:35+00:00","dateModified":"2026-03-26T13:33:54+00:00","description":"Uniti App rewolucjonizuje tradycyjne do\u015bwiadczenie przewodnika audio, eliminuj\u0105c potrzeb\u0119 stosowania niepor\u0119cznego, drogiego sprz\u0119tu radiowego.","breadcrumb":{"@id":"https:\/\/uniti.app\/pl\/partners\/#breadcrumb"},"inLanguage":"pl-PL","potentialAction":[{"@type":"ReadAction","target":["https:\/\/uniti.app\/pl\/partners\/"]}]},{"@type":"ImageObject","inLanguage":"pl-PL","@id":"https:\/\/uniti.app\/pl\/partners\/#primaryimage","url":"https:\/\/uniti.app\/wp-content\/uploads\/2025\/02\/uniti-scaled.webp","contentUrl":"https:\/\/uniti.app\/wp-content\/uploads\/2025\/02\/uniti-scaled.webp","width":2560,"height":1431,"caption":"TourGuide System in your Smartphone"},{"@type":"BreadcrumbList","@id":"https:\/\/uniti.app\/pl\/partners\/#breadcrumb","itemListElement":[{"@type":"ListItem","position":1,"name":"Home","item":"https:\/\/uniti.app\/pl\/"},{"@type":"ListItem","position":2,"name":"Partnerzy"}]},{"@type":"WebSite","@id":"https:\/\/uniti.app\/pl\/#website","url":"https:\/\/uniti.app\/pl\/","name":"Uniti","description":"TourGuide System in your Smartphone","publisher":{"@id":"https:\/\/uniti.app\/pl\/#organization"},"potentialAction":[{"@type":"SearchAction","target":{"@type":"EntryPoint","urlTemplate":"https:\/\/uniti.app\/pl\/?s={search_term_string}"},"query-input":{"@type":"PropertyValueSpecification","valueRequired":true,"valueName":"search_term_string"}}],"inLanguage":"pl-PL"},{"@type":"Organization","@id":"https:\/\/uniti.app\/pl\/#organization","name":"Uniti","url":"https:\/\/uniti.app\/pl\/","logo":{"@type":"ImageObject","inLanguage":"pl-PL","@id":"https:\/\/uniti.app\/pl\/#\/schema\/logo\/image\/","url":"https:\/\/uniti.app\/wp-content\/uploads\/2025\/02\/uniti-icon-2.png","contentUrl":"https:\/\/uniti.app\/wp-content\/uploads\/2025\/02\/uniti-icon-2.png","width":226,"height":226,"caption":"Uniti"},"image":{"@id":"https:\/\/uniti.app\/pl\/#\/schema\/logo\/image\/"},"sameAs":["https:\/\/www.facebook.com\/unitiapp\/","https:\/\/www.instagram.com\/unitiapp\/"]}]}},"_links":{"self":[{"href":"https:\/\/uniti.app\/pl\/wp-json\/wp\/v2\/pages\/172108","targetHints":{"allow":["GET"]}}],"collection":[{"href":"https:\/\/uniti.app\/pl\/wp-json\/wp\/v2\/pages"}],"about":[{"href":"https:\/\/uniti.app\/pl\/wp-json\/wp\/v2\/types\/page"}],"author":[{"embeddable":true,"href":"https:\/\/uniti.app\/pl\/wp-json\/wp\/v2\/users\/3"}],"replies":[{"embeddable":true,"href":"https:\/\/uniti.app\/pl\/wp-json\/wp\/v2\/comments?post=172108"}],"version-history":[{"count":9,"href":"https:\/\/uniti.app\/pl\/wp-json\/wp\/v2\/pages\/172108\/revisions"}],"predecessor-version":[{"id":172309,"href":"https:\/\/uniti.app\/pl\/wp-json\/wp\/v2\/pages\/172108\/revisions\/172309"}],"wp:featuredmedia":[{"embeddable":true,"href":"https:\/\/uniti.app\/pl\/wp-json\/wp\/v2\/media\/154657"}],"wp:attachment":[{"href":"https:\/\/uniti.app\/pl\/wp-json\/wp\/v2\/media?parent=172108"}],"curies":[{"name":"wp","href":"https:\/\/api.w.org\/{rel}","templated":true}]}}