{"id":155420,"date":"2026-01-19T11:43:34","date_gmt":"2026-01-19T11:43:34","guid":{"rendered":"https:\/\/uniti.app\/%eb%ac%b8%ec%a0%9c-%ed%95%b4%ea%b2%b0\/"},"modified":"2026-02-09T18:11:21","modified_gmt":"2026-02-09T18:11:21","slug":"troubleshooting","status":"publish","type":"page","link":"https:\/\/uniti.app\/ko\/troubleshooting\/","title":{"rendered":"\ubb38\uc81c \ud574\uacb0"},"content":{"rendered":"<div class=\"wpb-content-wrapper\"><p>[vc_row unlock_row_content=&#8221;yes&#8221; row_height_percent=&#8221;0&#8243; override_padding=&#8221;yes&#8221; h_padding=&#8221;7&#8243; top_padding=&#8221;5&#8243; bottom_padding=&#8221;3&#8243; overlay_alpha=&#8221;50&#8243; gutter_size=&#8221;4&#8243; column_width_percent=&#8221;100&#8243; shift_y=&#8221;0&#8243; z_index=&#8221;0&#8243; content_parallax=&#8221;0&#8243; uncode_shortcode_id=&#8221;554980&#8243;][vc_column column_width_percent=&#8221;100&#8243; gutter_size=&#8221;4&#8243; overlay_alpha=&#8221;50&#8243; shift_x=&#8221;0&#8243; shift_y=&#8221;0&#8243; shift_y_down=&#8221;0&#8243; z_index=&#8221;0&#8243; medium_width=&#8221;0&#8243; mobile_width=&#8221;0&#8243; width=&#8221;1\/2&#8243; uncode_shortcode_id=&#8221;182665&#8243;][vc_row_inner row_inner_height_percent=&#8221;0&#8243; overlay_alpha=&#8221;50&#8243; gutter_size=&#8221;4&#8243; shift_y=&#8221;0&#8243; z_index=&#8221;0&#8243; limit_content=&#8221;&#8221; uncode_shortcode_id=&#8221;177417&#8243;][vc_column_inner width=&#8221;1\/1&#8243;][vc_custom_heading text_size=&#8221;h5&#8243; text_weight=&#8221;500&#8243; badge_style=&#8221;yes&#8221; radius=&#8221;xl&#8221; uncode_shortcode_id=&#8221;550444&#8243; text_color_type=&#8221;uncode-solid&#8221; text_color_solid=&#8221;#0c4f48&#8243; back_color_type=&#8221;uncode-solid&#8221; back_color_solid=&#8221;#e7f0e7&#8243;]\uc815\ubcf4[\/vc_custom_heading][vc_custom_heading text_size=&#8221;custom&#8221; text_weight=&#8221;300&#8243; uncode_shortcode_id=&#8221;145743&#8243; heading_custom_size=&#8221;clamp(30px,5vw,50px)&#8221;]\ubb38\uc81c \ud574\uacb0 &#8211; Android: \uc571\uc774 \ubc31\uadf8\ub77c\uc6b4\ub4dc\uc5d0\uc11c \uc2e4\ud589 \uc911[\/vc_custom_heading][\/vc_column_inner][\/vc_row_inner][\/vc_column][vc_column width=&#8221;1\/2&#8243;][vc_empty_space empty_h=&#8221;2&#8243;][vc_accordion sign=&#8221;plus&#8221; gutter_simple=&#8221;0&#8243; uncode_shortcode_id=&#8221;810837&#8243; active_tab=&#8221;1&#8243;][vc_accordion_tab gutter_size=&#8221;2&#8243; column_padding=&#8221;2&#8243; title=&#8221;1. \uc571\uc744 \uc885\ub8cc\ud55c \ud6c4 \uc571\uc774 \uaebc\uc9c0\ub294 \uc774\uc720\ub294 \ubb34\uc5c7\uc77c\uae4c\uc694?&#8221; tab_id=&#8221;1768823390-1-99&#8243;][vc_column_text uncode_shortcode_id=&#8221;159706&#8243;]\ucd5c\uc2e0 \uc548\ub4dc\ub85c\uc774\ub4dc \uc2a4\ub9c8\ud2b8\ud3f0\uc740 \ubc30\ud130\ub9ac \uc218\uba85 \uc808\uc57d\uc744 \uc704\ud574 \uae30\ubcf8\uc801\uc73c\ub85c \ubc31\uadf8\ub77c\uc6b4\ub4dc \uc571 \ud65c\ub3d9\uc744 \uc81c\ud55c\ud569\ub2c8\ub2e4. \uc2dc\uc2a4\ud15c\uc740 \ud504\ub85c\uc138\uc2a4\ub97c \uc77c\uc2dc \uc911\uc9c0\ud558\uace0, GPS \ubc0f \ub124\ud2b8\uc6cc\ud06c \uc5f0\uacb0\uc744 \uc81c\ud55c\ud558\uba70, \uc0ac\uc6a9\uc790\uac00 \ub2e4\ub978 \uc571\uc73c\ub85c \uc804\ud658\ud558\uac70\ub098 \ud654\uba74\uc774 \uc7a0\uae38 \ub54c \uc571\uc744 \uc885\ub8cc\ud560 \uc218\ub3c4 \uc788\uc2b5\ub2c8\ub2e4.[\/vc_column_text][\/vc_accordion_tab][vc_accordion_tab gutter_size=&#8221;2&#8243; column_padding=&#8221;2&#8243; title=&#8221;2. \ud575\uc2ec \uc870\uce58: \ubc30\uacbd \uc870\uc0ac \ud5c8\uc6a9&#8221; tab_id=&#8221;1768823390-2-48&#8243;][vc_column_text uncode_shortcode_id=&#8221;127955&#8243;]Uniti\uac00 \ubc31\uadf8\ub77c\uc6b4\ub4dc\uc5d0\uc11c \uc81c\ub300\ub85c \uc791\ub3d9\ud558\ub824\uba74 (\uc608: \uc704\uce58, \uc138\uc158 \ubc0f GPS) \ub2e4\uc74c\uc774 \ud544\uc694\ud569\ub2c8\ub2e4.<\/p>\n<p><strong>\uc77c\ubc18 \uc9c0\uce68(\uc548\ub4dc\ub85c\uc774\ub4dc):<\/strong><\/p>\n<ul>\n<li>\uc124\uc815 \uc571\uc744 \uc5fd\ub2c8\ub2e4.<\/li>\n<li>\uc560\ud50c\ub9ac\ucf00\uc774\uc158(\uc571 \/ \u200b\u200b\uc571 \ubc0f \uc54c\ub9bc)\uc73c\ub85c \uc774\ub3d9\ud558\uc138\uc694.<\/li>\n<li>\uc560\ud50c\ub9ac\ucf00\uc774\uc158 \ubaa9\ub85d\uc5d0\uc11c Uniti\ub97c \uc120\ud0dd\ud558\uc138\uc694.<\/li>\n<li>\ubc30\ud130\ub9ac\/\ubc30\ud130\ub9ac \uc0ac\uc6a9\ub7c9 \uc139\uc158\uc744 \uc5fd\ub2c8\ub2e4.<\/li>\n<li>\ubc30\ud130\ub9ac \ucd5c\uc801\ud654 \uc635\uc158\uc744 \ucc3e\uc544 \ub2e4\uc74c\uacfc \uac19\uc774 \uc124\uc815\ud558\uc138\uc694.<br \/>\n\u2022 \ucd5c\uc801\ud654 \uc548 \ud568 \ub610\ub294<br \/>\n\u2022 \uc81c\ud55c \uc5c6\uc74c.<\/li>\n<\/ul>\n<p>\uc571\uc774 &#8220;\ucd5c\uc801\ud654\ub418\uc9c0 \uc54a\uc74c&#8221;\uc73c\ub85c \ud45c\uc2dc\ub418\uba74 Android\ub294 \ud574\ub2f9 \uc571\uc758 \ubc31\uadf8\ub77c\uc6b4\ub4dc \ud65c\ub3d9\uc744 \uc81c\ud55c\ud558\uc9c0 \uc54a\uc2b5\ub2c8\ub2e4. \uc774\ub294 \uc571 \uc778\ud130\ud398\uc774\uc2a4\ub97c \uc885\ub8cc\ud55c \ud6c4\uc5d0\ub3c4 \uc138\uc158\uacfc \uc54c\ub9bc\uc774 \uacc4\uc18d \uc2e4\ud589\ub418\ub3c4\ub85d \ud558\ub294 \ub370 \ub9e4\uc6b0 \uc911\uc694\ud569\ub2c8\ub2e4.[\/vc_column_text][\/vc_accordion_tab][vc_accordion_tab gutter_size=&#8221;2&#8243; column_padding=&#8221;2&#8243; title=&#8221;3. \ubc30\ud130\ub9ac \uc808\uc57d \uae30\ub2a5 \ub54c\ubb38\uc5d0 \uc571\uc774 \uacc4\uc18d \uc885\ub8cc\ub418\ub294 \uacbd\uc6b0 \uc5b4\ub5bb\uac8c \ud574\uc57c \ud558\ub098\uc694?&#8221; tab_id=&#8221;1768827752864-2-5&#8243;][vc_column_text uncode_shortcode_id=&#8221;171579&#8243;]\ubc30\ud130\ub9ac \ucd5c\uc801\ud654 \uae30\ub2a5\uc744 \ube44\ud65c\uc131\ud654\ud558\ub294 \uac83 \uc678\uc5d0\ub3c4 \uc77c\ubd80 \ud734\ub300\ud3f0(\uc0bc\uc131, \ud654\uc6e8\uc774, \uc0e4\uc624\ubbf8, \uc6d0\ud50c\ub7ec\uc2a4 \ub4f1)\uc740 \uc790\uccb4\uc801\uc778 \uc808\uc804 \uae30\ub2a5\uc744 \uc81c\uacf5\ud569\ub2c8\ub2e4.<\/p>\n<ul>\n<li>\uc2dc\uc2a4\ud15c \ubc30\ud130\ub9ac \uc808\uc57d \uae30\ub2a5(\ubc30\ud130\ub9ac \uc808\uc57d\/\uc808\uc804 \ubaa8\ub4dc)\uc744 \ub044\uc2ed\uc2dc\uc624.<\/li>\n<li>\uc0bc\uc131 \ud734\ub300\ud3f0 \ubc0f \uad00\ub828 \uc2dc\uc2a4\ud15c\uc5d0\uc11c\ub294 &#8220;\uc808\uc804 \uc571&#8221; \/ &#8220;\ubc31\uadf8\ub77c\uc6b4\ub4dc \uc0ac\uc6a9 \uc81c\ud55c&#8221;\uc744 \ud655\uc778\ud558\uace0 \uc790\ub3d9 \uc808\uc804 \ubaa9\ub85d\uc5d0\uc11c Uniti\ub97c \uc81c\uac70\ud558\uc138\uc694.<\/li>\n<li>MIUI\/Huawei\uc5d0\uc11c Uniti\uc758 &#8220;\uc790\ub3d9 \uad00\ub9ac&#8221;\ub97c \ube44\ud65c\uc131\ud654\ud558\uace0 &#8220;\uc790\ub3d9 \uc2e4\ud589&#8221;\/&#8221;\ubc31\uadf8\ub77c\uc6b4\ub4dc\uc5d0\uc11c \uc2e4\ud589&#8221;\uc744 \ud65c\uc131\ud654\ud558\uc138\uc694.<\/li>\n<\/ul>\n<p>\uc774 \uc124\uc815\uc740 \uc77c\uc815 \uc2dc\uac04 \ub3d9\uc548 \uc571\uc774 \uc0ac\uc6a9\ub418\uc9c0 \uc54a\uc73c\uba74 \uc2dc\uc2a4\ud15c\uc774 \uc571\uc744 \uc790\ub3d9\uc73c\ub85c \uc885\ub8cc\ud558\uc9c0 \uc54a\ub3c4\ub85d \ud558\ub294 \ub370 \ub3c4\uc6c0\uc774 \ub429\ub2c8\ub2e4.[\/vc_column_text][\/vc_accordion_tab][vc_accordion_tab gutter_size=&#8221;2&#8243; column_padding=&#8221;2&#8243; title=&#8221;4. \uae30\ud0c0 \ubb38\uc81c\uc810 \ubc0f \ud574\uacb0\ucc45&#8221; tab_id=&#8221;1768828112684-3-0&#8243;][vc_column_text uncode_shortcode_id=&#8221;767104&#8243;]<strong>\ubb38\uc81c:<\/strong><br \/>\n\uc571\uc774 \uc7a0\uc2dc \ubc31\uadf8\ub77c\uc6b4\ub4dc\uc5d0\uc11c \uc2e4\ud589\ub418\uc9c0\ub9cc, \uc5f0\uacb0\uc774 \ub04a\uc5b4\uc9c0\uac70\ub098 GPS \uad00\ub828 \uc791\uc5c5\uc774 \uc911\ub2e8\ub429\ub2c8\ub2e4.<\/p>\n<p><strong>\uc9c4\ub2e8 \uc194\ub8e8\uc158:<\/strong><\/p>\n<ul>\n<li>Uniti\uc5d0 \uc704\uce58 \uad8c\ud55c\uc774 \uc644\uc804\ud788 \ubd80\uc5ec\ub418\uc5c8\ub294\uc9c0 \ud655\uc778\ud558\uc138\uc694. \uc704\uce58 \uad8c\ud55c\uc5d0\uc11c &#8220;\ud56d\uc0c1 \ud5c8\uc6a9&#8221; \ub610\ub294 &#8220;\ud56d\uc0c1 \ud5c8\uc6a9&#8221;\uc73c\ub85c \uc124\uc815\ud574\uc57c \ud569\ub2c8\ub2e4.<\/li>\n<li>\uc77c\ubd80 \uc548\ub4dc\ub85c\uc774\ub4dc \ubaa8\ub378(\ud2b9\ud788 \ucd5c\uc2e0 \ubc84\uc804, \uc608: \uc548\ub4dc\ub85c\uc774\ub4dc 14\/15)\uc5d0\uc11c\ub294 \ucd5c\uc801\ud654 \uae30\ub2a5\uc744 \ube44\ud65c\uc131\ud654\ud588\ub354\ub77c\ub3c4 \uc2dc\uc2a4\ud15c\uc5d0\uc11c \uc571 \uc0ac\uc6a9\uc744 \uc81c\ud55c\ud560 \uc218 \uc788\uc2b5\ub2c8\ub2e4. \uc774 \uacbd\uc6b0 \uc0ac\uc6a9\uc790\ub294 &#8220;\ubc31\uadf8\ub77c\uc6b4\ub4dc \uc0ac\uc6a9 \ud5c8\uc6a9&#8221; \ub610\ub294 &#8220;\ubb34\uc81c\ud55c&#8221;\uc744 \ud65c\uc131\ud654\ud558\uac70\ub098 \ubc30\ud130\ub9ac \uc124\uc815\uc5d0\uc11c \uc218\ub3d9\uc73c\ub85c \ud655\uc778\ud574\uc57c \ud569\ub2c8\ub2e4.<\/li>\n<\/ul>\n<p>[\/vc_column_text][\/vc_accordion_tab][vc_accordion_tab gutter_size=&#8221;2&#8243; column_padding=&#8221;2&#8243; title=&#8221;5. \uc0ac\uc6a9\uc790\ub97c \uc704\ud55c \uac00\uc7a5 \uc911\uc694\ud55c \ub2e8\uacc4 \uc694\uc57d&#8221; tab_id=&#8221;1768828289062-4-3&#8243;][vc_column_text uncode_shortcode_id=&#8221;975809&#8243;]<strong>Uniti \uc571 \uc0ac\uc6a9 \uc2dc:<\/strong><\/p>\n<ul>\n<li>\ud654\uba74\uc744 \uc885\ub8cc\ud55c \ud6c4\uc5d0\ub294 \uc791\ub3d9\ud558\uc9c0 \uc54a\uc2b5\ub2c8\ub2e4.<\/li>\n<li>\uba87 \ubd84 \ud6c4\uc5d0 \uba48\ucda5\ub2c8\ub2e4.<\/li>\n<li>\ubc31\uadf8\ub77c\uc6b4\ub4dc\uc5d0\uc11c GPS \uc5c5\ub370\uc774\ud2b8\ub97c \uc804\uc1a1\ud558\uc9c0 \uc54a\uc2b5\ub2c8\ub2e4.<\/li>\n<\/ul>\n<p>\ubc30\ud130\ub9ac \uc124\uc815\uc5d0\uc11c \uc0ac\uc6a9\uc790\ub294 \ub2e4\uc74c\uc744 \uc218\ud589\ud574\uc57c \ud569\ub2c8\ub2e4.<\/p>\n<ul>\n<li>Uniti\uc758 \ubc30\ud130\ub9ac \ucd5c\uc801\ud654\ub97c \ube44\ud65c\uc131\ud654\ud569\ub2c8\ub2e4(\ubc30\ud130\ub9ac \ucd5c\uc801\ud654 \u2192 \ucd5c\uc801\ud654 \uc548 \ud568 \/ \uc81c\ud55c \uc5c6\uc74c).<\/li>\n<li>\ubc30\ud130\ub9ac \uc808\uc57d \uae30\ub2a5(Battery Saver)\uc744 \ub044\uc138\uc694.<\/li>\n<li>(Opcjonalnie) W systemach producent\u00f3w usun\u0105\u0107 Uniti z listy usypianych\/ograniczanych aplikacji.<\/li>\n<\/ul>\n<p>[\/vc_column_text][\/vc_accordion_tab][\/vc_accordion][\/vc_column][\/vc_row]<\/p>\n<\/div>","protected":false},"excerpt":{"rendered":"<p>[vc_row unlock_row_content=&#8221;yes&#8221; row_height_percent=&#8221;0&#8243; override_padding=&#8221;yes&#8221; h_padding=&#8221;7&#8243; top_padding=&#8221;5&#8243; bottom_padding=&#8221;3&#8243; overlay_alpha=&#8221;50&#8243; gutter_size=&#8221;4&#8243; column_width_percent=&#8221;100&#8243; shift_y=&#8221;0&#8243; z_index=&#8221;0&#8243; content_parallax=&#8221;0&#8243; uncode_shortcode_id=&#8221;554980&#8243;][vc_column column_width_percent=&#8221;100&#8243; gutter_size=&#8221;4&#8243; overlay_alpha=&#8221;50&#8243; shift_x=&#8221;0&#8243; shift_y=&#8221;0&#8243; shift_y_down=&#8221;0&#8243; [&hellip;]<\/p>\n","protected":false},"author":1,"featured_media":0,"parent":0,"menu_order":0,"comment_status":"closed","ping_status":"closed","template":"","meta":{"footnotes":""},"class_list":["post-155420","page","type-page","status-publish","hentry"],"yoast_head":"<!-- This site is optimized with the Yoast SEO plugin v27.1.1 - https:\/\/yoast.com\/product\/yoast-seo-wordpress\/ -->\n<title>\ubb38\uc81c \ud574\uacb0 - Uniti<\/title>\n<meta name=\"robots\" content=\"index, follow, max-snippet:-1, max-image-preview:large, max-video-preview:-1\" \/>\n<link rel=\"canonical\" href=\"https:\/\/uniti.app\/ko\/troubleshooting\/\" \/>\n<meta property=\"og:locale\" content=\"ko_KR\" \/>\n<meta property=\"og:type\" content=\"article\" \/>\n<meta property=\"og:title\" content=\"\ubb38\uc81c \ud574\uacb0 - Uniti\" \/>\n<meta property=\"og:description\" content=\"[vc_row unlock_row_content=&#8221;yes&#8221; row_height_percent=&#8221;0&#8243; override_padding=&#8221;yes&#8221; h_padding=&#8221;7&#8243; top_padding=&#8221;5&#8243; bottom_padding=&#8221;3&#8243; overlay_alpha=&#8221;50&#8243; gutter_size=&#8221;4&#8243; column_width_percent=&#8221;100&#8243; shift_y=&#8221;0&#8243; z_index=&#8221;0&#8243; content_parallax=&#8221;0&#8243; uncode_shortcode_id=&#8221;554980&#8243;][vc_column column_width_percent=&#8221;100&#8243; gutter_size=&#8221;4&#8243; overlay_alpha=&#8221;50&#8243; shift_x=&#8221;0&#8243; shift_y=&#8221;0&#8243; shift_y_down=&#8221;0&#8243; [&hellip;]\" \/>\n<meta property=\"og:url\" content=\"https:\/\/uniti.app\/ko\/troubleshooting\/\" \/>\n<meta property=\"og:site_name\" content=\"Uniti\" \/>\n<meta property=\"article:publisher\" content=\"https:\/\/www.facebook.com\/unitiapp\/\" \/>\n<meta property=\"article:modified_time\" content=\"2026-02-09T18:11:21+00:00\" \/>\n<meta name=\"twitter:card\" content=\"summary_large_image\" \/>\n<meta name=\"twitter:label1\" content=\"\uc608\uc0c1 \ub418\ub294 \ud310\ub3c5 \uc2dc\uac04\" \/>\n\t<meta name=\"twitter:data1\" content=\"3\ubd84\" \/>\n<script type=\"application\/ld+json\" class=\"yoast-schema-graph\">{\"@context\":\"https:\/\/schema.org\",\"@graph\":[{\"@type\":\"WebPage\",\"@id\":\"https:\/\/uniti.app\/ko\/troubleshooting\/\",\"url\":\"https:\/\/uniti.app\/ko\/troubleshooting\/\",\"name\":\"\ubb38\uc81c \ud574\uacb0 - Uniti\",\"isPartOf\":{\"@id\":\"https:\/\/uniti.app\/ko\/#website\"},\"datePublished\":\"2026-01-19T11:43:34+00:00\",\"dateModified\":\"2026-02-09T18:11:21+00:00\",\"breadcrumb\":{\"@id\":\"https:\/\/uniti.app\/ko\/troubleshooting\/#breadcrumb\"},\"inLanguage\":\"ko-KR\",\"potentialAction\":[{\"@type\":\"ReadAction\",\"target\":[\"https:\/\/uniti.app\/ko\/troubleshooting\/\"]}]},{\"@type\":\"BreadcrumbList\",\"@id\":\"https:\/\/uniti.app\/ko\/troubleshooting\/#breadcrumb\",\"itemListElement\":[{\"@type\":\"ListItem\",\"position\":1,\"name\":\"Home\",\"item\":\"https:\/\/uniti.app\/ko\/\"},{\"@type\":\"ListItem\",\"position\":2,\"name\":\"\ubb38\uc81c \ud574\uacb0\"}]},{\"@type\":\"WebSite\",\"@id\":\"https:\/\/uniti.app\/ko\/#website\",\"url\":\"https:\/\/uniti.app\/ko\/\",\"name\":\"Uniti\",\"description\":\"TourGuide System in your Smartphone\",\"publisher\":{\"@id\":\"https:\/\/uniti.app\/ko\/#organization\"},\"potentialAction\":[{\"@type\":\"SearchAction\",\"target\":{\"@type\":\"EntryPoint\",\"urlTemplate\":\"https:\/\/uniti.app\/ko\/?s={search_term_string}\"},\"query-input\":{\"@type\":\"PropertyValueSpecification\",\"valueRequired\":true,\"valueName\":\"search_term_string\"}}],\"inLanguage\":\"ko-KR\"},{\"@type\":\"Organization\",\"@id\":\"https:\/\/uniti.app\/ko\/#organization\",\"name\":\"Uniti\",\"url\":\"https:\/\/uniti.app\/ko\/\",\"logo\":{\"@type\":\"ImageObject\",\"inLanguage\":\"ko-KR\",\"@id\":\"https:\/\/uniti.app\/ko\/#\/schema\/logo\/image\/\",\"url\":\"https:\/\/uniti.app\/wp-content\/uploads\/2025\/02\/uniti-icon-2.png\",\"contentUrl\":\"https:\/\/uniti.app\/wp-content\/uploads\/2025\/02\/uniti-icon-2.png\",\"width\":226,\"height\":226,\"caption\":\"Uniti\"},\"image\":{\"@id\":\"https:\/\/uniti.app\/ko\/#\/schema\/logo\/image\/\"},\"sameAs\":[\"https:\/\/www.facebook.com\/unitiapp\/\",\"https:\/\/www.instagram.com\/unitiapp\/\"]}]}<\/script>\n<!-- \/ Yoast SEO plugin. -->","yoast_head_json":{"title":"\ubb38\uc81c \ud574\uacb0 - Uniti","robots":{"index":"index","follow":"follow","max-snippet":"max-snippet:-1","max-image-preview":"max-image-preview:large","max-video-preview":"max-video-preview:-1"},"canonical":"https:\/\/uniti.app\/ko\/troubleshooting\/","og_locale":"ko_KR","og_type":"article","og_title":"\ubb38\uc81c \ud574\uacb0 - Uniti","og_description":"[vc_row unlock_row_content=&#8221;yes&#8221; row_height_percent=&#8221;0&#8243; override_padding=&#8221;yes&#8221; h_padding=&#8221;7&#8243; top_padding=&#8221;5&#8243; bottom_padding=&#8221;3&#8243; overlay_alpha=&#8221;50&#8243; gutter_size=&#8221;4&#8243; column_width_percent=&#8221;100&#8243; shift_y=&#8221;0&#8243; z_index=&#8221;0&#8243; content_parallax=&#8221;0&#8243; uncode_shortcode_id=&#8221;554980&#8243;][vc_column column_width_percent=&#8221;100&#8243; gutter_size=&#8221;4&#8243; overlay_alpha=&#8221;50&#8243; shift_x=&#8221;0&#8243; shift_y=&#8221;0&#8243; shift_y_down=&#8221;0&#8243; [&hellip;]","og_url":"https:\/\/uniti.app\/ko\/troubleshooting\/","og_site_name":"Uniti","article_publisher":"https:\/\/www.facebook.com\/unitiapp\/","article_modified_time":"2026-02-09T18:11:21+00:00","twitter_card":"summary_large_image","twitter_misc":{"\uc608\uc0c1 \ub418\ub294 \ud310\ub3c5 \uc2dc\uac04":"3\ubd84"},"schema":{"@context":"https:\/\/schema.org","@graph":[{"@type":"WebPage","@id":"https:\/\/uniti.app\/ko\/troubleshooting\/","url":"https:\/\/uniti.app\/ko\/troubleshooting\/","name":"\ubb38\uc81c \ud574\uacb0 - Uniti","isPartOf":{"@id":"https:\/\/uniti.app\/ko\/#website"},"datePublished":"2026-01-19T11:43:34+00:00","dateModified":"2026-02-09T18:11:21+00:00","breadcrumb":{"@id":"https:\/\/uniti.app\/ko\/troubleshooting\/#breadcrumb"},"inLanguage":"ko-KR","potentialAction":[{"@type":"ReadAction","target":["https:\/\/uniti.app\/ko\/troubleshooting\/"]}]},{"@type":"BreadcrumbList","@id":"https:\/\/uniti.app\/ko\/troubleshooting\/#breadcrumb","itemListElement":[{"@type":"ListItem","position":1,"name":"Home","item":"https:\/\/uniti.app\/ko\/"},{"@type":"ListItem","position":2,"name":"\ubb38\uc81c \ud574\uacb0"}]},{"@type":"WebSite","@id":"https:\/\/uniti.app\/ko\/#website","url":"https:\/\/uniti.app\/ko\/","name":"Uniti","description":"TourGuide System in your Smartphone","publisher":{"@id":"https:\/\/uniti.app\/ko\/#organization"},"potentialAction":[{"@type":"SearchAction","target":{"@type":"EntryPoint","urlTemplate":"https:\/\/uniti.app\/ko\/?s={search_term_string}"},"query-input":{"@type":"PropertyValueSpecification","valueRequired":true,"valueName":"search_term_string"}}],"inLanguage":"ko-KR"},{"@type":"Organization","@id":"https:\/\/uniti.app\/ko\/#organization","name":"Uniti","url":"https:\/\/uniti.app\/ko\/","logo":{"@type":"ImageObject","inLanguage":"ko-KR","@id":"https:\/\/uniti.app\/ko\/#\/schema\/logo\/image\/","url":"https:\/\/uniti.app\/wp-content\/uploads\/2025\/02\/uniti-icon-2.png","contentUrl":"https:\/\/uniti.app\/wp-content\/uploads\/2025\/02\/uniti-icon-2.png","width":226,"height":226,"caption":"Uniti"},"image":{"@id":"https:\/\/uniti.app\/ko\/#\/schema\/logo\/image\/"},"sameAs":["https:\/\/www.facebook.com\/unitiapp\/","https:\/\/www.instagram.com\/unitiapp\/"]}]}},"_links":{"self":[{"href":"https:\/\/uniti.app\/ko\/wp-json\/wp\/v2\/pages\/155420","targetHints":{"allow":["GET"]}}],"collection":[{"href":"https:\/\/uniti.app\/ko\/wp-json\/wp\/v2\/pages"}],"about":[{"href":"https:\/\/uniti.app\/ko\/wp-json\/wp\/v2\/types\/page"}],"author":[{"embeddable":true,"href":"https:\/\/uniti.app\/ko\/wp-json\/wp\/v2\/users\/1"}],"replies":[{"embeddable":true,"href":"https:\/\/uniti.app\/ko\/wp-json\/wp\/v2\/comments?post=155420"}],"version-history":[{"count":4,"href":"https:\/\/uniti.app\/ko\/wp-json\/wp\/v2\/pages\/155420\/revisions"}],"predecessor-version":[{"id":155440,"href":"https:\/\/uniti.app\/ko\/wp-json\/wp\/v2\/pages\/155420\/revisions\/155440"}],"wp:attachment":[{"href":"https:\/\/uniti.app\/ko\/wp-json\/wp\/v2\/media?parent=155420"}],"curies":[{"name":"wp","href":"https:\/\/api.w.org\/{rel}","templated":true}]}}