{"id":172091,"date":"2026-03-10T13:12:35","date_gmt":"2026-03-10T13:12:35","guid":{"rendered":"https:\/\/uniti.app\/?page_id=172091"},"modified":"2026-03-26T13:36:30","modified_gmt":"2026-03-26T13:36:30","slug":"partners","status":"publish","type":"page","link":"https:\/\/uniti.app\/it\/partners\/","title":{"rendered":"Partner"},"content":{"rendered":"<div class=\"wpb-content-wrapper\"><p>[vc_row unlock_row_content=&#8221;yes&#8221; row_height_percent=&#8221;0&#8243; override_padding=&#8221;yes&#8221; h_padding=&#8221;7&#8243; top_padding=&#8221;5&#8243; bottom_padding=&#8221;5&#8243; overlay_alpha=&#8221;50&#8243; gutter_size=&#8221;4&#8243; column_width_percent=&#8221;100&#8243; shift_y=&#8221;0&#8243; z_index=&#8221;0&#8243; content_parallax=&#8221;0&#8243; uncode_shortcode_id=&#8221;198021&#8243;][vc_column column_width_percent=&#8221;100&#8243; gutter_size=&#8221;2&#8243; overlay_alpha=&#8221;50&#8243; shift_x=&#8221;0&#8243; shift_y=&#8221;0&#8243; shift_y_down=&#8221;0&#8243; z_index=&#8221;0&#8243; medium_width=&#8221;0&#8243; mobile_width=&#8221;0&#8243; width=&#8221;1\/1&#8243;][vc_row_inner row_inner_height_percent=&#8221;0&#8243; overlay_alpha=&#8221;50&#8243; gutter_size=&#8221;4&#8243; shift_y=&#8221;0&#8243; z_index=&#8221;0&#8243; limit_content=&#8221;&#8221; uncode_shortcode_id=&#8221;171078&#8243;][vc_column_inner column_width_percent=&#8221;100&#8243; gutter_size=&#8221;3&#8243; overlay_alpha=&#8221;50&#8243; shift_x=&#8221;0&#8243; shift_y=&#8221;0&#8243; shift_y_down=&#8221;0&#8243; z_index=&#8221;0&#8243; medium_width=&#8221;0&#8243; mobile_width=&#8221;0&#8243; width=&#8221;1\/1&#8243; uncode_shortcode_id=&#8221;105436&#8243;][vc_custom_heading text_size=&#8221;h5&#8243; text_weight=&#8221;500&#8243; badge_style=&#8221;yes&#8221; radius=&#8221;xl&#8221; uncode_shortcode_id=&#8221;155775&#8243; text_color_type=&#8221;uncode-solid&#8221; text_color_solid=&#8221;#0c4f48&#8243; back_color_type=&#8221;uncode-solid&#8221; back_color_solid=&#8221;#e7f0e7&#8243;]<span class=\"text-accent-color\">\u25cf<\/span> Partner[\/vc_custom_heading][vc_separator sep_color=&#8221;&#8221; uncode_shortcode_id=&#8221;473947&#8243;][\/vc_column_inner][\/vc_row_inner][vc_row_inner][vc_column_inner column_width_percent=&#8221;100&#8243; gutter_size=&#8221;2&#8243; overlay_alpha=&#8221;50&#8243; shift_x=&#8221;0&#8243; shift_y=&#8221;0&#8243; shift_y_down=&#8221;0&#8243; z_index=&#8221;0&#8243; medium_width=&#8221;0&#8243; mobile_width=&#8221;0&#8243; width=&#8221;4\/12&#8243;][vc_custom_heading text_size=&#8221;custom&#8221; text_weight=&#8221;300&#8243; uncode_shortcode_id=&#8221;655862&#8243; heading_custom_size=&#8221;clamp(30px,5vw,50px)&#8221;]Sconti esclusivi per i nostri clienti[\/vc_custom_heading][vc_empty_space empty_h=&#8221;2&#8243; desktop_visibility=&#8221;yes&#8221;][\/vc_column_inner][vc_column_inner column_width_percent=&#8221;100&#8243; gutter_size=&#8221;3&#8243; overlay_alpha=&#8221;50&#8243; shift_x=&#8221;0&#8243; shift_y=&#8221;0&#8243; shift_y_down=&#8221;0&#8243; z_index=&#8221;0&#8243; medium_visibility=&#8221;yes&#8221; medium_width=&#8221;0&#8243; mobile_visibility=&#8221;yes&#8221; mobile_width=&#8221;0&#8243; width=&#8221;2\/12&#8243;][\/vc_column_inner][vc_column_inner column_width_percent=&#8221;100&#8243; gutter_size=&#8221;3&#8243; overlay_alpha=&#8221;50&#8243; shift_x=&#8221;0&#8243; shift_y=&#8221;0&#8243; shift_y_down=&#8221;0&#8243; z_index=&#8221;0&#8243; medium_width=&#8221;0&#8243; mobile_visibility=&#8221;yes&#8221; mobile_width=&#8221;0&#8243; width=&#8221;6\/12&#8243; uncode_shortcode_id=&#8221;176555&#8243;][vc_column_text text_lead=&#8221;yes&#8221; uncode_shortcode_id=&#8221;718138&#8243;]I nostri partner di fiducia offrono sconti esclusivi su servizi selezionati per i nostri clienti. Ogni partner \u00e8 stato accuratamente selezionato perch\u00e9 utilizziamo personalmente i loro servizi e ne abbiamo fiducia, e crediamo che offrano qualit\u00e0 e valore eccezionali. Grazie a queste collaborazioni, i nostri clienti hanno accesso a offerte esclusive pensate per supportare il loro benessere e le loro esigenze quotidiane. \u00c8 il nostro modo di offrire vantaggi aggiuntivi e consigli affidabili che vanno oltre i nostri servizi principali.[\/vc_column_text][\/vc_column_inner][\/vc_row_inner][vc_empty_space empty_h=&#8221;2&#8243;][vc_row_inner row_inner_height_percent=&#8221;0&#8243; overlay_alpha=&#8221;50&#8243; equal_height=&#8221;yes&#8221; gutter_size=&#8221;3&#8243; shift_y=&#8221;0&#8243; z_index=&#8221;0&#8243; uncode_shortcode_id=&#8221;537603&#8243;][vc_column_inner column_width_percent=&#8221;100&#8243; align_horizontal=&#8221;align_center&#8221; gutter_size=&#8221;2&#8243; override_padding=&#8221;yes&#8221; column_padding=&#8221;2&#8243; overlay_alpha=&#8221;50&#8243; radius=&#8221;lg&#8221; border_color=&#8221;accent&#8221; border_style=&#8221;solid&#8221; shift_x=&#8221;0&#8243; shift_y=&#8221;0&#8243; shift_y_down=&#8221;0&#8243; z_index=&#8221;0&#8243; medium_width=&#8221;4&#8243; mobile_width=&#8221;4&#8243; width=&#8221;1\/4&#8243; uncode_shortcode_id=&#8221;139470&#8243; css=&#8221;.vc_custom_1773149023836{border-top-width: 1px !important;border-right-width: 1px !important;border-bottom-width: 1px !important;border-left-width: 1px !important;}&#8221; border_color_type=&#8221;uncode-palette&#8221; link_to=&#8221;url:https%3A%2F%2Fesimo.sng.link%2FDfwtk%2Fpojx%3Fpcn%3Duniti%26_smtype%3D3|target:_blank&#8221;][vc_single_image media=&#8221;172057&#8243; media_width_use_pixel=&#8221;yes&#8221; alignment=&#8221;center&#8221; shape=&#8221;img-round&#8221; radius=&#8221;xl&#8221; uncode_shortcode_id=&#8221;115847&#8243; media_width_pixel=&#8221;150&#8243;][vc_custom_heading text_size=&#8221;h5&#8243; text_weight=&#8221;500&#8243; badge_style=&#8221;yes&#8221; radius=&#8221;xl&#8221; uncode_shortcode_id=&#8221;118586&#8243; text_color_type=&#8221;uncode-solid&#8221; text_color_solid=&#8221;#0c4f48&#8243; back_color_type=&#8221;uncode-solid&#8221; back_color_solid=&#8221;#e7f0e7&#8243;]<span class=\"text-accent-color\">\u25cf<\/span> Sconto del 15%[\/vc_custom_heading][vc_column_text text_lead=&#8221;yes&#8221; uncode_shortcode_id=&#8221;954510&#8243;]Codice sconto: <strong>UNITI<\/strong>[\/vc_column_text][\/vc_column_inner][vc_column_inner column_width_percent=&#8221;100&#8243; align_horizontal=&#8221;align_center&#8221; gutter_size=&#8221;2&#8243; override_padding=&#8221;yes&#8221; column_padding=&#8221;2&#8243; overlay_alpha=&#8221;50&#8243; radius=&#8221;lg&#8221; border_color=&#8221;accent&#8221; border_style=&#8221;solid&#8221; shift_x=&#8221;0&#8243; shift_y=&#8221;0&#8243; shift_y_down=&#8221;0&#8243; z_index=&#8221;0&#8243; medium_width=&#8221;4&#8243; mobile_width=&#8221;4&#8243; width=&#8221;1\/4&#8243; uncode_shortcode_id=&#8221;133577&#8243; css=&#8221;.vc_custom_1773151449279{border-top-width: 1px !important;border-right-width: 1px !important;border-bottom-width: 1px !important;border-left-width: 1px !important;}&#8221; border_color_type=&#8221;uncode-palette&#8221; link_to=&#8221;url:https%3A%2F%2Fholafly.sjv.io%2F9VGX10|target:_blank&#8221;][vc_single_image media=&#8221;171986&#8243; media_width_use_pixel=&#8221;yes&#8221; alignment=&#8221;center&#8221; shape=&#8221;img-round&#8221; radius=&#8221;xl&#8221; uncode_shortcode_id=&#8221;452874&#8243; media_width_pixel=&#8221;150&#8243;][vc_custom_heading text_size=&#8221;h5&#8243; text_weight=&#8221;500&#8243; badge_style=&#8221;yes&#8221; radius=&#8221;xl&#8221; uncode_shortcode_id=&#8221;122162&#8243; text_color_type=&#8221;uncode-solid&#8221; text_color_solid=&#8221;#0c4f48&#8243; back_color_type=&#8221;uncode-solid&#8221; back_color_solid=&#8221;#e7f0e7&#8243;]<span class=\"text-accent-color\">\u25cf<\/span> Sconto del 5%[\/vc_custom_heading][vc_column_text text_lead=&#8221;yes&#8221; uncode_shortcode_id=&#8221;162465&#8243;]Codice sconto: <strong>PPUH<\/strong>[\/vc_column_text][\/vc_column_inner][vc_column_inner column_width_percent=&#8221;100&#8243; align_horizontal=&#8221;align_center&#8221; gutter_size=&#8221;2&#8243; override_padding=&#8221;yes&#8221; column_padding=&#8221;2&#8243; overlay_alpha=&#8221;50&#8243; radius=&#8221;lg&#8221; border_color=&#8221;accent&#8221; border_style=&#8221;solid&#8221; shift_x=&#8221;0&#8243; shift_y=&#8221;0&#8243; shift_y_down=&#8221;0&#8243; z_index=&#8221;0&#8243; medium_width=&#8221;4&#8243; mobile_width=&#8221;4&#8243; width=&#8221;1\/4&#8243; uncode_shortcode_id=&#8221;188423&#8243; css=&#8221;.vc_custom_1774531793117{border-top-width: 1px !important;border-right-width: 1px !important;border-bottom-width: 1px !important;border-left-width: 1px !important;}&#8221; border_color_type=&#8221;uncode-palette&#8221; link_to=&#8221;url:https%3A%2F%2Fgo.saily.site%2Faff_c%3Foffer_id%3D101%26aff_id%3D12980|target:_blank&#8221;][vc_single_image media=&#8221;172193&#8243; media_width_use_pixel=&#8221;yes&#8221; alignment=&#8221;center&#8221; shape=&#8221;img-round&#8221; radius=&#8221;xl&#8221; uncode_shortcode_id=&#8221;732091&#8243; media_width_pixel=&#8221;150&#8243;][vc_custom_heading text_size=&#8221;h5&#8243; text_weight=&#8221;500&#8243; badge_style=&#8221;yes&#8221; radius=&#8221;xl&#8221; uncode_shortcode_id=&#8221;129327&#8243; text_color_type=&#8221;uncode-solid&#8221; text_color_solid=&#8221;#0c4f48&#8243; back_color_type=&#8221;uncode-solid&#8221; back_color_solid=&#8221;#e7f0e7&#8243;]<span class=\"text-accent-color\">\u25cf<\/span> 10% Sconto del[\/vc_custom_heading][vc_column_text text_lead=&#8221;yes&#8221; uncode_shortcode_id=&#8221;145345&#8243;]Codice sconto: <strong>UNITI<\/strong>[\/vc_column_text][\/vc_column_inner][vc_column_inner column_width_percent=&#8221;100&#8243; align_horizontal=&#8221;align_center&#8221; gutter_size=&#8221;2&#8243; override_padding=&#8221;yes&#8221; column_padding=&#8221;2&#8243; overlay_alpha=&#8221;50&#8243; radius=&#8221;lg&#8221; border_color=&#8221;accent&#8221; border_style=&#8221;solid&#8221; shift_x=&#8221;0&#8243; shift_y=&#8221;0&#8243; shift_y_down=&#8221;0&#8243; z_index=&#8221;0&#8243; medium_width=&#8221;4&#8243; mobile_width=&#8221;4&#8243; width=&#8221;1\/4&#8243; uncode_shortcode_id=&#8221;543027&#8243; css=&#8221;.vc_custom_1774531799412{border-top-width: 1px !important;border-right-width: 1px !important;border-bottom-width: 1px !important;border-left-width: 1px !important;}&#8221; border_color_type=&#8221;uncode-palette&#8221; link_to=&#8221;target:_blank&#8221;][\/vc_column_inner][\/vc_row_inner][vc_empty_space empty_h=&#8221;1&#8243;][vc_row_inner row_inner_height_percent=&#8221;0&#8243; overlay_alpha=&#8221;50&#8243; gutter_size=&#8221;3&#8243; shift_y=&#8221;0&#8243; z_index=&#8221;0&#8243; desktop_visibility=&#8221;yes&#8221; medium_visibility=&#8221;yes&#8221; uncode_shortcode_id=&#8221;177044&#8243;][vc_column_inner width=&#8221;1\/1&#8243;][vc_empty_space empty_h=&#8221;2&#8243;][vc_column_text text_lead=&#8221;yes&#8221; uncode_shortcode_id=&#8221;715524&#8243;]I nostri partner di fiducia offrono sconti esclusivi su servizi selezionati per i nostri clienti. Ogni partner \u00e8 stato accuratamente selezionato perch\u00e9 utilizziamo personalmente i loro servizi e ne abbiamo fiducia, e crediamo che offrano qualit\u00e0 e valore eccezionali. Grazie a queste collaborazioni, i nostri clienti hanno accesso a offerte esclusive pensate per supportare il loro benessere e le loro esigenze quotidiane. \u00c8 il nostro modo di offrire vantaggi aggiuntivi e consigli affidabili che vanno oltre i nostri servizi principali.[\/vc_column_text][\/vc_column_inner][\/vc_row_inner][\/vc_column][\/vc_row]<\/p>\n<\/div>","protected":false},"excerpt":{"rendered":"<p>[vc_row unlock_row_content=&#8221;yes&#8221; row_height_percent=&#8221;0&#8243; override_padding=&#8221;yes&#8221; h_padding=&#8221;7&#8243; top_padding=&#8221;5&#8243; bottom_padding=&#8221;5&#8243; overlay_alpha=&#8221;50&#8243; gutter_size=&#8221;4&#8243; column_width_percent=&#8221;100&#8243; shift_y=&#8221;0&#8243; z_index=&#8221;0&#8243; content_parallax=&#8221;0&#8243; uncode_shortcode_id=&#8221;198021&#8243;][vc_column column_width_percent=&#8221;100&#8243; gutter_size=&#8221;2&#8243; overlay_alpha=&#8221;50&#8243; shift_x=&#8221;0&#8243; shift_y=&#8221;0&#8243; shift_y_down=&#8221;0&#8243; [&hellip;]<\/p>\n","protected":false},"author":3,"featured_media":154656,"parent":0,"menu_order":0,"comment_status":"closed","ping_status":"closed","template":"","meta":{"footnotes":""},"class_list":["post-172091","page","type-page","status-publish","has-post-thumbnail","hentry"],"yoast_head":"<!-- This site is optimized with the Yoast SEO plugin v27.1.1 - https:\/\/yoast.com\/product\/yoast-seo-wordpress\/ -->\n<title>Partner - Uniti<\/title>\n<meta name=\"description\" content=\"Uniti App revolutionizes the traditional audio tour guide experience by eliminating the need for bulky, expensive radio-based equipment.\" \/>\n<meta name=\"robots\" content=\"index, follow, max-snippet:-1, max-image-preview:large, max-video-preview:-1\" \/>\n<link rel=\"canonical\" href=\"https:\/\/uniti.app\/it\/partners\/\" \/>\n<meta property=\"og:locale\" content=\"it_IT\" \/>\n<meta property=\"og:type\" content=\"article\" \/>\n<meta property=\"og:title\" content=\"Uniti Partner\" \/>\n<meta property=\"og:description\" content=\"Uniti App revolutionizes the traditional audio tour guide experience by eliminating the need for bulky, expensive radio-based equipment.\" \/>\n<meta property=\"og:url\" content=\"https:\/\/uniti.app\/it\/partners\/\" \/>\n<meta property=\"og:site_name\" content=\"Uniti\" \/>\n<meta property=\"article:publisher\" content=\"https:\/\/www.facebook.com\/unitiapp\/\" \/>\n<meta property=\"article:modified_time\" content=\"2026-03-26T13:36:30+00:00\" \/>\n<meta property=\"og:image\" content=\"https:\/\/uniti.app\/wp-content\/uploads\/2025\/03\/home-screen.webp\" \/>\n\t<meta property=\"og:image:width\" content=\"1920\" \/>\n\t<meta property=\"og:image:height\" content=\"1273\" \/>\n\t<meta property=\"og:image:type\" content=\"image\/webp\" \/>\n<meta name=\"twitter:card\" content=\"summary_large_image\" \/>\n<meta name=\"twitter:label1\" content=\"Tempo di lettura stimato\" \/>\n\t<meta name=\"twitter:data1\" content=\"3 minuti\" \/>\n<script type=\"application\/ld+json\" class=\"yoast-schema-graph\">{\"@context\":\"https:\/\/schema.org\",\"@graph\":[{\"@type\":\"WebPage\",\"@id\":\"https:\/\/uniti.app\/it\/partners\/\",\"url\":\"https:\/\/uniti.app\/it\/partners\/\",\"name\":\"Partner - Uniti\",\"isPartOf\":{\"@id\":\"https:\/\/uniti.app\/it\/#website\"},\"primaryImageOfPage\":{\"@id\":\"https:\/\/uniti.app\/it\/partners\/#primaryimage\"},\"image\":{\"@id\":\"https:\/\/uniti.app\/it\/partners\/#primaryimage\"},\"thumbnailUrl\":\"https:\/\/uniti.app\/wp-content\/uploads\/2025\/02\/uniti-scaled.webp\",\"datePublished\":\"2026-03-10T13:12:35+00:00\",\"dateModified\":\"2026-03-26T13:36:30+00:00\",\"description\":\"Uniti App revolutionizes the traditional audio tour guide experience by eliminating the need for bulky, expensive radio-based equipment.\",\"breadcrumb\":{\"@id\":\"https:\/\/uniti.app\/it\/partners\/#breadcrumb\"},\"inLanguage\":\"it-IT\",\"potentialAction\":[{\"@type\":\"ReadAction\",\"target\":[\"https:\/\/uniti.app\/it\/partners\/\"]}]},{\"@type\":\"ImageObject\",\"inLanguage\":\"it-IT\",\"@id\":\"https:\/\/uniti.app\/it\/partners\/#primaryimage\",\"url\":\"https:\/\/uniti.app\/wp-content\/uploads\/2025\/02\/uniti-scaled.webp\",\"contentUrl\":\"https:\/\/uniti.app\/wp-content\/uploads\/2025\/02\/uniti-scaled.webp\",\"width\":2560,\"height\":1431,\"caption\":\"TourGuide System in your Smartphone\"},{\"@type\":\"BreadcrumbList\",\"@id\":\"https:\/\/uniti.app\/it\/partners\/#breadcrumb\",\"itemListElement\":[{\"@type\":\"ListItem\",\"position\":1,\"name\":\"Home\",\"item\":\"https:\/\/uniti.app\/it\/\"},{\"@type\":\"ListItem\",\"position\":2,\"name\":\"Partner\"}]},{\"@type\":\"WebSite\",\"@id\":\"https:\/\/uniti.app\/it\/#website\",\"url\":\"https:\/\/uniti.app\/it\/\",\"name\":\"Uniti\",\"description\":\"TourGuide System in your Smartphone\",\"publisher\":{\"@id\":\"https:\/\/uniti.app\/it\/#organization\"},\"potentialAction\":[{\"@type\":\"SearchAction\",\"target\":{\"@type\":\"EntryPoint\",\"urlTemplate\":\"https:\/\/uniti.app\/it\/?s={search_term_string}\"},\"query-input\":{\"@type\":\"PropertyValueSpecification\",\"valueRequired\":true,\"valueName\":\"search_term_string\"}}],\"inLanguage\":\"it-IT\"},{\"@type\":\"Organization\",\"@id\":\"https:\/\/uniti.app\/it\/#organization\",\"name\":\"Uniti\",\"url\":\"https:\/\/uniti.app\/it\/\",\"logo\":{\"@type\":\"ImageObject\",\"inLanguage\":\"it-IT\",\"@id\":\"https:\/\/uniti.app\/it\/#\/schema\/logo\/image\/\",\"url\":\"https:\/\/uniti.app\/wp-content\/uploads\/2025\/02\/uniti-icon-2.png\",\"contentUrl\":\"https:\/\/uniti.app\/wp-content\/uploads\/2025\/02\/uniti-icon-2.png\",\"width\":226,\"height\":226,\"caption\":\"Uniti\"},\"image\":{\"@id\":\"https:\/\/uniti.app\/it\/#\/schema\/logo\/image\/\"},\"sameAs\":[\"https:\/\/www.facebook.com\/unitiapp\/\",\"https:\/\/www.instagram.com\/unitiapp\/\"]}]}<\/script>\n<!-- \/ Yoast SEO plugin. -->","yoast_head_json":{"title":"Partner - Uniti","description":"Uniti App revolutionizes the traditional audio tour guide experience by eliminating the need for bulky, expensive radio-based equipment.","robots":{"index":"index","follow":"follow","max-snippet":"max-snippet:-1","max-image-preview":"max-image-preview:large","max-video-preview":"max-video-preview:-1"},"canonical":"https:\/\/uniti.app\/it\/partners\/","og_locale":"it_IT","og_type":"article","og_title":"Uniti Partner","og_description":"Uniti App revolutionizes the traditional audio tour guide experience by eliminating the need for bulky, expensive radio-based equipment.","og_url":"https:\/\/uniti.app\/it\/partners\/","og_site_name":"Uniti","article_publisher":"https:\/\/www.facebook.com\/unitiapp\/","article_modified_time":"2026-03-26T13:36:30+00:00","og_image":[{"width":1920,"height":1273,"url":"https:\/\/uniti.app\/wp-content\/uploads\/2025\/03\/home-screen.webp","type":"image\/webp"}],"twitter_card":"summary_large_image","twitter_misc":{"Tempo di lettura stimato":"3 minuti"},"schema":{"@context":"https:\/\/schema.org","@graph":[{"@type":"WebPage","@id":"https:\/\/uniti.app\/it\/partners\/","url":"https:\/\/uniti.app\/it\/partners\/","name":"Partner - Uniti","isPartOf":{"@id":"https:\/\/uniti.app\/it\/#website"},"primaryImageOfPage":{"@id":"https:\/\/uniti.app\/it\/partners\/#primaryimage"},"image":{"@id":"https:\/\/uniti.app\/it\/partners\/#primaryimage"},"thumbnailUrl":"https:\/\/uniti.app\/wp-content\/uploads\/2025\/02\/uniti-scaled.webp","datePublished":"2026-03-10T13:12:35+00:00","dateModified":"2026-03-26T13:36:30+00:00","description":"Uniti App revolutionizes the traditional audio tour guide experience by eliminating the need for bulky, expensive radio-based equipment.","breadcrumb":{"@id":"https:\/\/uniti.app\/it\/partners\/#breadcrumb"},"inLanguage":"it-IT","potentialAction":[{"@type":"ReadAction","target":["https:\/\/uniti.app\/it\/partners\/"]}]},{"@type":"ImageObject","inLanguage":"it-IT","@id":"https:\/\/uniti.app\/it\/partners\/#primaryimage","url":"https:\/\/uniti.app\/wp-content\/uploads\/2025\/02\/uniti-scaled.webp","contentUrl":"https:\/\/uniti.app\/wp-content\/uploads\/2025\/02\/uniti-scaled.webp","width":2560,"height":1431,"caption":"TourGuide System in your Smartphone"},{"@type":"BreadcrumbList","@id":"https:\/\/uniti.app\/it\/partners\/#breadcrumb","itemListElement":[{"@type":"ListItem","position":1,"name":"Home","item":"https:\/\/uniti.app\/it\/"},{"@type":"ListItem","position":2,"name":"Partner"}]},{"@type":"WebSite","@id":"https:\/\/uniti.app\/it\/#website","url":"https:\/\/uniti.app\/it\/","name":"Uniti","description":"TourGuide System in your Smartphone","publisher":{"@id":"https:\/\/uniti.app\/it\/#organization"},"potentialAction":[{"@type":"SearchAction","target":{"@type":"EntryPoint","urlTemplate":"https:\/\/uniti.app\/it\/?s={search_term_string}"},"query-input":{"@type":"PropertyValueSpecification","valueRequired":true,"valueName":"search_term_string"}}],"inLanguage":"it-IT"},{"@type":"Organization","@id":"https:\/\/uniti.app\/it\/#organization","name":"Uniti","url":"https:\/\/uniti.app\/it\/","logo":{"@type":"ImageObject","inLanguage":"it-IT","@id":"https:\/\/uniti.app\/it\/#\/schema\/logo\/image\/","url":"https:\/\/uniti.app\/wp-content\/uploads\/2025\/02\/uniti-icon-2.png","contentUrl":"https:\/\/uniti.app\/wp-content\/uploads\/2025\/02\/uniti-icon-2.png","width":226,"height":226,"caption":"Uniti"},"image":{"@id":"https:\/\/uniti.app\/it\/#\/schema\/logo\/image\/"},"sameAs":["https:\/\/www.facebook.com\/unitiapp\/","https:\/\/www.instagram.com\/unitiapp\/"]}]}},"_links":{"self":[{"href":"https:\/\/uniti.app\/it\/wp-json\/wp\/v2\/pages\/172091","targetHints":{"allow":["GET"]}}],"collection":[{"href":"https:\/\/uniti.app\/it\/wp-json\/wp\/v2\/pages"}],"about":[{"href":"https:\/\/uniti.app\/it\/wp-json\/wp\/v2\/types\/page"}],"author":[{"embeddable":true,"href":"https:\/\/uniti.app\/it\/wp-json\/wp\/v2\/users\/3"}],"replies":[{"embeddable":true,"href":"https:\/\/uniti.app\/it\/wp-json\/wp\/v2\/comments?post=172091"}],"version-history":[{"count":11,"href":"https:\/\/uniti.app\/it\/wp-json\/wp\/v2\/pages\/172091\/revisions"}],"predecessor-version":[{"id":172312,"href":"https:\/\/uniti.app\/it\/wp-json\/wp\/v2\/pages\/172091\/revisions\/172312"}],"wp:featuredmedia":[{"embeddable":true,"href":"https:\/\/uniti.app\/it\/wp-json\/wp\/v2\/media\/154656"}],"wp:attachment":[{"href":"https:\/\/uniti.app\/it\/wp-json\/wp\/v2\/media?parent=172091"}],"curies":[{"name":"wp","href":"https:\/\/api.w.org\/{rel}","templated":true}]}}