{"id":172082,"date":"2026-03-10T13:12:35","date_gmt":"2026-03-10T13:12:35","guid":{"rendered":"https:\/\/uniti.app\/?page_id=172082"},"modified":"2026-03-26T13:28:17","modified_gmt":"2026-03-26T13:28:17","slug":"partners","status":"publish","type":"page","link":"https:\/\/uniti.app\/fr\/partners\/","title":{"rendered":"Partenaires"},"content":{"rendered":"<div class=\"wpb-content-wrapper\"><p>[vc_row unlock_row_content=\u00a0\u00bbyes\u00a0\u00bb row_height_percent=\u00a0\u00bb0&Prime; override_padding=\u00a0\u00bbyes\u00a0\u00bb h_padding=\u00a0\u00bb7&Prime; top_padding=\u00a0\u00bb5&Prime; bottom_padding=\u00a0\u00bb5&Prime; overlay_alpha=\u00a0\u00bb50&Prime; gutter_size=\u00a0\u00bb4&Prime; column_width_percent=\u00a0\u00bb100&Prime; shift_y=\u00a0\u00bb0&Prime; z_index=\u00a0\u00bb0&Prime; content_parallax=\u00a0\u00bb0&Prime; uncode_shortcode_id=\u00a0\u00bb198021&Prime;][vc_column column_width_percent=\u00a0\u00bb100&Prime; gutter_size=\u00a0\u00bb2&Prime; overlay_alpha=\u00a0\u00bb50&Prime; shift_x=\u00a0\u00bb0&Prime; shift_y=\u00a0\u00bb0&Prime; shift_y_down=\u00a0\u00bb0&Prime; z_index=\u00a0\u00bb0&Prime; medium_width=\u00a0\u00bb0&Prime; mobile_width=\u00a0\u00bb0&Prime; width=\u00a0\u00bb1\/1&Prime;][vc_row_inner row_inner_height_percent=\u00a0\u00bb0&Prime; overlay_alpha=\u00a0\u00bb50&Prime; gutter_size=\u00a0\u00bb4&Prime; shift_y=\u00a0\u00bb0&Prime; z_index=\u00a0\u00bb0&Prime; limit_content=\u00a0\u00bb\u00a0\u00bb uncode_shortcode_id=\u00a0\u00bb171078&Prime;][vc_column_inner column_width_percent=\u00a0\u00bb100&Prime; gutter_size=\u00a0\u00bb3&Prime; overlay_alpha=\u00a0\u00bb50&Prime; shift_x=\u00a0\u00bb0&Prime; shift_y=\u00a0\u00bb0&Prime; shift_y_down=\u00a0\u00bb0&Prime; z_index=\u00a0\u00bb0&Prime; medium_width=\u00a0\u00bb0&Prime; mobile_width=\u00a0\u00bb0&Prime; width=\u00a0\u00bb1\/1&Prime; uncode_shortcode_id=\u00a0\u00bb105436&Prime;][vc_custom_heading text_size=\u00a0\u00bbh5&Prime; text_weight=\u00a0\u00bb500&Prime; badge_style=\u00a0\u00bbyes\u00a0\u00bb radius=\u00a0\u00bbxl\u00a0\u00bb uncode_shortcode_id=\u00a0\u00bb204953&Prime; text_color_type=\u00a0\u00bbuncode-solid\u00a0\u00bb text_color_solid=\u00a0\u00bb#0c4f48&Prime; back_color_type=\u00a0\u00bbuncode-solid\u00a0\u00bb back_color_solid=\u00a0\u00bb#e7f0e7&Prime;]<span class=\"text-accent-color\">\u25cf<\/span> Partenaires[\/vc_custom_heading][vc_separator sep_color=\u00a0\u00bb\u00a0\u00bb uncode_shortcode_id=\u00a0\u00bb473947&Prime;][\/vc_column_inner][\/vc_row_inner][vc_row_inner][vc_column_inner column_width_percent=\u00a0\u00bb100&Prime; gutter_size=\u00a0\u00bb2&Prime; overlay_alpha=\u00a0\u00bb50&Prime; shift_x=\u00a0\u00bb0&Prime; shift_y=\u00a0\u00bb0&Prime; shift_y_down=\u00a0\u00bb0&Prime; z_index=\u00a0\u00bb0&Prime; medium_width=\u00a0\u00bb0&Prime; mobile_width=\u00a0\u00bb0&Prime; width=\u00a0\u00bb4\/12&Prime;][vc_custom_heading text_size=\u00a0\u00bbcustom\u00a0\u00bb text_weight=\u00a0\u00bb300&Prime; uncode_shortcode_id=\u00a0\u00bb797558&Prime; heading_custom_size=\u00a0\u00bbclamp(30px,5vw,50px)\u00a0\u00bb]Remises exclusives offertes par nos partenaires \u00e0 nos clients[\/vc_custom_heading][vc_empty_space empty_h=\u00a0\u00bb2&Prime; desktop_visibility=\u00a0\u00bbyes\u00a0\u00bb][\/vc_column_inner][vc_column_inner column_width_percent=\u00a0\u00bb100&Prime; gutter_size=\u00a0\u00bb3&Prime; overlay_alpha=\u00a0\u00bb50&Prime; shift_x=\u00a0\u00bb0&Prime; shift_y=\u00a0\u00bb0&Prime; shift_y_down=\u00a0\u00bb0&Prime; z_index=\u00a0\u00bb0&Prime; medium_visibility=\u00a0\u00bbyes\u00a0\u00bb medium_width=\u00a0\u00bb0&Prime; mobile_visibility=\u00a0\u00bbyes\u00a0\u00bb mobile_width=\u00a0\u00bb0&Prime; width=\u00a0\u00bb2\/12&Prime;][\/vc_column_inner][vc_column_inner column_width_percent=\u00a0\u00bb100&Prime; gutter_size=\u00a0\u00bb3&Prime; overlay_alpha=\u00a0\u00bb50&Prime; shift_x=\u00a0\u00bb0&Prime; shift_y=\u00a0\u00bb0&Prime; shift_y_down=\u00a0\u00bb0&Prime; z_index=\u00a0\u00bb0&Prime; medium_width=\u00a0\u00bb0&Prime; mobile_visibility=\u00a0\u00bbyes\u00a0\u00bb mobile_width=\u00a0\u00bb0&Prime; width=\u00a0\u00bb6\/12&Prime; uncode_shortcode_id=\u00a0\u00bb176555&Prime;][vc_column_text text_lead=\u00a0\u00bbyes\u00a0\u00bb uncode_shortcode_id=\u00a0\u00bb190248&Prime;]Nos partenaires de confiance offrent \u00e0 nos clients des r\u00e9ductions exclusives sur une s\u00e9lection de services. Chaque partenaire a \u00e9t\u00e9 soigneusement s\u00e9lectionn\u00e9 car nous utilisons et appr\u00e9cions personnellement ses services, et nous sommes convaincus de leur qualit\u00e9 et de leur excellent rapport qualit\u00e9-prix. Gr\u00e2ce \u00e0 ces collaborations, nos clients b\u00e9n\u00e9ficient d&rsquo;offres exclusives con\u00e7ues pour favoriser leur bien-\u00eatre et r\u00e9pondre \u00e0 leurs besoins quotidiens. C&rsquo;est notre fa\u00e7on d&rsquo;offrir des avantages suppl\u00e9mentaires et des recommandations fiables, en compl\u00e9ment de nos services principaux.[\/vc_column_text][\/vc_column_inner][\/vc_row_inner][vc_empty_space empty_h=\u00a0\u00bb2&Prime;][vc_row_inner row_inner_height_percent=\u00a0\u00bb0&Prime; overlay_alpha=\u00a0\u00bb50&Prime; equal_height=\u00a0\u00bbyes\u00a0\u00bb gutter_size=\u00a0\u00bb3&Prime; shift_y=\u00a0\u00bb0&Prime; z_index=\u00a0\u00bb0&Prime; uncode_shortcode_id=\u00a0\u00bb537603&Prime;][vc_column_inner column_width_percent=\u00a0\u00bb100&Prime; align_horizontal=\u00a0\u00bbalign_center\u00a0\u00bb gutter_size=\u00a0\u00bb2&Prime; override_padding=\u00a0\u00bbyes\u00a0\u00bb column_padding=\u00a0\u00bb2&Prime; overlay_alpha=\u00a0\u00bb50&Prime; radius=\u00a0\u00bblg\u00a0\u00bb border_color=\u00a0\u00bbaccent\u00a0\u00bb border_style=\u00a0\u00bbsolid\u00a0\u00bb shift_x=\u00a0\u00bb0&Prime; shift_y=\u00a0\u00bb0&Prime; shift_y_down=\u00a0\u00bb0&Prime; z_index=\u00a0\u00bb0&Prime; medium_width=\u00a0\u00bb4&Prime; mobile_width=\u00a0\u00bb4&Prime; width=\u00a0\u00bb1\/4&Prime; uncode_shortcode_id=\u00a0\u00bb139470&Prime; css=\u00a0\u00bb.vc_custom_1773149023836{border-top-width: 1px !important;border-right-width: 1px !important;border-bottom-width: 1px !important;border-left-width: 1px !important;}\u00a0\u00bb border_color_type=\u00a0\u00bbuncode-palette\u00a0\u00bb link_to=\u00a0\u00bburl:https%3A%2F%2Fesimo.sng.link%2FDfwtk%2Fpojx%3Fpcn%3Duniti%26_smtype%3D3|target:_blank\u00a0\u00bb][vc_single_image media=\u00a0\u00bb172055&Prime; media_width_use_pixel=\u00a0\u00bbyes\u00a0\u00bb alignment=\u00a0\u00bbcenter\u00a0\u00bb shape=\u00a0\u00bbimg-round\u00a0\u00bb radius=\u00a0\u00bbxl\u00a0\u00bb uncode_shortcode_id=\u00a0\u00bb115847&Prime; media_width_pixel=\u00a0\u00bb150&Prime;][vc_custom_heading text_size=\u00a0\u00bbh5&Prime; text_weight=\u00a0\u00bb500&Prime; badge_style=\u00a0\u00bbyes\u00a0\u00bb radius=\u00a0\u00bbxl\u00a0\u00bb uncode_shortcode_id=\u00a0\u00bb364051&Prime; text_color_type=\u00a0\u00bbuncode-solid\u00a0\u00bb text_color_solid=\u00a0\u00bb#0c4f48&Prime; back_color_type=\u00a0\u00bbuncode-solid\u00a0\u00bb back_color_solid=\u00a0\u00bb#e7f0e7&Prime;]<span class=\"text-accent-color\">\u25cf<\/span> 15% de r\u00e9duction[\/vc_custom_heading][vc_column_text text_lead=\u00a0\u00bbyes\u00a0\u00bb uncode_shortcode_id=\u00a0\u00bb703672&Prime;]Code de r\u00e9duction: <strong>UNITI<\/strong>[\/vc_column_text][\/vc_column_inner][vc_column_inner column_width_percent=\u00a0\u00bb100&Prime; align_horizontal=\u00a0\u00bbalign_center\u00a0\u00bb gutter_size=\u00a0\u00bb2&Prime; override_padding=\u00a0\u00bbyes\u00a0\u00bb column_padding=\u00a0\u00bb2&Prime; overlay_alpha=\u00a0\u00bb50&Prime; radius=\u00a0\u00bblg\u00a0\u00bb border_color=\u00a0\u00bbaccent\u00a0\u00bb border_style=\u00a0\u00bbsolid\u00a0\u00bb shift_x=\u00a0\u00bb0&Prime; shift_y=\u00a0\u00bb0&Prime; shift_y_down=\u00a0\u00bb0&Prime; z_index=\u00a0\u00bb0&Prime; medium_width=\u00a0\u00bb4&Prime; mobile_width=\u00a0\u00bb4&Prime; width=\u00a0\u00bb1\/4&Prime; uncode_shortcode_id=\u00a0\u00bb133577&Prime; css=\u00a0\u00bb.vc_custom_1773151449279{border-top-width: 1px !important;border-right-width: 1px !important;border-bottom-width: 1px !important;border-left-width: 1px !important;}\u00a0\u00bb border_color_type=\u00a0\u00bbuncode-palette\u00a0\u00bb link_to=\u00a0\u00bburl:https%3A%2F%2Fholafly.sjv.io%2F9VGX10|target:_blank\u00a0\u00bb][vc_single_image media=\u00a0\u00bb171984&Prime; media_width_use_pixel=\u00a0\u00bbyes\u00a0\u00bb alignment=\u00a0\u00bbcenter\u00a0\u00bb shape=\u00a0\u00bbimg-round\u00a0\u00bb radius=\u00a0\u00bbxl\u00a0\u00bb uncode_shortcode_id=\u00a0\u00bb452874&Prime; media_width_pixel=\u00a0\u00bb150&Prime;][vc_custom_heading text_size=\u00a0\u00bbh5&Prime; text_weight=\u00a0\u00bb500&Prime; badge_style=\u00a0\u00bbyes\u00a0\u00bb radius=\u00a0\u00bbxl\u00a0\u00bb uncode_shortcode_id=\u00a0\u00bb194087&Prime; text_color_type=\u00a0\u00bbuncode-solid\u00a0\u00bb text_color_solid=\u00a0\u00bb#0c4f48&Prime; back_color_type=\u00a0\u00bbuncode-solid\u00a0\u00bb back_color_solid=\u00a0\u00bb#e7f0e7&Prime;]<span class=\"text-accent-color\">\u25cf<\/span> 5% de r\u00e9duction[\/vc_custom_heading][vc_column_text text_lead=\u00a0\u00bbyes\u00a0\u00bb uncode_shortcode_id=\u00a0\u00bb176374&Prime;]Code de r\u00e9duction: <strong>PPUH<\/strong>[\/vc_column_text][\/vc_column_inner][vc_column_inner column_width_percent=\u00a0\u00bb100&Prime; align_horizontal=\u00a0\u00bbalign_center\u00a0\u00bb gutter_size=\u00a0\u00bb2&Prime; override_padding=\u00a0\u00bbyes\u00a0\u00bb column_padding=\u00a0\u00bb2&Prime; overlay_alpha=\u00a0\u00bb50&Prime; radius=\u00a0\u00bblg\u00a0\u00bb border_color=\u00a0\u00bbaccent\u00a0\u00bb border_style=\u00a0\u00bbsolid\u00a0\u00bb shift_x=\u00a0\u00bb0&Prime; shift_y=\u00a0\u00bb0&Prime; shift_y_down=\u00a0\u00bb0&Prime; z_index=\u00a0\u00bb0&Prime; medium_width=\u00a0\u00bb4&Prime; mobile_width=\u00a0\u00bb4&Prime; width=\u00a0\u00bb1\/4&Prime; uncode_shortcode_id=\u00a0\u00bb189923&Prime; css=\u00a0\u00bb.vc_custom_1774531685240{border-top-width: 1px !important;border-right-width: 1px !important;border-bottom-width: 1px !important;border-left-width: 1px !important;}\u00a0\u00bb border_color_type=\u00a0\u00bbuncode-palette\u00a0\u00bb link_to=\u00a0\u00bburl:https%3A%2F%2Fgo.saily.site%2Faff_c%3Foffer_id%3D101%26aff_id%3D12980|target:_blank\u00a0\u00bb][vc_single_image media=\u00a0\u00bb172191&Prime; media_width_use_pixel=\u00a0\u00bbyes\u00a0\u00bb alignment=\u00a0\u00bbcenter\u00a0\u00bb shape=\u00a0\u00bbimg-round\u00a0\u00bb radius=\u00a0\u00bbxl\u00a0\u00bb uncode_shortcode_id=\u00a0\u00bb732091&Prime; media_width_pixel=\u00a0\u00bb150&Prime;][vc_custom_heading text_size=\u00a0\u00bbh5&Prime; text_weight=\u00a0\u00bb500&Prime; badge_style=\u00a0\u00bbyes\u00a0\u00bb radius=\u00a0\u00bbxl\u00a0\u00bb uncode_shortcode_id=\u00a0\u00bb127704&Prime; text_color_type=\u00a0\u00bbuncode-solid\u00a0\u00bb text_color_solid=\u00a0\u00bb#0c4f48&Prime; back_color_type=\u00a0\u00bbuncode-solid\u00a0\u00bb back_color_solid=\u00a0\u00bb#e7f0e7&Prime;]<span class=\"text-accent-color\">\u25cf<\/span> 10% de r\u00e9duction[\/vc_custom_heading][vc_column_text text_lead=\u00a0\u00bbyes\u00a0\u00bb uncode_shortcode_id=\u00a0\u00bb109185&Prime;]Code de r\u00e9duction: <strong>UNITI<\/strong>[\/vc_column_text][\/vc_column_inner][vc_column_inner column_width_percent=\u00a0\u00bb100&Prime; align_horizontal=\u00a0\u00bbalign_center\u00a0\u00bb gutter_size=\u00a0\u00bb2&Prime; override_padding=\u00a0\u00bbyes\u00a0\u00bb column_padding=\u00a0\u00bb2&Prime; overlay_alpha=\u00a0\u00bb50&Prime; radius=\u00a0\u00bblg\u00a0\u00bb border_color=\u00a0\u00bbaccent\u00a0\u00bb border_style=\u00a0\u00bbsolid\u00a0\u00bb shift_x=\u00a0\u00bb0&Prime; shift_y=\u00a0\u00bb0&Prime; shift_y_down=\u00a0\u00bb0&Prime; z_index=\u00a0\u00bb0&Prime; medium_width=\u00a0\u00bb4&Prime; mobile_width=\u00a0\u00bb4&Prime; width=\u00a0\u00bb1\/4&Prime; uncode_shortcode_id=\u00a0\u00bb109849&Prime; css=\u00a0\u00bb.vc_custom_1774531690820{border-top-width: 1px !important;border-right-width: 1px !important;border-bottom-width: 1px !important;border-left-width: 1px !important;}\u00a0\u00bb border_color_type=\u00a0\u00bbuncode-palette\u00a0\u00bb link_to=\u00a0\u00bbtarget:_blank\u00a0\u00bb][\/vc_column_inner][\/vc_row_inner][vc_empty_space empty_h=\u00a0\u00bb1&Prime;][vc_row_inner row_inner_height_percent=\u00a0\u00bb0&Prime; overlay_alpha=\u00a0\u00bb50&Prime; gutter_size=\u00a0\u00bb3&Prime; shift_y=\u00a0\u00bb0&Prime; z_index=\u00a0\u00bb0&Prime; desktop_visibility=\u00a0\u00bbyes\u00a0\u00bb medium_visibility=\u00a0\u00bbyes\u00a0\u00bb uncode_shortcode_id=\u00a0\u00bb177044&Prime;][vc_column_inner width=\u00a0\u00bb1\/1&Prime;][vc_empty_space empty_h=\u00a0\u00bb2&Prime;][vc_column_text text_lead=\u00a0\u00bbyes\u00a0\u00bb uncode_shortcode_id=\u00a0\u00bb516436&Prime;]Nos partenaires de confiance offrent \u00e0 nos clients des r\u00e9ductions exclusives sur une s\u00e9lection de services. Chaque partenaire a \u00e9t\u00e9 soigneusement s\u00e9lectionn\u00e9 car nous utilisons et appr\u00e9cions personnellement ses services, et nous sommes convaincus de leur qualit\u00e9 et de leur excellent rapport qualit\u00e9-prix. Gr\u00e2ce \u00e0 ces collaborations, nos clients b\u00e9n\u00e9ficient d&rsquo;offres exclusives con\u00e7ues pour favoriser leur bien-\u00eatre et r\u00e9pondre \u00e0 leurs besoins quotidiens. C&rsquo;est notre fa\u00e7on d&rsquo;offrir des avantages suppl\u00e9mentaires et des recommandations fiables, en compl\u00e9ment de nos services principaux.[\/vc_column_text][\/vc_column_inner][\/vc_row_inner][\/vc_column][\/vc_row]<\/p>\n<\/div>","protected":false},"excerpt":{"rendered":"<p>[vc_row unlock_row_content=\u00a0\u00bbyes\u00a0\u00bb row_height_percent=\u00a0\u00bb0&Prime; override_padding=\u00a0\u00bbyes\u00a0\u00bb h_padding=\u00a0\u00bb7&Prime; top_padding=\u00a0\u00bb5&Prime; bottom_padding=\u00a0\u00bb5&Prime; overlay_alpha=\u00a0\u00bb50&Prime; gutter_size=\u00a0\u00bb4&Prime; column_width_percent=\u00a0\u00bb100&Prime; shift_y=\u00a0\u00bb0&Prime; z_index=\u00a0\u00bb0&Prime; content_parallax=\u00a0\u00bb0&Prime; uncode_shortcode_id=\u00a0\u00bb198021&Prime;][vc_column column_width_percent=\u00a0\u00bb100&Prime; gutter_size=\u00a0\u00bb2&Prime; overlay_alpha=\u00a0\u00bb50&Prime; shift_x=\u00a0\u00bb0&Prime; shift_y=\u00a0\u00bb0&Prime; shift_y_down=\u00a0\u00bb0&Prime; [&hellip;]<\/p>\n","protected":false},"author":3,"featured_media":155014,"parent":0,"menu_order":0,"comment_status":"closed","ping_status":"closed","template":"","meta":{"footnotes":""},"class_list":["post-172082","page","type-page","status-publish","has-post-thumbnail","hentry"],"yoast_head":"<!-- This site is optimized with the Yoast SEO plugin v27.1.1 - https:\/\/yoast.com\/product\/yoast-seo-wordpress\/ -->\n<title>Partenaires - Uniti<\/title>\n<meta name=\"description\" content=\"Uniti App revolutionizes the traditional audio tour guide experience by eliminating the need for bulky, expensive radio-based equipment.\" \/>\n<meta name=\"robots\" content=\"index, follow, max-snippet:-1, max-image-preview:large, max-video-preview:-1\" \/>\n<link rel=\"canonical\" href=\"https:\/\/uniti.app\/fr\/partners\/\" \/>\n<meta property=\"og:locale\" content=\"fr_FR\" \/>\n<meta property=\"og:type\" content=\"article\" \/>\n<meta property=\"og:title\" content=\"Uniti Partenaires\" \/>\n<meta property=\"og:description\" content=\"Uniti App revolutionizes the traditional audio tour guide experience by eliminating the need for bulky, expensive radio-based equipment.\" \/>\n<meta property=\"og:url\" content=\"https:\/\/uniti.app\/fr\/partners\/\" \/>\n<meta property=\"og:site_name\" content=\"Uniti\" \/>\n<meta property=\"article:publisher\" content=\"https:\/\/www.facebook.com\/unitiapp\/\" \/>\n<meta property=\"article:modified_time\" content=\"2026-03-26T13:28:17+00:00\" \/>\n<meta property=\"og:image\" content=\"https:\/\/uniti.app\/wp-content\/uploads\/2025\/02\/uniti-scaled.webp\" \/>\n\t<meta property=\"og:image:width\" content=\"2560\" \/>\n\t<meta property=\"og:image:height\" content=\"1431\" \/>\n\t<meta property=\"og:image:type\" content=\"image\/webp\" \/>\n<meta name=\"twitter:card\" content=\"summary_large_image\" \/>\n<meta name=\"twitter:label1\" content=\"Dur\u00e9e de lecture estim\u00e9e\" \/>\n\t<meta name=\"twitter:data1\" content=\"3 minutes\" \/>\n<script type=\"application\/ld+json\" class=\"yoast-schema-graph\">{\"@context\":\"https:\/\/schema.org\",\"@graph\":[{\"@type\":\"WebPage\",\"@id\":\"https:\/\/uniti.app\/fr\/partners\/\",\"url\":\"https:\/\/uniti.app\/fr\/partners\/\",\"name\":\"Partenaires - Uniti\",\"isPartOf\":{\"@id\":\"https:\/\/uniti.app\/fr\/#website\"},\"primaryImageOfPage\":{\"@id\":\"https:\/\/uniti.app\/fr\/partners\/#primaryimage\"},\"image\":{\"@id\":\"https:\/\/uniti.app\/fr\/partners\/#primaryimage\"},\"thumbnailUrl\":\"https:\/\/uniti.app\/wp-content\/uploads\/2025\/02\/uniti-scaled.webp\",\"datePublished\":\"2026-03-10T13:12:35+00:00\",\"dateModified\":\"2026-03-26T13:28:17+00:00\",\"description\":\"Uniti App revolutionizes the traditional audio tour guide experience by eliminating the need for bulky, expensive radio-based equipment.\",\"breadcrumb\":{\"@id\":\"https:\/\/uniti.app\/fr\/partners\/#breadcrumb\"},\"inLanguage\":\"fr-FR\",\"potentialAction\":[{\"@type\":\"ReadAction\",\"target\":[\"https:\/\/uniti.app\/fr\/partners\/\"]}]},{\"@type\":\"ImageObject\",\"inLanguage\":\"fr-FR\",\"@id\":\"https:\/\/uniti.app\/fr\/partners\/#primaryimage\",\"url\":\"https:\/\/uniti.app\/wp-content\/uploads\/2025\/02\/uniti-scaled.webp\",\"contentUrl\":\"https:\/\/uniti.app\/wp-content\/uploads\/2025\/02\/uniti-scaled.webp\",\"width\":2560,\"height\":1431,\"caption\":\"TourGuide System in your Smartphone\"},{\"@type\":\"BreadcrumbList\",\"@id\":\"https:\/\/uniti.app\/fr\/partners\/#breadcrumb\",\"itemListElement\":[{\"@type\":\"ListItem\",\"position\":1,\"name\":\"Home\",\"item\":\"https:\/\/uniti.app\/fr\/\"},{\"@type\":\"ListItem\",\"position\":2,\"name\":\"Partenaires\"}]},{\"@type\":\"WebSite\",\"@id\":\"https:\/\/uniti.app\/fr\/#website\",\"url\":\"https:\/\/uniti.app\/fr\/\",\"name\":\"Uniti\",\"description\":\"TourGuide System in your Smartphone\",\"publisher\":{\"@id\":\"https:\/\/uniti.app\/fr\/#organization\"},\"potentialAction\":[{\"@type\":\"SearchAction\",\"target\":{\"@type\":\"EntryPoint\",\"urlTemplate\":\"https:\/\/uniti.app\/fr\/?s={search_term_string}\"},\"query-input\":{\"@type\":\"PropertyValueSpecification\",\"valueRequired\":true,\"valueName\":\"search_term_string\"}}],\"inLanguage\":\"fr-FR\"},{\"@type\":\"Organization\",\"@id\":\"https:\/\/uniti.app\/fr\/#organization\",\"name\":\"Uniti\",\"url\":\"https:\/\/uniti.app\/fr\/\",\"logo\":{\"@type\":\"ImageObject\",\"inLanguage\":\"fr-FR\",\"@id\":\"https:\/\/uniti.app\/fr\/#\/schema\/logo\/image\/\",\"url\":\"https:\/\/uniti.app\/wp-content\/uploads\/2025\/02\/uniti-icon-2.png\",\"contentUrl\":\"https:\/\/uniti.app\/wp-content\/uploads\/2025\/02\/uniti-icon-2.png\",\"width\":226,\"height\":226,\"caption\":\"Uniti\"},\"image\":{\"@id\":\"https:\/\/uniti.app\/fr\/#\/schema\/logo\/image\/\"},\"sameAs\":[\"https:\/\/www.facebook.com\/unitiapp\/\",\"https:\/\/www.instagram.com\/unitiapp\/\"]}]}<\/script>\n<!-- \/ Yoast SEO plugin. -->","yoast_head_json":{"title":"Partenaires - Uniti","description":"Uniti App revolutionizes the traditional audio tour guide experience by eliminating the need for bulky, expensive radio-based equipment.","robots":{"index":"index","follow":"follow","max-snippet":"max-snippet:-1","max-image-preview":"max-image-preview:large","max-video-preview":"max-video-preview:-1"},"canonical":"https:\/\/uniti.app\/fr\/partners\/","og_locale":"fr_FR","og_type":"article","og_title":"Uniti Partenaires","og_description":"Uniti App revolutionizes the traditional audio tour guide experience by eliminating the need for bulky, expensive radio-based equipment.","og_url":"https:\/\/uniti.app\/fr\/partners\/","og_site_name":"Uniti","article_publisher":"https:\/\/www.facebook.com\/unitiapp\/","article_modified_time":"2026-03-26T13:28:17+00:00","og_image":[{"width":2560,"height":1431,"url":"https:\/\/uniti.app\/wp-content\/uploads\/2025\/02\/uniti-scaled.webp","type":"image\/webp"}],"twitter_card":"summary_large_image","twitter_misc":{"Dur\u00e9e de lecture estim\u00e9e":"3 minutes"},"schema":{"@context":"https:\/\/schema.org","@graph":[{"@type":"WebPage","@id":"https:\/\/uniti.app\/fr\/partners\/","url":"https:\/\/uniti.app\/fr\/partners\/","name":"Partenaires - Uniti","isPartOf":{"@id":"https:\/\/uniti.app\/fr\/#website"},"primaryImageOfPage":{"@id":"https:\/\/uniti.app\/fr\/partners\/#primaryimage"},"image":{"@id":"https:\/\/uniti.app\/fr\/partners\/#primaryimage"},"thumbnailUrl":"https:\/\/uniti.app\/wp-content\/uploads\/2025\/02\/uniti-scaled.webp","datePublished":"2026-03-10T13:12:35+00:00","dateModified":"2026-03-26T13:28:17+00:00","description":"Uniti App revolutionizes the traditional audio tour guide experience by eliminating the need for bulky, expensive radio-based equipment.","breadcrumb":{"@id":"https:\/\/uniti.app\/fr\/partners\/#breadcrumb"},"inLanguage":"fr-FR","potentialAction":[{"@type":"ReadAction","target":["https:\/\/uniti.app\/fr\/partners\/"]}]},{"@type":"ImageObject","inLanguage":"fr-FR","@id":"https:\/\/uniti.app\/fr\/partners\/#primaryimage","url":"https:\/\/uniti.app\/wp-content\/uploads\/2025\/02\/uniti-scaled.webp","contentUrl":"https:\/\/uniti.app\/wp-content\/uploads\/2025\/02\/uniti-scaled.webp","width":2560,"height":1431,"caption":"TourGuide System in your Smartphone"},{"@type":"BreadcrumbList","@id":"https:\/\/uniti.app\/fr\/partners\/#breadcrumb","itemListElement":[{"@type":"ListItem","position":1,"name":"Home","item":"https:\/\/uniti.app\/fr\/"},{"@type":"ListItem","position":2,"name":"Partenaires"}]},{"@type":"WebSite","@id":"https:\/\/uniti.app\/fr\/#website","url":"https:\/\/uniti.app\/fr\/","name":"Uniti","description":"TourGuide System in your Smartphone","publisher":{"@id":"https:\/\/uniti.app\/fr\/#organization"},"potentialAction":[{"@type":"SearchAction","target":{"@type":"EntryPoint","urlTemplate":"https:\/\/uniti.app\/fr\/?s={search_term_string}"},"query-input":{"@type":"PropertyValueSpecification","valueRequired":true,"valueName":"search_term_string"}}],"inLanguage":"fr-FR"},{"@type":"Organization","@id":"https:\/\/uniti.app\/fr\/#organization","name":"Uniti","url":"https:\/\/uniti.app\/fr\/","logo":{"@type":"ImageObject","inLanguage":"fr-FR","@id":"https:\/\/uniti.app\/fr\/#\/schema\/logo\/image\/","url":"https:\/\/uniti.app\/wp-content\/uploads\/2025\/02\/uniti-icon-2.png","contentUrl":"https:\/\/uniti.app\/wp-content\/uploads\/2025\/02\/uniti-icon-2.png","width":226,"height":226,"caption":"Uniti"},"image":{"@id":"https:\/\/uniti.app\/fr\/#\/schema\/logo\/image\/"},"sameAs":["https:\/\/www.facebook.com\/unitiapp\/","https:\/\/www.instagram.com\/unitiapp\/"]}]}},"_links":{"self":[{"href":"https:\/\/uniti.app\/fr\/wp-json\/wp\/v2\/pages\/172082","targetHints":{"allow":["GET"]}}],"collection":[{"href":"https:\/\/uniti.app\/fr\/wp-json\/wp\/v2\/pages"}],"about":[{"href":"https:\/\/uniti.app\/fr\/wp-json\/wp\/v2\/types\/page"}],"author":[{"embeddable":true,"href":"https:\/\/uniti.app\/fr\/wp-json\/wp\/v2\/users\/3"}],"replies":[{"embeddable":true,"href":"https:\/\/uniti.app\/fr\/wp-json\/wp\/v2\/comments?post=172082"}],"version-history":[{"count":10,"href":"https:\/\/uniti.app\/fr\/wp-json\/wp\/v2\/pages\/172082\/revisions"}],"predecessor-version":[{"id":172304,"href":"https:\/\/uniti.app\/fr\/wp-json\/wp\/v2\/pages\/172082\/revisions\/172304"}],"wp:featuredmedia":[{"embeddable":true,"href":"https:\/\/uniti.app\/fr\/wp-json\/wp\/v2\/media\/155014"}],"wp:attachment":[{"href":"https:\/\/uniti.app\/fr\/wp-json\/wp\/v2\/media?parent=172082"}],"curies":[{"name":"wp","href":"https:\/\/api.w.org\/{rel}","templated":true}]}}