{"id":155394,"date":"2026-01-19T11:43:34","date_gmt":"2026-01-19T11:43:34","guid":{"rendered":"https:\/\/uniti.app\/resolution-de-problemes\/"},"modified":"2026-02-09T18:08:18","modified_gmt":"2026-02-09T18:08:18","slug":"troubleshooting","status":"publish","type":"page","link":"https:\/\/uniti.app\/fr\/troubleshooting\/","title":{"rendered":"R\u00e9solution de probl\u00e8mes"},"content":{"rendered":"<div class=\"wpb-content-wrapper\"><p>[vc_row unlock_row_content=\u00a0\u00bbyes\u00a0\u00bb row_height_percent=\u00a0\u00bb0&Prime; override_padding=\u00a0\u00bbyes\u00a0\u00bb h_padding=\u00a0\u00bb7&Prime; top_padding=\u00a0\u00bb5&Prime; bottom_padding=\u00a0\u00bb3&Prime; overlay_alpha=\u00a0\u00bb50&Prime; gutter_size=\u00a0\u00bb4&Prime; column_width_percent=\u00a0\u00bb100&Prime; shift_y=\u00a0\u00bb0&Prime; z_index=\u00a0\u00bb0&Prime; content_parallax=\u00a0\u00bb0&Prime; uncode_shortcode_id=\u00a0\u00bb114319&Prime;][vc_column column_width_percent=\u00a0\u00bb100&Prime; gutter_size=\u00a0\u00bb4&Prime; overlay_alpha=\u00a0\u00bb50&Prime; shift_x=\u00a0\u00bb0&Prime; shift_y=\u00a0\u00bb0&Prime; shift_y_down=\u00a0\u00bb0&Prime; z_index=\u00a0\u00bb0&Prime; medium_width=\u00a0\u00bb0&Prime; mobile_width=\u00a0\u00bb0&Prime; width=\u00a0\u00bb1\/2&Prime; uncode_shortcode_id=\u00a0\u00bb182665&Prime;][vc_row_inner row_inner_height_percent=\u00a0\u00bb0&Prime; overlay_alpha=\u00a0\u00bb50&Prime; gutter_size=\u00a0\u00bb4&Prime; shift_y=\u00a0\u00bb0&Prime; z_index=\u00a0\u00bb0&Prime; limit_content=\u00a0\u00bb\u00a0\u00bb uncode_shortcode_id=\u00a0\u00bb177417&Prime;][vc_column_inner width=\u00a0\u00bb1\/1&Prime;][vc_custom_heading text_size=\u00a0\u00bbh5&Prime; text_weight=\u00a0\u00bb500&Prime; badge_style=\u00a0\u00bbyes\u00a0\u00bb radius=\u00a0\u00bbxl\u00a0\u00bb uncode_shortcode_id=\u00a0\u00bb550444&Prime; text_color_type=\u00a0\u00bbuncode-solid\u00a0\u00bb text_color_solid=\u00a0\u00bb#0c4f48&Prime; back_color_type=\u00a0\u00bbuncode-solid\u00a0\u00bb back_color_solid=\u00a0\u00bb#e7f0e7&Prime;]Informations[\/vc_custom_heading][vc_custom_heading text_size=\u00a0\u00bbcustom\u00a0\u00bb text_weight=\u00a0\u00bb300&Prime; uncode_shortcode_id=\u00a0\u00bb145743&Prime; heading_custom_size=\u00a0\u00bbclamp(30px,5vw,50px)\u00a0\u00bb]D\u00e9pannage &#8211; Android : ex\u00e9cution d&rsquo;applications en arri\u00e8re-plan[\/vc_custom_heading][\/vc_column_inner][\/vc_row_inner][\/vc_column][vc_column width=\u00a0\u00bb1\/2&Prime;][vc_empty_space empty_h=\u00a0\u00bb2&Prime;][vc_accordion sign=\u00a0\u00bbplus\u00a0\u00bb gutter_simple=\u00a0\u00bb0&Prime; uncode_shortcode_id=\u00a0\u00bb810837&Prime; active_tab=\u00a0\u00bb1&Prime;][vc_accordion_tab gutter_size=\u00a0\u00bb2&Prime; column_padding=\u00a0\u00bb2&Prime; title=\u00a0\u00bb1. Pourquoi l&rsquo;application se ferme-t-elle lorsque vous la quittez ?\u00a0\u00bb tab_id=\u00a0\u00bb1768823390-1-99&Prime;][vc_column_text uncode_shortcode_id=\u00a0\u00bb159706&Prime;]Par d\u00e9faut, les t\u00e9l\u00e9phones Android modernes limitent l&rsquo;ex\u00e9cution des applications en arri\u00e8re-plan pour \u00e9conomiser la batterie. Le syst\u00e8me peut arr\u00eater des processus, limiter les connexions GPS et r\u00e9seau, et m\u00eame fermer une application lorsque l&rsquo;utilisateur passe \u00e0 une autre application ou que l&rsquo;\u00e9cran est verrouill\u00e9.[\/vc_column_text][\/vc_accordion_tab][vc_accordion_tab gutter_size=\u00a0\u00bb2&Prime; column_padding=\u00a0\u00bb2&Prime; title=\u00a0\u00bb2. action cl\u00e9 : autoriser le travail de fond\u00a0\u00bb tab_id=\u00a0\u00bb1768823390-2-48&Prime;][vc_column_text uncode_shortcode_id=\u00a0\u00bb127955&Prime;]Pour qu&rsquo;Uniti fonctionne correctement en arri\u00e8re-plan (par exemple pour la localisation, les sessions et le GPS) :<\/p>\n<p><strong>Instructions g\u00e9n\u00e9rales (Android) :<\/strong><\/p>\n<ul>\n<li>Ouvrez les param\u00e8tres.<\/li>\n<li>Allez dans Applications (Apps \/ Apps &amp; Notifications).<\/li>\n<li>S\u00e9lectionnez Uniti dans la liste des applications.<\/li>\n<li>Ouvrez la section Batterie \/ Utilisation de la batterie.<\/li>\n<li>Recherchez Optimisation de la batterie \/ Optimisation de la batterie et d\u00e9finissez :<br \/>\n&#8211; Ne pas optimiser \/ Ne pas optimiser ou<br \/>\n&#8211; Sans restriction \/ Sans restriction.<\/li>\n<\/ul>\n<p>Lorsqu&rsquo;une application est marqu\u00e9e comme \u00ab\u00a0non optimis\u00e9e\u00a0\u00bb, Android ne limite pas son travail en arri\u00e8re-plan, ce qui est essentiel pour maintenir les sessions et les notifications en cours d&rsquo;ex\u00e9cution apr\u00e8s avoir quitt\u00e9 l&rsquo;interface de l&rsquo;application.[\/vc_column_text][\/vc_accordion_tab][vc_accordion_tab gutter_size=\u00a0\u00bb2&Prime; column_padding=\u00a0\u00bb2&Prime; title=\u00a0\u00bb3. que faire lorsque l&rsquo;\u00e9conomiseur de batterie arr\u00eate toujours l&rsquo;application ?\u00a0\u00bb tab_id=\u00a0\u00bb1768827752864-2-5&Prime;][vc_column_text uncode_shortcode_id=\u00a0\u00bb171579&Prime;]Outre la d\u00e9sactivation de l&rsquo;optimisation de la batterie, certains t\u00e9l\u00e9phones (Samsung, Huawei, Xiaomi, OnePlus, etc.) disposent de leurs propres m\u00e9canismes d&rsquo;\u00e9conomie d&rsquo;\u00e9nergie :<\/p>\n<ul>\n<li>D\u00e9sactivez l&rsquo;\u00e9conomiseur de batterie du syst\u00e8me (\u00c9conomiseur de batterie \/ Mode d&rsquo;\u00e9conomie d&rsquo;\u00e9nergie).<\/li>\n<li>Sur les t\u00e9l\u00e9phones Samsung et les syst\u00e8mes apparent\u00e9s, v\u00e9rifiez les \u00ab\u00a0Applis en veille\u00a0\u00bb \/ \u00ab\u00a0Limites d&rsquo;utilisation en arri\u00e8re-plan\u00a0\u00bb et supprimez Uniti de la liste de mise en veille automatique.<\/li>\n<li>Dans MIUI\/Huawei, d\u00e9sactivez \u00ab\u00a0G\u00e9rer automatiquement\u00a0\u00bb et activez le lancement automatique \/ l&rsquo;ex\u00e9cution en arri\u00e8re-plan pour Uniti.<\/li>\n<\/ul>\n<p>Ces param\u00e8tres permettent de s&rsquo;assurer que le syst\u00e8me ne \u00ab\u00a0tue\u00a0\u00bb pas les applications apr\u00e8s un moment d&rsquo;inactivit\u00e9.[\/vc_column_text][\/vc_accordion_tab][vc_accordion_tab gutter_size=\u00a0\u00bb2&Prime; column_padding=\u00a0\u00bb2&Prime; title=\u00a0\u00bb4 Autres probl\u00e8mes et solutions\u00a0\u00bb tab_id=\u00a0\u00bb1768828112684-3-0&Prime;][vc_column_text uncode_shortcode_id=\u00a0\u00bb767104&Prime;]<strong>Probl\u00e8me :<br \/>\n<\/strong>L&rsquo;application fonctionne en arri\u00e8re-plan pendant un certain temps, puis perd la connexion ou les t\u00e2ches GPS s&rsquo;interrompent.<\/p>\n<p><strong>Solution de diagnostic :<\/strong><\/p>\n<ul>\n<li>Assurez-vous qu&rsquo;Uniti dispose de toutes les autorisations de localisation : \u00ab\u00a0Toujours autoriser \/ Autoriser tout le temps\u00a0\u00bb dans les autorisations de localisation.<\/li>\n<li>Sur certains mod\u00e8les Android (en particulier les plus r\u00e9cents, par exemple Android 14\/15), m\u00eame si l&rsquo;optimisation est d\u00e9sactiv\u00e9e, le syst\u00e8me peut encore restreindre les applications &#8211; dans ce cas, l&rsquo;utilisateur doit activer \u00ab\u00a0Autoriser l&rsquo;utilisation en arri\u00e8re-plan\u00a0\u00bb \/ \u00ab\u00a0Sans restriction\u00a0\u00bb ou confirmer cela manuellement dans les param\u00e8tres de la batterie.<\/li>\n<\/ul>\n<p>[\/vc_column_text][\/vc_accordion_tab][vc_accordion_tab gutter_size=\u00a0\u00bb2&Prime; column_padding=\u00a0\u00bb2&Prime; title=\u00a0\u00bb5 R\u00e9sum\u00e9 des \u00e9tapes cl\u00e9s pour l&rsquo;utilisateur\u00a0\u00bb tab_id=\u00a0\u00bb1768828289062-4-3&Prime;][vc_column_text uncode_shortcode_id=\u00a0\u00bb975809&Prime;]<strong>Lorsque l&rsquo;application Uniti :<\/strong><\/p>\n<ul>\n<li>ne fonctionne pas lorsque vous quittez l&rsquo;\u00e9cran,<\/li>\n<li>s&rsquo;arr\u00eate apr\u00e8s quelques minutes,<\/li>\n<li>n&rsquo;envoie pas de mises \u00e0 jour GPS en arri\u00e8re-plan,<\/li>\n<\/ul>\n<p><strong>Dans les r\u00e9glages de la batterie, l&rsquo;utilisateur<\/strong> <strong>doit :<\/strong><\/p>\n<ul>\n<li>D\u00e9sactivez l&rsquo;optimisation de la batterie pour Uniti (Optimisation de la batterie \u2192 Ne pas optimiser \/ Sans restriction).<\/li>\n<li>D\u00e9sactivez l&rsquo;\u00e9conomiseur g\u00e9n\u00e9ral de batterie (Battery Saver).<\/li>\n<li>(optionnel) Sur les syst\u00e8mes des fabricants, supprimez Uniti de la liste des applications dormantes\/restreintes.<\/li>\n<\/ul>\n<p>[\/vc_column_text][\/vc_accordion_tab][\/vc_accordion][\/vc_column][\/vc_row]<\/p>\n<\/div>","protected":false},"excerpt":{"rendered":"<p>[vc_row unlock_row_content=\u00a0\u00bbyes\u00a0\u00bb row_height_percent=\u00a0\u00bb0&Prime; override_padding=\u00a0\u00bbyes\u00a0\u00bb h_padding=\u00a0\u00bb7&Prime; top_padding=\u00a0\u00bb5&Prime; bottom_padding=\u00a0\u00bb3&Prime; overlay_alpha=\u00a0\u00bb50&Prime; gutter_size=\u00a0\u00bb4&Prime; column_width_percent=\u00a0\u00bb100&Prime; shift_y=\u00a0\u00bb0&Prime; z_index=\u00a0\u00bb0&Prime; content_parallax=\u00a0\u00bb0&Prime; uncode_shortcode_id=\u00a0\u00bb114319&Prime;][vc_column column_width_percent=\u00a0\u00bb100&Prime; gutter_size=\u00a0\u00bb4&Prime; overlay_alpha=\u00a0\u00bb50&Prime; shift_x=\u00a0\u00bb0&Prime; shift_y=\u00a0\u00bb0&Prime; shift_y_down=\u00a0\u00bb0&Prime; [&hellip;]<\/p>\n","protected":false},"author":1,"featured_media":0,"parent":0,"menu_order":0,"comment_status":"closed","ping_status":"closed","template":"","meta":{"footnotes":""},"class_list":["post-155394","page","type-page","status-publish","hentry"],"yoast_head":"<!-- This site is optimized with the Yoast SEO plugin v27.1.1 - https:\/\/yoast.com\/product\/yoast-seo-wordpress\/ -->\n<title>R\u00e9solution de probl\u00e8mes - Uniti<\/title>\n<meta name=\"robots\" content=\"index, follow, max-snippet:-1, max-image-preview:large, max-video-preview:-1\" \/>\n<link rel=\"canonical\" href=\"https:\/\/uniti.app\/fr\/troubleshooting\/\" \/>\n<meta property=\"og:locale\" content=\"fr_FR\" \/>\n<meta property=\"og:type\" content=\"article\" \/>\n<meta property=\"og:title\" content=\"R\u00e9solution de probl\u00e8mes - Uniti\" \/>\n<meta property=\"og:description\" content=\"[vc_row unlock_row_content=\u00a0\u00bbyes\u00a0\u00bb row_height_percent=\u00a0\u00bb0&Prime; override_padding=\u00a0\u00bbyes\u00a0\u00bb h_padding=\u00a0\u00bb7&Prime; top_padding=\u00a0\u00bb5&Prime; bottom_padding=\u00a0\u00bb3&Prime; overlay_alpha=\u00a0\u00bb50&Prime; gutter_size=\u00a0\u00bb4&Prime; column_width_percent=\u00a0\u00bb100&Prime; shift_y=\u00a0\u00bb0&Prime; z_index=\u00a0\u00bb0&Prime; content_parallax=\u00a0\u00bb0&Prime; uncode_shortcode_id=\u00a0\u00bb114319&Prime;][vc_column column_width_percent=\u00a0\u00bb100&Prime; gutter_size=\u00a0\u00bb4&Prime; overlay_alpha=\u00a0\u00bb50&Prime; shift_x=\u00a0\u00bb0&Prime; shift_y=\u00a0\u00bb0&Prime; shift_y_down=\u00a0\u00bb0&Prime; [&hellip;]\" \/>\n<meta property=\"og:url\" content=\"https:\/\/uniti.app\/fr\/troubleshooting\/\" \/>\n<meta property=\"og:site_name\" content=\"Uniti\" \/>\n<meta property=\"article:publisher\" content=\"https:\/\/www.facebook.com\/unitiapp\/\" \/>\n<meta property=\"article:modified_time\" content=\"2026-02-09T18:08:18+00:00\" \/>\n<meta name=\"twitter:card\" content=\"summary_large_image\" \/>\n<meta name=\"twitter:label1\" content=\"Dur\u00e9e de lecture estim\u00e9e\" \/>\n\t<meta name=\"twitter:data1\" content=\"4 minutes\" \/>\n<script type=\"application\/ld+json\" class=\"yoast-schema-graph\">{\"@context\":\"https:\/\/schema.org\",\"@graph\":[{\"@type\":\"WebPage\",\"@id\":\"https:\/\/uniti.app\/fr\/troubleshooting\/\",\"url\":\"https:\/\/uniti.app\/fr\/troubleshooting\/\",\"name\":\"R\u00e9solution de probl\u00e8mes - Uniti\",\"isPartOf\":{\"@id\":\"https:\/\/uniti.app\/fr\/#website\"},\"datePublished\":\"2026-01-19T11:43:34+00:00\",\"dateModified\":\"2026-02-09T18:08:18+00:00\",\"breadcrumb\":{\"@id\":\"https:\/\/uniti.app\/fr\/troubleshooting\/#breadcrumb\"},\"inLanguage\":\"fr-FR\",\"potentialAction\":[{\"@type\":\"ReadAction\",\"target\":[\"https:\/\/uniti.app\/fr\/troubleshooting\/\"]}]},{\"@type\":\"BreadcrumbList\",\"@id\":\"https:\/\/uniti.app\/fr\/troubleshooting\/#breadcrumb\",\"itemListElement\":[{\"@type\":\"ListItem\",\"position\":1,\"name\":\"Home\",\"item\":\"https:\/\/uniti.app\/fr\/\"},{\"@type\":\"ListItem\",\"position\":2,\"name\":\"R\u00e9solution de probl\u00e8mes\"}]},{\"@type\":\"WebSite\",\"@id\":\"https:\/\/uniti.app\/fr\/#website\",\"url\":\"https:\/\/uniti.app\/fr\/\",\"name\":\"Uniti\",\"description\":\"TourGuide System in your Smartphone\",\"publisher\":{\"@id\":\"https:\/\/uniti.app\/fr\/#organization\"},\"potentialAction\":[{\"@type\":\"SearchAction\",\"target\":{\"@type\":\"EntryPoint\",\"urlTemplate\":\"https:\/\/uniti.app\/fr\/?s={search_term_string}\"},\"query-input\":{\"@type\":\"PropertyValueSpecification\",\"valueRequired\":true,\"valueName\":\"search_term_string\"}}],\"inLanguage\":\"fr-FR\"},{\"@type\":\"Organization\",\"@id\":\"https:\/\/uniti.app\/fr\/#organization\",\"name\":\"Uniti\",\"url\":\"https:\/\/uniti.app\/fr\/\",\"logo\":{\"@type\":\"ImageObject\",\"inLanguage\":\"fr-FR\",\"@id\":\"https:\/\/uniti.app\/fr\/#\/schema\/logo\/image\/\",\"url\":\"https:\/\/uniti.app\/wp-content\/uploads\/2025\/02\/uniti-icon-2.png\",\"contentUrl\":\"https:\/\/uniti.app\/wp-content\/uploads\/2025\/02\/uniti-icon-2.png\",\"width\":226,\"height\":226,\"caption\":\"Uniti\"},\"image\":{\"@id\":\"https:\/\/uniti.app\/fr\/#\/schema\/logo\/image\/\"},\"sameAs\":[\"https:\/\/www.facebook.com\/unitiapp\/\",\"https:\/\/www.instagram.com\/unitiapp\/\"]}]}<\/script>\n<!-- \/ Yoast SEO plugin. -->","yoast_head_json":{"title":"R\u00e9solution de probl\u00e8mes - Uniti","robots":{"index":"index","follow":"follow","max-snippet":"max-snippet:-1","max-image-preview":"max-image-preview:large","max-video-preview":"max-video-preview:-1"},"canonical":"https:\/\/uniti.app\/fr\/troubleshooting\/","og_locale":"fr_FR","og_type":"article","og_title":"R\u00e9solution de probl\u00e8mes - Uniti","og_description":"[vc_row unlock_row_content=\u00a0\u00bbyes\u00a0\u00bb row_height_percent=\u00a0\u00bb0&Prime; override_padding=\u00a0\u00bbyes\u00a0\u00bb h_padding=\u00a0\u00bb7&Prime; top_padding=\u00a0\u00bb5&Prime; bottom_padding=\u00a0\u00bb3&Prime; overlay_alpha=\u00a0\u00bb50&Prime; gutter_size=\u00a0\u00bb4&Prime; column_width_percent=\u00a0\u00bb100&Prime; shift_y=\u00a0\u00bb0&Prime; z_index=\u00a0\u00bb0&Prime; content_parallax=\u00a0\u00bb0&Prime; uncode_shortcode_id=\u00a0\u00bb114319&Prime;][vc_column column_width_percent=\u00a0\u00bb100&Prime; gutter_size=\u00a0\u00bb4&Prime; overlay_alpha=\u00a0\u00bb50&Prime; shift_x=\u00a0\u00bb0&Prime; shift_y=\u00a0\u00bb0&Prime; shift_y_down=\u00a0\u00bb0&Prime; [&hellip;]","og_url":"https:\/\/uniti.app\/fr\/troubleshooting\/","og_site_name":"Uniti","article_publisher":"https:\/\/www.facebook.com\/unitiapp\/","article_modified_time":"2026-02-09T18:08:18+00:00","twitter_card":"summary_large_image","twitter_misc":{"Dur\u00e9e de lecture estim\u00e9e":"4 minutes"},"schema":{"@context":"https:\/\/schema.org","@graph":[{"@type":"WebPage","@id":"https:\/\/uniti.app\/fr\/troubleshooting\/","url":"https:\/\/uniti.app\/fr\/troubleshooting\/","name":"R\u00e9solution de probl\u00e8mes - Uniti","isPartOf":{"@id":"https:\/\/uniti.app\/fr\/#website"},"datePublished":"2026-01-19T11:43:34+00:00","dateModified":"2026-02-09T18:08:18+00:00","breadcrumb":{"@id":"https:\/\/uniti.app\/fr\/troubleshooting\/#breadcrumb"},"inLanguage":"fr-FR","potentialAction":[{"@type":"ReadAction","target":["https:\/\/uniti.app\/fr\/troubleshooting\/"]}]},{"@type":"BreadcrumbList","@id":"https:\/\/uniti.app\/fr\/troubleshooting\/#breadcrumb","itemListElement":[{"@type":"ListItem","position":1,"name":"Home","item":"https:\/\/uniti.app\/fr\/"},{"@type":"ListItem","position":2,"name":"R\u00e9solution de probl\u00e8mes"}]},{"@type":"WebSite","@id":"https:\/\/uniti.app\/fr\/#website","url":"https:\/\/uniti.app\/fr\/","name":"Uniti","description":"TourGuide System in your Smartphone","publisher":{"@id":"https:\/\/uniti.app\/fr\/#organization"},"potentialAction":[{"@type":"SearchAction","target":{"@type":"EntryPoint","urlTemplate":"https:\/\/uniti.app\/fr\/?s={search_term_string}"},"query-input":{"@type":"PropertyValueSpecification","valueRequired":true,"valueName":"search_term_string"}}],"inLanguage":"fr-FR"},{"@type":"Organization","@id":"https:\/\/uniti.app\/fr\/#organization","name":"Uniti","url":"https:\/\/uniti.app\/fr\/","logo":{"@type":"ImageObject","inLanguage":"fr-FR","@id":"https:\/\/uniti.app\/fr\/#\/schema\/logo\/image\/","url":"https:\/\/uniti.app\/wp-content\/uploads\/2025\/02\/uniti-icon-2.png","contentUrl":"https:\/\/uniti.app\/wp-content\/uploads\/2025\/02\/uniti-icon-2.png","width":226,"height":226,"caption":"Uniti"},"image":{"@id":"https:\/\/uniti.app\/fr\/#\/schema\/logo\/image\/"},"sameAs":["https:\/\/www.facebook.com\/unitiapp\/","https:\/\/www.instagram.com\/unitiapp\/"]}]}},"_links":{"self":[{"href":"https:\/\/uniti.app\/fr\/wp-json\/wp\/v2\/pages\/155394","targetHints":{"allow":["GET"]}}],"collection":[{"href":"https:\/\/uniti.app\/fr\/wp-json\/wp\/v2\/pages"}],"about":[{"href":"https:\/\/uniti.app\/fr\/wp-json\/wp\/v2\/types\/page"}],"author":[{"embeddable":true,"href":"https:\/\/uniti.app\/fr\/wp-json\/wp\/v2\/users\/1"}],"replies":[{"embeddable":true,"href":"https:\/\/uniti.app\/fr\/wp-json\/wp\/v2\/comments?post=155394"}],"version-history":[{"count":8,"href":"https:\/\/uniti.app\/fr\/wp-json\/wp\/v2\/pages\/155394\/revisions"}],"predecessor-version":[{"id":155437,"href":"https:\/\/uniti.app\/fr\/wp-json\/wp\/v2\/pages\/155394\/revisions\/155437"}],"wp:attachment":[{"href":"https:\/\/uniti.app\/fr\/wp-json\/wp\/v2\/media?parent=155394"}],"curies":[{"name":"wp","href":"https:\/\/api.w.org\/{rel}","templated":true}]}}