{"id":172087,"date":"2026-03-10T13:12:35","date_gmt":"2026-03-10T13:12:35","guid":{"rendered":"https:\/\/uniti.app\/?page_id=172087"},"modified":"2026-03-26T13:26:10","modified_gmt":"2026-03-26T13:26:10","slug":"partners","status":"publish","type":"page","link":"https:\/\/uniti.app\/de\/partners\/","title":{"rendered":"Partner"},"content":{"rendered":"<div class=\"wpb-content-wrapper\"><p>[vc_row unlock_row_content=&#8220;yes&#8220; row_height_percent=&#8220;0&#8243; override_padding=&#8220;yes&#8220; h_padding=&#8220;7&#8243; top_padding=&#8220;5&#8243; bottom_padding=&#8220;5&#8243; overlay_alpha=&#8220;50&#8243; gutter_size=&#8220;4&#8243; column_width_percent=&#8220;100&#8243; shift_y=&#8220;0&#8243; z_index=&#8220;0&#8243; content_parallax=&#8220;0&#8243; uncode_shortcode_id=&#8220;198021&#8243;][vc_column column_width_percent=&#8220;100&#8243; gutter_size=&#8220;2&#8243; overlay_alpha=&#8220;50&#8243; shift_x=&#8220;0&#8243; shift_y=&#8220;0&#8243; shift_y_down=&#8220;0&#8243; z_index=&#8220;0&#8243; medium_width=&#8220;0&#8243; mobile_width=&#8220;0&#8243; width=&#8220;1\/1&#8243;][vc_row_inner row_inner_height_percent=&#8220;0&#8243; overlay_alpha=&#8220;50&#8243; gutter_size=&#8220;4&#8243; shift_y=&#8220;0&#8243; z_index=&#8220;0&#8243; limit_content=&#8220;&#8220; uncode_shortcode_id=&#8220;171078&#8243;][vc_column_inner column_width_percent=&#8220;100&#8243; gutter_size=&#8220;3&#8243; overlay_alpha=&#8220;50&#8243; shift_x=&#8220;0&#8243; shift_y=&#8220;0&#8243; shift_y_down=&#8220;0&#8243; z_index=&#8220;0&#8243; medium_width=&#8220;0&#8243; mobile_width=&#8220;0&#8243; width=&#8220;1\/1&#8243; uncode_shortcode_id=&#8220;105436&#8243;][vc_custom_heading text_size=&#8220;h5&#8243; text_weight=&#8220;500&#8243; badge_style=&#8220;yes&#8220; radius=&#8220;xl&#8220; uncode_shortcode_id=&#8220;150255&#8243; text_color_type=&#8220;uncode-solid&#8220; text_color_solid=&#8220;#0c4f48&#8243; back_color_type=&#8220;uncode-solid&#8220; back_color_solid=&#8220;#e7f0e7&#8243;]<span class=\"text-accent-color\">\u25cf<\/span> Partner[\/vc_custom_heading][vc_separator sep_color=&#8220;&#8220; uncode_shortcode_id=&#8220;473947&#8243;][\/vc_column_inner][\/vc_row_inner][vc_row_inner][vc_column_inner column_width_percent=&#8220;100&#8243; gutter_size=&#8220;2&#8243; overlay_alpha=&#8220;50&#8243; shift_x=&#8220;0&#8243; shift_y=&#8220;0&#8243; shift_y_down=&#8220;0&#8243; z_index=&#8220;0&#8243; medium_width=&#8220;0&#8243; mobile_width=&#8220;0&#8243; width=&#8220;4\/12&#8243;][vc_custom_heading text_size=&#8220;custom&#8220; text_weight=&#8220;300&#8243; uncode_shortcode_id=&#8220;680252&#8243; heading_custom_size=&#8220;clamp(30px,5vw,50px)&#8220;]Exklusive Partner-Rabatte f\u00fcr unsere Kunden[\/vc_custom_heading][vc_empty_space empty_h=&#8220;2&#8243; desktop_visibility=&#8220;yes&#8220;][\/vc_column_inner][vc_column_inner column_width_percent=&#8220;100&#8243; gutter_size=&#8220;3&#8243; overlay_alpha=&#8220;50&#8243; shift_x=&#8220;0&#8243; shift_y=&#8220;0&#8243; shift_y_down=&#8220;0&#8243; z_index=&#8220;0&#8243; medium_visibility=&#8220;yes&#8220; medium_width=&#8220;0&#8243; mobile_visibility=&#8220;yes&#8220; mobile_width=&#8220;0&#8243; width=&#8220;2\/12&#8243;][\/vc_column_inner][vc_column_inner column_width_percent=&#8220;100&#8243; gutter_size=&#8220;3&#8243; overlay_alpha=&#8220;50&#8243; shift_x=&#8220;0&#8243; shift_y=&#8220;0&#8243; shift_y_down=&#8220;0&#8243; z_index=&#8220;0&#8243; medium_width=&#8220;0&#8243; mobile_visibility=&#8220;yes&#8220; mobile_width=&#8220;0&#8243; width=&#8220;6\/12&#8243; uncode_shortcode_id=&#8220;176555&#8243;][vc_column_text text_lead=&#8220;yes&#8220; uncode_shortcode_id=&#8220;129315&#8243;]Unsere vertrauensw\u00fcrdigen Partner bieten unseren Kunden exklusive Rabatte auf ausgew\u00e4hlte Dienstleistungen. Jeder Partner wurde sorgf\u00e4ltig ausgew\u00e4hlt, da wir seine Dienstleistungen selbst nutzen und ihnen vertrauen. Wir sind \u00fcberzeugt, dass sie au\u00dfergew\u00f6hnliche Qualit\u00e4t und einen hervorragenden Mehrwert bieten. Dank dieser Kooperationen erhalten unsere Kunden Zugang zu exklusiven Angeboten, die ihr Wohlbefinden und ihren Alltag unterst\u00fctzen. So m\u00f6chten wir unseren Kunden \u00fcber unsere Kernleistungen hinaus zus\u00e4tzliche Vorteile und bew\u00e4hrte Empfehlungen bieten.[\/vc_column_text][\/vc_column_inner][\/vc_row_inner][vc_empty_space empty_h=&#8220;2&#8243;][vc_row_inner row_inner_height_percent=&#8220;0&#8243; overlay_alpha=&#8220;50&#8243; equal_height=&#8220;yes&#8220; gutter_size=&#8220;3&#8243; shift_y=&#8220;0&#8243; z_index=&#8220;0&#8243; uncode_shortcode_id=&#8220;537603&#8243;][vc_column_inner column_width_percent=&#8220;100&#8243; align_horizontal=&#8220;align_center&#8220; gutter_size=&#8220;2&#8243; override_padding=&#8220;yes&#8220; column_padding=&#8220;2&#8243; overlay_alpha=&#8220;50&#8243; radius=&#8220;lg&#8220; border_color=&#8220;accent&#8220; border_style=&#8220;solid&#8220; shift_x=&#8220;0&#8243; shift_y=&#8220;0&#8243; shift_y_down=&#8220;0&#8243; z_index=&#8220;0&#8243; medium_width=&#8220;4&#8243; mobile_width=&#8220;4&#8243; width=&#8220;1\/4&#8243; uncode_shortcode_id=&#8220;139470&#8243; css=&#8220;.vc_custom_1773149023836{border-top-width: 1px !important;border-right-width: 1px !important;border-bottom-width: 1px !important;border-left-width: 1px !important;}&#8220; border_color_type=&#8220;uncode-palette&#8220; link_to=&#8220;url:https%3A%2F%2Fesimo.sng.link%2FDfwtk%2Fpojx%3Fpcn%3Duniti%26_smtype%3D3|target:_blank&#8220;][vc_single_image media=&#8220;172056&#8243; media_width_use_pixel=&#8220;yes&#8220; alignment=&#8220;center&#8220; shape=&#8220;img-round&#8220; radius=&#8220;xl&#8220; uncode_shortcode_id=&#8220;115847&#8243; media_width_pixel=&#8220;150&#8243;][vc_custom_heading text_size=&#8220;h5&#8243; text_weight=&#8220;500&#8243; badge_style=&#8220;yes&#8220; radius=&#8220;xl&#8220; uncode_shortcode_id=&#8220;203671&#8243; text_color_type=&#8220;uncode-solid&#8220; text_color_solid=&#8220;#0c4f48&#8243; back_color_type=&#8220;uncode-solid&#8220; back_color_solid=&#8220;#e7f0e7&#8243;]<span class=\"text-accent-color\">\u25cf<\/span> 15% Rabatt[\/vc_custom_heading][vc_column_text text_lead=&#8220;yes&#8220; uncode_shortcode_id=&#8220;159268&#8243;]Rabattcode: <strong>UNITI<\/strong>[\/vc_column_text][\/vc_column_inner][vc_column_inner column_width_percent=&#8220;100&#8243; align_horizontal=&#8220;align_center&#8220; gutter_size=&#8220;2&#8243; override_padding=&#8220;yes&#8220; column_padding=&#8220;2&#8243; overlay_alpha=&#8220;50&#8243; radius=&#8220;lg&#8220; border_color=&#8220;accent&#8220; border_style=&#8220;solid&#8220; shift_x=&#8220;0&#8243; shift_y=&#8220;0&#8243; shift_y_down=&#8220;0&#8243; z_index=&#8220;0&#8243; medium_width=&#8220;4&#8243; mobile_width=&#8220;4&#8243; width=&#8220;1\/4&#8243; uncode_shortcode_id=&#8220;133577&#8243; css=&#8220;.vc_custom_1773151449279{border-top-width: 1px !important;border-right-width: 1px !important;border-bottom-width: 1px !important;border-left-width: 1px !important;}&#8220; border_color_type=&#8220;uncode-palette&#8220; link_to=&#8220;url:https%3A%2F%2Fholafly.sjv.io%2F9VGX10|target:_blank&#8220;][vc_single_image media=&#8220;171985&#8243; media_width_use_pixel=&#8220;yes&#8220; alignment=&#8220;center&#8220; shape=&#8220;img-round&#8220; radius=&#8220;xl&#8220; uncode_shortcode_id=&#8220;452874&#8243; media_width_pixel=&#8220;150&#8243;][vc_custom_heading text_size=&#8220;h5&#8243; text_weight=&#8220;500&#8243; badge_style=&#8220;yes&#8220; radius=&#8220;xl&#8220; uncode_shortcode_id=&#8220;169236&#8243; text_color_type=&#8220;uncode-solid&#8220; text_color_solid=&#8220;#0c4f48&#8243; back_color_type=&#8220;uncode-solid&#8220; back_color_solid=&#8220;#e7f0e7&#8243;]<span class=\"text-accent-color\">\u25cf<\/span> 5% Rabatt[\/vc_custom_heading][vc_column_text text_lead=&#8220;yes&#8220; uncode_shortcode_id=&#8220;170186&#8243;]Rabattcode: <strong>PPUH<\/strong>[\/vc_column_text][\/vc_column_inner][vc_column_inner column_width_percent=&#8220;100&#8243; align_horizontal=&#8220;align_center&#8220; gutter_size=&#8220;2&#8243; override_padding=&#8220;yes&#8220; column_padding=&#8220;2&#8243; overlay_alpha=&#8220;50&#8243; radius=&#8220;lg&#8220; border_color=&#8220;accent&#8220; border_style=&#8220;solid&#8220; shift_x=&#8220;0&#8243; shift_y=&#8220;0&#8243; shift_y_down=&#8220;0&#8243; z_index=&#8220;0&#8243; medium_width=&#8220;4&#8243; mobile_width=&#8220;4&#8243; width=&#8220;1\/4&#8243; uncode_shortcode_id=&#8220;885716&#8243; css=&#8220;.vc_custom_1774531556650{border-top-width: 1px !important;border-right-width: 1px !important;border-bottom-width: 1px !important;border-left-width: 1px !important;}&#8220; border_color_type=&#8220;uncode-palette&#8220; link_to=&#8220;url:https%3A%2F%2Fgo.saily.site%2Faff_c%3Foffer_id%3D101%26aff_id%3D12980|target:_blank&#8220;][vc_single_image media=&#8220;172192&#8243; media_width_use_pixel=&#8220;yes&#8220; alignment=&#8220;center&#8220; shape=&#8220;img-round&#8220; radius=&#8220;xl&#8220; uncode_shortcode_id=&#8220;732091&#8243; media_width_pixel=&#8220;150&#8243;][vc_custom_heading text_size=&#8220;h5&#8243; text_weight=&#8220;500&#8243; badge_style=&#8220;yes&#8220; radius=&#8220;xl&#8220; uncode_shortcode_id=&#8220;127163&#8243; text_color_type=&#8220;uncode-solid&#8220; text_color_solid=&#8220;#0c4f48&#8243; back_color_type=&#8220;uncode-solid&#8220; back_color_solid=&#8220;#e7f0e7&#8243;]<span class=\"text-accent-color\">\u25cf<\/span> 10 % Rabatt[\/vc_custom_heading][vc_column_text text_lead=&#8220;yes&#8220; uncode_shortcode_id=&#8220;414630&#8243;]Rabattcode: <strong>UNITI<\/strong>[\/vc_column_text][\/vc_column_inner][vc_column_inner column_width_percent=&#8220;100&#8243; align_horizontal=&#8220;align_center&#8220; gutter_size=&#8220;2&#8243; override_padding=&#8220;yes&#8220; column_padding=&#8220;2&#8243; overlay_alpha=&#8220;50&#8243; radius=&#8220;lg&#8220; border_color=&#8220;accent&#8220; border_style=&#8220;solid&#8220; shift_x=&#8220;0&#8243; shift_y=&#8220;0&#8243; shift_y_down=&#8220;0&#8243; z_index=&#8220;0&#8243; medium_width=&#8220;4&#8243; mobile_width=&#8220;4&#8243; width=&#8220;1\/4&#8243; uncode_shortcode_id=&#8220;208656&#8243; css=&#8220;.vc_custom_1774531563475{border-top-width: 1px !important;border-right-width: 1px !important;border-bottom-width: 1px !important;border-left-width: 1px !important;}&#8220; border_color_type=&#8220;uncode-palette&#8220; link_to=&#8220;target:_blank&#8220;][\/vc_column_inner][\/vc_row_inner][vc_empty_space empty_h=&#8220;1&#8243;][vc_row_inner row_inner_height_percent=&#8220;0&#8243; overlay_alpha=&#8220;50&#8243; gutter_size=&#8220;3&#8243; shift_y=&#8220;0&#8243; z_index=&#8220;0&#8243; desktop_visibility=&#8220;yes&#8220; medium_visibility=&#8220;yes&#8220; uncode_shortcode_id=&#8220;177044&#8243;][vc_column_inner width=&#8220;1\/1&#8243;][vc_empty_space empty_h=&#8220;2&#8243;][vc_column_text text_lead=&#8220;yes&#8220; uncode_shortcode_id=&#8220;204669&#8243;]Unsere vertrauensw\u00fcrdigen Partner bieten unseren Kunden exklusive Rabatte auf ausgew\u00e4hlte Dienstleistungen. Jeder Partner wurde sorgf\u00e4ltig ausgew\u00e4hlt, da wir seine Dienstleistungen selbst nutzen und ihnen vertrauen. Wir sind \u00fcberzeugt, dass sie au\u00dfergew\u00f6hnliche Qualit\u00e4t und einen hervorragenden Mehrwert bieten. Dank dieser Kooperationen erhalten unsere Kunden Zugang zu exklusiven Angeboten, die ihr Wohlbefinden und ihren Alltag unterst\u00fctzen. So m\u00f6chten wir unseren Kunden \u00fcber unsere Kernleistungen hinaus zus\u00e4tzliche Vorteile und bew\u00e4hrte Empfehlungen bieten.[\/vc_column_text][\/vc_column_inner][\/vc_row_inner][\/vc_column][\/vc_row]<\/p>\n<\/div>","protected":false},"excerpt":{"rendered":"<p>[vc_row unlock_row_content=&#8220;yes&#8220; row_height_percent=&#8220;0&#8243; override_padding=&#8220;yes&#8220; h_padding=&#8220;7&#8243; top_padding=&#8220;5&#8243; bottom_padding=&#8220;5&#8243; overlay_alpha=&#8220;50&#8243; gutter_size=&#8220;4&#8243; column_width_percent=&#8220;100&#8243; shift_y=&#8220;0&#8243; z_index=&#8220;0&#8243; content_parallax=&#8220;0&#8243; uncode_shortcode_id=&#8220;198021&#8243;][vc_column column_width_percent=&#8220;100&#8243; gutter_size=&#8220;2&#8243; overlay_alpha=&#8220;50&#8243; shift_x=&#8220;0&#8243; shift_y=&#8220;0&#8243; shift_y_down=&#8220;0&#8243; [&hellip;]<\/p>\n","protected":false},"author":3,"featured_media":154828,"parent":0,"menu_order":0,"comment_status":"closed","ping_status":"closed","template":"","meta":{"footnotes":""},"class_list":["post-172087","page","type-page","status-publish","has-post-thumbnail","hentry"],"yoast_head":"<!-- This site is optimized with the Yoast SEO plugin v27.1.1 - https:\/\/yoast.com\/product\/yoast-seo-wordpress\/ -->\n<title>Partner - Uniti<\/title>\n<meta name=\"description\" content=\"Uniti App revolutionizes the traditional audio tour guide experience by eliminating the need for bulky, expensive radio-based equipment.\" \/>\n<meta name=\"robots\" content=\"index, follow, max-snippet:-1, max-image-preview:large, max-video-preview:-1\" \/>\n<link rel=\"canonical\" href=\"https:\/\/uniti.app\/de\/partners\/\" \/>\n<meta property=\"og:locale\" content=\"de_DE\" \/>\n<meta property=\"og:type\" content=\"article\" \/>\n<meta property=\"og:title\" content=\"Uniti Partner\" \/>\n<meta property=\"og:description\" content=\"Uniti App revolutionizes the traditional audio tour guide experience by eliminating the need for bulky, expensive radio-based equipment.\" \/>\n<meta property=\"og:url\" content=\"https:\/\/uniti.app\/de\/partners\/\" \/>\n<meta property=\"og:site_name\" content=\"Uniti\" \/>\n<meta property=\"article:publisher\" content=\"https:\/\/www.facebook.com\/unitiapp\/\" \/>\n<meta property=\"article:modified_time\" content=\"2026-03-26T13:26:10+00:00\" \/>\n<meta property=\"og:image\" content=\"https:\/\/uniti.app\/wp-content\/uploads\/2025\/03\/home-screen.webp\" \/>\n\t<meta property=\"og:image:width\" content=\"1920\" \/>\n\t<meta property=\"og:image:height\" content=\"1273\" \/>\n\t<meta property=\"og:image:type\" content=\"image\/webp\" \/>\n<meta name=\"twitter:card\" content=\"summary_large_image\" \/>\n<meta name=\"twitter:label1\" content=\"Gesch\u00e4tzte Lesezeit\" \/>\n\t<meta name=\"twitter:data1\" content=\"3\u00a0Minuten\" \/>\n<script type=\"application\/ld+json\" class=\"yoast-schema-graph\">{\"@context\":\"https:\/\/schema.org\",\"@graph\":[{\"@type\":\"WebPage\",\"@id\":\"https:\/\/uniti.app\/de\/partners\/\",\"url\":\"https:\/\/uniti.app\/de\/partners\/\",\"name\":\"Partner - Uniti\",\"isPartOf\":{\"@id\":\"https:\/\/uniti.app\/de\/#website\"},\"primaryImageOfPage\":{\"@id\":\"https:\/\/uniti.app\/de\/partners\/#primaryimage\"},\"image\":{\"@id\":\"https:\/\/uniti.app\/de\/partners\/#primaryimage\"},\"thumbnailUrl\":\"https:\/\/uniti.app\/wp-content\/uploads\/2025\/02\/uniti-scaled.webp\",\"datePublished\":\"2026-03-10T13:12:35+00:00\",\"dateModified\":\"2026-03-26T13:26:10+00:00\",\"description\":\"Uniti App revolutionizes the traditional audio tour guide experience by eliminating the need for bulky, expensive radio-based equipment.\",\"breadcrumb\":{\"@id\":\"https:\/\/uniti.app\/de\/partners\/#breadcrumb\"},\"inLanguage\":\"de\",\"potentialAction\":[{\"@type\":\"ReadAction\",\"target\":[\"https:\/\/uniti.app\/de\/partners\/\"]}]},{\"@type\":\"ImageObject\",\"inLanguage\":\"de\",\"@id\":\"https:\/\/uniti.app\/de\/partners\/#primaryimage\",\"url\":\"https:\/\/uniti.app\/wp-content\/uploads\/2025\/02\/uniti-scaled.webp\",\"contentUrl\":\"https:\/\/uniti.app\/wp-content\/uploads\/2025\/02\/uniti-scaled.webp\",\"width\":2560,\"height\":1431,\"caption\":\"TourGuide System in your Smartphone\"},{\"@type\":\"BreadcrumbList\",\"@id\":\"https:\/\/uniti.app\/de\/partners\/#breadcrumb\",\"itemListElement\":[{\"@type\":\"ListItem\",\"position\":1,\"name\":\"Home\",\"item\":\"https:\/\/uniti.app\/de\/\"},{\"@type\":\"ListItem\",\"position\":2,\"name\":\"Partner\"}]},{\"@type\":\"WebSite\",\"@id\":\"https:\/\/uniti.app\/de\/#website\",\"url\":\"https:\/\/uniti.app\/de\/\",\"name\":\"Uniti\",\"description\":\"TourGuide System in your Smartphone\",\"publisher\":{\"@id\":\"https:\/\/uniti.app\/de\/#organization\"},\"potentialAction\":[{\"@type\":\"SearchAction\",\"target\":{\"@type\":\"EntryPoint\",\"urlTemplate\":\"https:\/\/uniti.app\/de\/?s={search_term_string}\"},\"query-input\":{\"@type\":\"PropertyValueSpecification\",\"valueRequired\":true,\"valueName\":\"search_term_string\"}}],\"inLanguage\":\"de\"},{\"@type\":\"Organization\",\"@id\":\"https:\/\/uniti.app\/de\/#organization\",\"name\":\"Uniti\",\"url\":\"https:\/\/uniti.app\/de\/\",\"logo\":{\"@type\":\"ImageObject\",\"inLanguage\":\"de\",\"@id\":\"https:\/\/uniti.app\/de\/#\/schema\/logo\/image\/\",\"url\":\"https:\/\/uniti.app\/wp-content\/uploads\/2025\/02\/uniti-icon-2.png\",\"contentUrl\":\"https:\/\/uniti.app\/wp-content\/uploads\/2025\/02\/uniti-icon-2.png\",\"width\":226,\"height\":226,\"caption\":\"Uniti\"},\"image\":{\"@id\":\"https:\/\/uniti.app\/de\/#\/schema\/logo\/image\/\"},\"sameAs\":[\"https:\/\/www.facebook.com\/unitiapp\/\",\"https:\/\/www.instagram.com\/unitiapp\/\"]}]}<\/script>\n<!-- \/ Yoast SEO plugin. -->","yoast_head_json":{"title":"Partner - Uniti","description":"Uniti App revolutionizes the traditional audio tour guide experience by eliminating the need for bulky, expensive radio-based equipment.","robots":{"index":"index","follow":"follow","max-snippet":"max-snippet:-1","max-image-preview":"max-image-preview:large","max-video-preview":"max-video-preview:-1"},"canonical":"https:\/\/uniti.app\/de\/partners\/","og_locale":"de_DE","og_type":"article","og_title":"Uniti Partner","og_description":"Uniti App revolutionizes the traditional audio tour guide experience by eliminating the need for bulky, expensive radio-based equipment.","og_url":"https:\/\/uniti.app\/de\/partners\/","og_site_name":"Uniti","article_publisher":"https:\/\/www.facebook.com\/unitiapp\/","article_modified_time":"2026-03-26T13:26:10+00:00","og_image":[{"width":1920,"height":1273,"url":"https:\/\/uniti.app\/wp-content\/uploads\/2025\/03\/home-screen.webp","type":"image\/webp"}],"twitter_card":"summary_large_image","twitter_misc":{"Gesch\u00e4tzte Lesezeit":"3\u00a0Minuten"},"schema":{"@context":"https:\/\/schema.org","@graph":[{"@type":"WebPage","@id":"https:\/\/uniti.app\/de\/partners\/","url":"https:\/\/uniti.app\/de\/partners\/","name":"Partner - Uniti","isPartOf":{"@id":"https:\/\/uniti.app\/de\/#website"},"primaryImageOfPage":{"@id":"https:\/\/uniti.app\/de\/partners\/#primaryimage"},"image":{"@id":"https:\/\/uniti.app\/de\/partners\/#primaryimage"},"thumbnailUrl":"https:\/\/uniti.app\/wp-content\/uploads\/2025\/02\/uniti-scaled.webp","datePublished":"2026-03-10T13:12:35+00:00","dateModified":"2026-03-26T13:26:10+00:00","description":"Uniti App revolutionizes the traditional audio tour guide experience by eliminating the need for bulky, expensive radio-based equipment.","breadcrumb":{"@id":"https:\/\/uniti.app\/de\/partners\/#breadcrumb"},"inLanguage":"de","potentialAction":[{"@type":"ReadAction","target":["https:\/\/uniti.app\/de\/partners\/"]}]},{"@type":"ImageObject","inLanguage":"de","@id":"https:\/\/uniti.app\/de\/partners\/#primaryimage","url":"https:\/\/uniti.app\/wp-content\/uploads\/2025\/02\/uniti-scaled.webp","contentUrl":"https:\/\/uniti.app\/wp-content\/uploads\/2025\/02\/uniti-scaled.webp","width":2560,"height":1431,"caption":"TourGuide System in your Smartphone"},{"@type":"BreadcrumbList","@id":"https:\/\/uniti.app\/de\/partners\/#breadcrumb","itemListElement":[{"@type":"ListItem","position":1,"name":"Home","item":"https:\/\/uniti.app\/de\/"},{"@type":"ListItem","position":2,"name":"Partner"}]},{"@type":"WebSite","@id":"https:\/\/uniti.app\/de\/#website","url":"https:\/\/uniti.app\/de\/","name":"Uniti","description":"TourGuide System in your Smartphone","publisher":{"@id":"https:\/\/uniti.app\/de\/#organization"},"potentialAction":[{"@type":"SearchAction","target":{"@type":"EntryPoint","urlTemplate":"https:\/\/uniti.app\/de\/?s={search_term_string}"},"query-input":{"@type":"PropertyValueSpecification","valueRequired":true,"valueName":"search_term_string"}}],"inLanguage":"de"},{"@type":"Organization","@id":"https:\/\/uniti.app\/de\/#organization","name":"Uniti","url":"https:\/\/uniti.app\/de\/","logo":{"@type":"ImageObject","inLanguage":"de","@id":"https:\/\/uniti.app\/de\/#\/schema\/logo\/image\/","url":"https:\/\/uniti.app\/wp-content\/uploads\/2025\/02\/uniti-icon-2.png","contentUrl":"https:\/\/uniti.app\/wp-content\/uploads\/2025\/02\/uniti-icon-2.png","width":226,"height":226,"caption":"Uniti"},"image":{"@id":"https:\/\/uniti.app\/de\/#\/schema\/logo\/image\/"},"sameAs":["https:\/\/www.facebook.com\/unitiapp\/","https:\/\/www.instagram.com\/unitiapp\/"]}]}},"_links":{"self":[{"href":"https:\/\/uniti.app\/de\/wp-json\/wp\/v2\/pages\/172087","targetHints":{"allow":["GET"]}}],"collection":[{"href":"https:\/\/uniti.app\/de\/wp-json\/wp\/v2\/pages"}],"about":[{"href":"https:\/\/uniti.app\/de\/wp-json\/wp\/v2\/types\/page"}],"author":[{"embeddable":true,"href":"https:\/\/uniti.app\/de\/wp-json\/wp\/v2\/users\/3"}],"replies":[{"embeddable":true,"href":"https:\/\/uniti.app\/de\/wp-json\/wp\/v2\/comments?post=172087"}],"version-history":[{"count":9,"href":"https:\/\/uniti.app\/de\/wp-json\/wp\/v2\/pages\/172087\/revisions"}],"predecessor-version":[{"id":172301,"href":"https:\/\/uniti.app\/de\/wp-json\/wp\/v2\/pages\/172087\/revisions\/172301"}],"wp:featuredmedia":[{"embeddable":true,"href":"https:\/\/uniti.app\/de\/wp-json\/wp\/v2\/media\/154828"}],"wp:attachment":[{"href":"https:\/\/uniti.app\/de\/wp-json\/wp\/v2\/media?parent=172087"}],"curies":[{"name":"wp","href":"https:\/\/api.w.org\/{rel}","templated":true}]}}