{"id":172078,"date":"2026-03-10T13:12:35","date_gmt":"2026-03-10T13:12:35","guid":{"rendered":"https:\/\/uniti.app\/?page_id=172078"},"modified":"2026-03-26T13:26:58","modified_gmt":"2026-03-26T13:26:58","slug":"partners","status":"publish","type":"page","link":"https:\/\/uniti.app\/cs\/partners\/","title":{"rendered":"Partne\u0159i"},"content":{"rendered":"<div class=\"wpb-content-wrapper\"><p>[vc_row unlock_row_content=&#8220;yes&#8220; row_height_percent=&#8220;0&#8243; override_padding=&#8220;yes&#8220; h_padding=&#8220;7&#8243; top_padding=&#8220;5&#8243; bottom_padding=&#8220;5&#8243; overlay_alpha=&#8220;50&#8243; gutter_size=&#8220;4&#8243; column_width_percent=&#8220;100&#8243; shift_y=&#8220;0&#8243; z_index=&#8220;0&#8243; content_parallax=&#8220;0&#8243; uncode_shortcode_id=&#8220;198021&#8243;][vc_column column_width_percent=&#8220;100&#8243; gutter_size=&#8220;2&#8243; overlay_alpha=&#8220;50&#8243; shift_x=&#8220;0&#8243; shift_y=&#8220;0&#8243; shift_y_down=&#8220;0&#8243; z_index=&#8220;0&#8243; medium_width=&#8220;0&#8243; mobile_width=&#8220;0&#8243; width=&#8220;1\/1&#8243;][vc_row_inner row_inner_height_percent=&#8220;0&#8243; overlay_alpha=&#8220;50&#8243; gutter_size=&#8220;4&#8243; shift_y=&#8220;0&#8243; z_index=&#8220;0&#8243; limit_content=&#8220;&#8220; uncode_shortcode_id=&#8220;171078&#8243;][vc_column_inner column_width_percent=&#8220;100&#8243; gutter_size=&#8220;3&#8243; overlay_alpha=&#8220;50&#8243; shift_x=&#8220;0&#8243; shift_y=&#8220;0&#8243; shift_y_down=&#8220;0&#8243; z_index=&#8220;0&#8243; medium_width=&#8220;0&#8243; mobile_width=&#8220;0&#8243; width=&#8220;1\/1&#8243; uncode_shortcode_id=&#8220;105436&#8243;][vc_custom_heading text_size=&#8220;h5&#8243; text_weight=&#8220;500&#8243; badge_style=&#8220;yes&#8220; radius=&#8220;xl&#8220; uncode_shortcode_id=&#8220;773403&#8243; text_color_type=&#8220;uncode-solid&#8220; text_color_solid=&#8220;#0c4f48&#8243; back_color_type=&#8220;uncode-solid&#8220; back_color_solid=&#8220;#e7f0e7&#8243;]<span class=\"text-accent-color\">\u25cf<\/span> Partne\u0159i[\/vc_custom_heading][vc_separator sep_color=&#8220;&#8220; uncode_shortcode_id=&#8220;473947&#8243;][\/vc_column_inner][\/vc_row_inner][vc_row_inner][vc_column_inner column_width_percent=&#8220;100&#8243; gutter_size=&#8220;2&#8243; overlay_alpha=&#8220;50&#8243; shift_x=&#8220;0&#8243; shift_y=&#8220;0&#8243; shift_y_down=&#8220;0&#8243; z_index=&#8220;0&#8243; medium_width=&#8220;0&#8243; mobile_width=&#8220;0&#8243; width=&#8220;4\/12&#8243;][vc_custom_heading text_size=&#8220;custom&#8220; text_weight=&#8220;300&#8243; uncode_shortcode_id=&#8220;120901&#8243; heading_custom_size=&#8220;clamp(30px,5vw,50px)&#8220;]Exkluzivn\u00ed partnersk\u00e9 slevy pro na\u0161e klienty[\/vc_custom_heading][vc_empty_space empty_h=&#8220;2&#8243; desktop_visibility=&#8220;yes&#8220;][\/vc_column_inner][vc_column_inner column_width_percent=&#8220;100&#8243; gutter_size=&#8220;3&#8243; overlay_alpha=&#8220;50&#8243; shift_x=&#8220;0&#8243; shift_y=&#8220;0&#8243; shift_y_down=&#8220;0&#8243; z_index=&#8220;0&#8243; medium_visibility=&#8220;yes&#8220; medium_width=&#8220;0&#8243; mobile_visibility=&#8220;yes&#8220; mobile_width=&#8220;0&#8243; width=&#8220;2\/12&#8243;][\/vc_column_inner][vc_column_inner column_width_percent=&#8220;100&#8243; gutter_size=&#8220;3&#8243; overlay_alpha=&#8220;50&#8243; shift_x=&#8220;0&#8243; shift_y=&#8220;0&#8243; shift_y_down=&#8220;0&#8243; z_index=&#8220;0&#8243; medium_width=&#8220;0&#8243; mobile_visibility=&#8220;yes&#8220; mobile_width=&#8220;0&#8243; width=&#8220;6\/12&#8243; uncode_shortcode_id=&#8220;176555&#8243;][vc_column_text text_lead=&#8220;yes&#8220; uncode_shortcode_id=&#8220;587259&#8243;]Na\u0161i d\u016fv\u011bryhodn\u00ed partne\u0159i nab\u00edzej\u00ed na\u0161im klient\u016fm exkluzivn\u00ed slevy na vybran\u00e9 slu\u017eby. Ka\u017ed\u00fd partner byl pe\u010dliv\u011b vybr\u00e1n, proto\u017ee jeho slu\u017eby osobn\u011b vyu\u017e\u00edv\u00e1me a d\u016fv\u011b\u0159ujeme jim a v\u011b\u0159\u00edme, \u017ee poskytuj\u00ed v\u00fdjime\u010dnou kvalitu a hodnotu. Prost\u0159ednictv\u00edm t\u011bchto spoluprac\u00ed z\u00edsk\u00e1vaj\u00ed na\u0161i klienti p\u0159\u00edstup k exkluzivn\u00edm nab\u00eddk\u00e1m ur\u010den\u00fdm k podpo\u0159e jejich pohody a ka\u017edodenn\u00edch pot\u0159eb. Je to n\u00e1\u0161 zp\u016fsob, jak roz\u0161\u00ed\u0159it na\u0161e z\u00e1kladn\u00ed slu\u017eby o dal\u0161\u00ed v\u00fdhody a d\u016fv\u011bryhodn\u00e1 doporu\u010den\u00ed.[\/vc_column_text][\/vc_column_inner][\/vc_row_inner][vc_empty_space empty_h=&#8220;2&#8243;][vc_row_inner row_inner_height_percent=&#8220;0&#8243; overlay_alpha=&#8220;50&#8243; equal_height=&#8220;yes&#8220; gutter_size=&#8220;3&#8243; shift_y=&#8220;0&#8243; z_index=&#8220;0&#8243; uncode_shortcode_id=&#8220;537603&#8243;][vc_column_inner column_width_percent=&#8220;100&#8243; align_horizontal=&#8220;align_center&#8220; gutter_size=&#8220;2&#8243; override_padding=&#8220;yes&#8220; column_padding=&#8220;2&#8243; overlay_alpha=&#8220;50&#8243; radius=&#8220;lg&#8220; border_color=&#8220;accent&#8220; border_style=&#8220;solid&#8220; shift_x=&#8220;0&#8243; shift_y=&#8220;0&#8243; shift_y_down=&#8220;0&#8243; z_index=&#8220;0&#8243; medium_width=&#8220;4&#8243; mobile_width=&#8220;4&#8243; width=&#8220;1\/4&#8243; uncode_shortcode_id=&#8220;139470&#8243; css=&#8220;.vc_custom_1773149023836{border-top-width: 1px !important;border-right-width: 1px !important;border-bottom-width: 1px !important;border-left-width: 1px !important;}&#8220; border_color_type=&#8220;uncode-palette&#8220; link_to=&#8220;url:https%3A%2F%2Fesimo.sng.link%2FDfwtk%2Fpojx%3Fpcn%3Duniti%26_smtype%3D3|target:_blank&#8220;][vc_single_image media=&#8220;172054&#8243; media_width_use_pixel=&#8220;yes&#8220; alignment=&#8220;center&#8220; shape=&#8220;img-round&#8220; radius=&#8220;xl&#8220; uncode_shortcode_id=&#8220;115847&#8243; media_width_pixel=&#8220;150&#8243;][vc_custom_heading text_size=&#8220;h5&#8243; text_weight=&#8220;500&#8243; badge_style=&#8220;yes&#8220; radius=&#8220;xl&#8220; uncode_shortcode_id=&#8220;722122&#8243; text_color_type=&#8220;uncode-solid&#8220; text_color_solid=&#8220;#0c4f48&#8243; back_color_type=&#8220;uncode-solid&#8220; back_color_solid=&#8220;#e7f0e7&#8243;]<span class=\"text-accent-color\">\u25cf<\/span> 15% sleva[\/vc_custom_heading][vc_column_text text_lead=&#8220;yes&#8220; uncode_shortcode_id=&#8220;153053&#8243;]Slevov\u00fd k\u00f3d: <strong>UNITI<\/strong>[\/vc_column_text][\/vc_column_inner][vc_column_inner column_width_percent=&#8220;100&#8243; align_horizontal=&#8220;align_center&#8220; gutter_size=&#8220;2&#8243; override_padding=&#8220;yes&#8220; column_padding=&#8220;2&#8243; overlay_alpha=&#8220;50&#8243; radius=&#8220;lg&#8220; border_color=&#8220;accent&#8220; border_style=&#8220;solid&#8220; shift_x=&#8220;0&#8243; shift_y=&#8220;0&#8243; shift_y_down=&#8220;0&#8243; z_index=&#8220;0&#8243; medium_width=&#8220;4&#8243; mobile_width=&#8220;4&#8243; width=&#8220;1\/4&#8243; uncode_shortcode_id=&#8220;133577&#8243; css=&#8220;.vc_custom_1773151449279{border-top-width: 1px !important;border-right-width: 1px !important;border-bottom-width: 1px !important;border-left-width: 1px !important;}&#8220; border_color_type=&#8220;uncode-palette&#8220; link_to=&#8220;url:https%3A%2F%2Fholafly.sjv.io%2F9VGX10|target:_blank&#8220;][vc_single_image media=&#8220;171983&#8243; media_width_use_pixel=&#8220;yes&#8220; alignment=&#8220;center&#8220; shape=&#8220;img-round&#8220; radius=&#8220;xl&#8220; uncode_shortcode_id=&#8220;452874&#8243; media_width_pixel=&#8220;150&#8243;][vc_custom_heading text_size=&#8220;h5&#8243; text_weight=&#8220;500&#8243; badge_style=&#8220;yes&#8220; radius=&#8220;xl&#8220; uncode_shortcode_id=&#8220;105745&#8243; text_color_type=&#8220;uncode-solid&#8220; text_color_solid=&#8220;#0c4f48&#8243; back_color_type=&#8220;uncode-solid&#8220; back_color_solid=&#8220;#e7f0e7&#8243;]<span class=\"text-accent-color\">\u25cf<\/span> 5% sleva[\/vc_custom_heading][vc_column_text text_lead=&#8220;yes&#8220; uncode_shortcode_id=&#8220;109642&#8243;]Slevov\u00fd k\u00f3d: <strong>PPUH<\/strong>[\/vc_column_text][\/vc_column_inner][vc_column_inner column_width_percent=&#8220;100&#8243; align_horizontal=&#8220;align_center&#8220; gutter_size=&#8220;2&#8243; override_padding=&#8220;yes&#8220; column_padding=&#8220;2&#8243; overlay_alpha=&#8220;50&#8243; radius=&#8220;lg&#8220; border_color=&#8220;accent&#8220; border_style=&#8220;solid&#8220; shift_x=&#8220;0&#8243; shift_y=&#8220;0&#8243; shift_y_down=&#8220;0&#8243; z_index=&#8220;0&#8243; medium_width=&#8220;4&#8243; mobile_width=&#8220;4&#8243; width=&#8220;1\/4&#8243; uncode_shortcode_id=&#8220;149958&#8243; css=&#8220;.vc_custom_1774531605283{border-top-width: 1px !important;border-right-width: 1px !important;border-bottom-width: 1px !important;border-left-width: 1px !important;}&#8220; border_color_type=&#8220;uncode-palette&#8220; link_to=&#8220;url:https%3A%2F%2Fgo.saily.site%2Faff_c%3Foffer_id%3D101%26aff_id%3D12980|target:_blank&#8220;][vc_single_image media=&#8220;172189&#8243; media_width_use_pixel=&#8220;yes&#8220; alignment=&#8220;center&#8220; shape=&#8220;img-round&#8220; radius=&#8220;xl&#8220; uncode_shortcode_id=&#8220;732091&#8243; media_width_pixel=&#8220;150&#8243;][vc_custom_heading text_size=&#8220;h5&#8243; text_weight=&#8220;500&#8243; badge_style=&#8220;yes&#8220; radius=&#8220;xl&#8220; uncode_shortcode_id=&#8220;692609&#8243; text_color_type=&#8220;uncode-solid&#8220; text_color_solid=&#8220;#0c4f48&#8243; back_color_type=&#8220;uncode-solid&#8220; back_color_solid=&#8220;#e7f0e7&#8243;]<span class=\"text-accent-color\">\u25cf<\/span> 10% sleva[\/vc_custom_heading][vc_column_text text_lead=&#8220;yes&#8220; uncode_shortcode_id=&#8220;386554&#8243;]Slevov\u00fd k\u00f3d: <strong>UNITI<\/strong>[\/vc_column_text][\/vc_column_inner][vc_column_inner column_width_percent=&#8220;100&#8243; align_horizontal=&#8220;align_center&#8220; gutter_size=&#8220;2&#8243; override_padding=&#8220;yes&#8220; column_padding=&#8220;2&#8243; overlay_alpha=&#8220;50&#8243; radius=&#8220;lg&#8220; border_color=&#8220;accent&#8220; border_style=&#8220;solid&#8220; shift_x=&#8220;0&#8243; shift_y=&#8220;0&#8243; shift_y_down=&#8220;0&#8243; z_index=&#8220;0&#8243; medium_width=&#8220;4&#8243; mobile_width=&#8220;4&#8243; width=&#8220;1\/4&#8243; uncode_shortcode_id=&#8220;167427&#8243; css=&#8220;.vc_custom_1774531612147{border-top-width: 1px !important;border-right-width: 1px !important;border-bottom-width: 1px !important;border-left-width: 1px !important;}&#8220; border_color_type=&#8220;uncode-palette&#8220; link_to=&#8220;target:_blank&#8220;][\/vc_column_inner][\/vc_row_inner][vc_empty_space empty_h=&#8220;1&#8243;][vc_row_inner row_inner_height_percent=&#8220;0&#8243; overlay_alpha=&#8220;50&#8243; gutter_size=&#8220;3&#8243; shift_y=&#8220;0&#8243; z_index=&#8220;0&#8243; desktop_visibility=&#8220;yes&#8220; medium_visibility=&#8220;yes&#8220; uncode_shortcode_id=&#8220;177044&#8243;][vc_column_inner width=&#8220;1\/1&#8243;][vc_empty_space empty_h=&#8220;2&#8243;][vc_column_text text_lead=&#8220;yes&#8220; uncode_shortcode_id=&#8220;902774&#8243;]Na\u0161i d\u016fv\u011bryhodn\u00ed partne\u0159i nab\u00edzej\u00ed na\u0161im klient\u016fm exkluzivn\u00ed slevy na vybran\u00e9 slu\u017eby. Ka\u017ed\u00fd partner byl pe\u010dliv\u011b vybr\u00e1n, proto\u017ee jeho slu\u017eby osobn\u011b vyu\u017e\u00edv\u00e1me a d\u016fv\u011b\u0159ujeme jim a v\u011b\u0159\u00edme, \u017ee poskytuj\u00ed v\u00fdjime\u010dnou kvalitu a hodnotu. Prost\u0159ednictv\u00edm t\u011bchto spoluprac\u00ed z\u00edsk\u00e1vaj\u00ed na\u0161i klienti p\u0159\u00edstup k exkluzivn\u00edm nab\u00eddk\u00e1m ur\u010den\u00fdm k podpo\u0159e jejich pohody a ka\u017edodenn\u00edch pot\u0159eb. Je to n\u00e1\u0161 zp\u016fsob, jak roz\u0161\u00ed\u0159it na\u0161e z\u00e1kladn\u00ed slu\u017eby o dal\u0161\u00ed v\u00fdhody a d\u016fv\u011bryhodn\u00e1 doporu\u010den\u00ed.[\/vc_column_text][\/vc_column_inner][\/vc_row_inner][\/vc_column][\/vc_row]<\/p>\n<\/div>","protected":false},"excerpt":{"rendered":"<p>[vc_row unlock_row_content=&#8220;yes&#8220; row_height_percent=&#8220;0&#8243; override_padding=&#8220;yes&#8220; h_padding=&#8220;7&#8243; top_padding=&#8220;5&#8243; bottom_padding=&#8220;5&#8243; overlay_alpha=&#8220;50&#8243; gutter_size=&#8220;4&#8243; column_width_percent=&#8220;100&#8243; shift_y=&#8220;0&#8243; z_index=&#8220;0&#8243; content_parallax=&#8220;0&#8243; uncode_shortcode_id=&#8220;198021&#8243;][vc_column column_width_percent=&#8220;100&#8243; gutter_size=&#8220;2&#8243; overlay_alpha=&#8220;50&#8243; shift_x=&#8220;0&#8243; shift_y=&#8220;0&#8243; shift_y_down=&#8220;0&#8243; [&hellip;]<\/p>\n","protected":false},"author":3,"featured_media":154957,"parent":0,"menu_order":0,"comment_status":"closed","ping_status":"closed","template":"","meta":{"footnotes":""},"class_list":["post-172078","page","type-page","status-publish","has-post-thumbnail","hentry"],"yoast_head":"<!-- This site is optimized with the Yoast SEO plugin v27.1.1 - https:\/\/yoast.com\/product\/yoast-seo-wordpress\/ -->\n<title>Partne\u0159i - Uniti<\/title>\n<meta name=\"description\" content=\"Uniti App revolutionizes the traditional audio tour guide experience by eliminating the need for bulky, expensive radio-based equipment.\" \/>\n<meta name=\"robots\" content=\"index, follow, max-snippet:-1, max-image-preview:large, max-video-preview:-1\" \/>\n<link rel=\"canonical\" href=\"https:\/\/uniti.app\/cs\/partners\/\" \/>\n<meta property=\"og:locale\" content=\"cs_CZ\" \/>\n<meta property=\"og:type\" content=\"article\" \/>\n<meta property=\"og:title\" content=\"Uniti Partne\u0159i\" \/>\n<meta property=\"og:description\" content=\"Uniti App revolutionizes the traditional audio tour guide experience by eliminating the need for bulky, expensive radio-based equipment.\" \/>\n<meta property=\"og:url\" content=\"https:\/\/uniti.app\/cs\/partners\/\" \/>\n<meta property=\"og:site_name\" content=\"Uniti\" \/>\n<meta property=\"article:publisher\" content=\"https:\/\/www.facebook.com\/unitiapp\/\" \/>\n<meta property=\"article:modified_time\" content=\"2026-03-26T13:26:58+00:00\" \/>\n<meta property=\"og:image\" content=\"https:\/\/uniti.app\/wp-content\/uploads\/2025\/03\/home-screen.webp\" \/>\n\t<meta property=\"og:image:width\" content=\"1920\" \/>\n\t<meta property=\"og:image:height\" content=\"1273\" \/>\n\t<meta property=\"og:image:type\" content=\"image\/webp\" \/>\n<meta name=\"twitter:card\" content=\"summary_large_image\" \/>\n<meta name=\"twitter:label1\" content=\"Odhadovan\u00e1 doba \u010dten\u00ed\" \/>\n\t<meta name=\"twitter:data1\" content=\"3 minuty\" \/>\n<script type=\"application\/ld+json\" class=\"yoast-schema-graph\">{\"@context\":\"https:\/\/schema.org\",\"@graph\":[{\"@type\":\"WebPage\",\"@id\":\"https:\/\/uniti.app\/cs\/partners\/\",\"url\":\"https:\/\/uniti.app\/cs\/partners\/\",\"name\":\"Partne\u0159i - Uniti\",\"isPartOf\":{\"@id\":\"https:\/\/uniti.app\/cs\/#website\"},\"primaryImageOfPage\":{\"@id\":\"https:\/\/uniti.app\/cs\/partners\/#primaryimage\"},\"image\":{\"@id\":\"https:\/\/uniti.app\/cs\/partners\/#primaryimage\"},\"thumbnailUrl\":\"https:\/\/uniti.app\/wp-content\/uploads\/2025\/02\/uniti-scaled.webp\",\"datePublished\":\"2026-03-10T13:12:35+00:00\",\"dateModified\":\"2026-03-26T13:26:58+00:00\",\"description\":\"Uniti App revolutionizes the traditional audio tour guide experience by eliminating the need for bulky, expensive radio-based equipment.\",\"breadcrumb\":{\"@id\":\"https:\/\/uniti.app\/cs\/partners\/#breadcrumb\"},\"inLanguage\":\"cs\",\"potentialAction\":[{\"@type\":\"ReadAction\",\"target\":[\"https:\/\/uniti.app\/cs\/partners\/\"]}]},{\"@type\":\"ImageObject\",\"inLanguage\":\"cs\",\"@id\":\"https:\/\/uniti.app\/cs\/partners\/#primaryimage\",\"url\":\"https:\/\/uniti.app\/wp-content\/uploads\/2025\/02\/uniti-scaled.webp\",\"contentUrl\":\"https:\/\/uniti.app\/wp-content\/uploads\/2025\/02\/uniti-scaled.webp\",\"width\":2560,\"height\":1431,\"caption\":\"TourGuide System in your Smartphone\"},{\"@type\":\"BreadcrumbList\",\"@id\":\"https:\/\/uniti.app\/cs\/partners\/#breadcrumb\",\"itemListElement\":[{\"@type\":\"ListItem\",\"position\":1,\"name\":\"Home\",\"item\":\"https:\/\/uniti.app\/cs\/\"},{\"@type\":\"ListItem\",\"position\":2,\"name\":\"Partne\u0159i\"}]},{\"@type\":\"WebSite\",\"@id\":\"https:\/\/uniti.app\/cs\/#website\",\"url\":\"https:\/\/uniti.app\/cs\/\",\"name\":\"Uniti\",\"description\":\"TourGuide System in your Smartphone\",\"publisher\":{\"@id\":\"https:\/\/uniti.app\/cs\/#organization\"},\"potentialAction\":[{\"@type\":\"SearchAction\",\"target\":{\"@type\":\"EntryPoint\",\"urlTemplate\":\"https:\/\/uniti.app\/cs\/?s={search_term_string}\"},\"query-input\":{\"@type\":\"PropertyValueSpecification\",\"valueRequired\":true,\"valueName\":\"search_term_string\"}}],\"inLanguage\":\"cs\"},{\"@type\":\"Organization\",\"@id\":\"https:\/\/uniti.app\/cs\/#organization\",\"name\":\"Uniti\",\"url\":\"https:\/\/uniti.app\/cs\/\",\"logo\":{\"@type\":\"ImageObject\",\"inLanguage\":\"cs\",\"@id\":\"https:\/\/uniti.app\/cs\/#\/schema\/logo\/image\/\",\"url\":\"https:\/\/uniti.app\/wp-content\/uploads\/2025\/02\/uniti-icon-2.png\",\"contentUrl\":\"https:\/\/uniti.app\/wp-content\/uploads\/2025\/02\/uniti-icon-2.png\",\"width\":226,\"height\":226,\"caption\":\"Uniti\"},\"image\":{\"@id\":\"https:\/\/uniti.app\/cs\/#\/schema\/logo\/image\/\"},\"sameAs\":[\"https:\/\/www.facebook.com\/unitiapp\/\",\"https:\/\/www.instagram.com\/unitiapp\/\"]}]}<\/script>\n<!-- \/ Yoast SEO plugin. -->","yoast_head_json":{"title":"Partne\u0159i - Uniti","description":"Uniti App revolutionizes the traditional audio tour guide experience by eliminating the need for bulky, expensive radio-based equipment.","robots":{"index":"index","follow":"follow","max-snippet":"max-snippet:-1","max-image-preview":"max-image-preview:large","max-video-preview":"max-video-preview:-1"},"canonical":"https:\/\/uniti.app\/cs\/partners\/","og_locale":"cs_CZ","og_type":"article","og_title":"Uniti Partne\u0159i","og_description":"Uniti App revolutionizes the traditional audio tour guide experience by eliminating the need for bulky, expensive radio-based equipment.","og_url":"https:\/\/uniti.app\/cs\/partners\/","og_site_name":"Uniti","article_publisher":"https:\/\/www.facebook.com\/unitiapp\/","article_modified_time":"2026-03-26T13:26:58+00:00","og_image":[{"width":1920,"height":1273,"url":"https:\/\/uniti.app\/wp-content\/uploads\/2025\/03\/home-screen.webp","type":"image\/webp"}],"twitter_card":"summary_large_image","twitter_misc":{"Odhadovan\u00e1 doba \u010dten\u00ed":"3 minuty"},"schema":{"@context":"https:\/\/schema.org","@graph":[{"@type":"WebPage","@id":"https:\/\/uniti.app\/cs\/partners\/","url":"https:\/\/uniti.app\/cs\/partners\/","name":"Partne\u0159i - Uniti","isPartOf":{"@id":"https:\/\/uniti.app\/cs\/#website"},"primaryImageOfPage":{"@id":"https:\/\/uniti.app\/cs\/partners\/#primaryimage"},"image":{"@id":"https:\/\/uniti.app\/cs\/partners\/#primaryimage"},"thumbnailUrl":"https:\/\/uniti.app\/wp-content\/uploads\/2025\/02\/uniti-scaled.webp","datePublished":"2026-03-10T13:12:35+00:00","dateModified":"2026-03-26T13:26:58+00:00","description":"Uniti App revolutionizes the traditional audio tour guide experience by eliminating the need for bulky, expensive radio-based equipment.","breadcrumb":{"@id":"https:\/\/uniti.app\/cs\/partners\/#breadcrumb"},"inLanguage":"cs","potentialAction":[{"@type":"ReadAction","target":["https:\/\/uniti.app\/cs\/partners\/"]}]},{"@type":"ImageObject","inLanguage":"cs","@id":"https:\/\/uniti.app\/cs\/partners\/#primaryimage","url":"https:\/\/uniti.app\/wp-content\/uploads\/2025\/02\/uniti-scaled.webp","contentUrl":"https:\/\/uniti.app\/wp-content\/uploads\/2025\/02\/uniti-scaled.webp","width":2560,"height":1431,"caption":"TourGuide System in your Smartphone"},{"@type":"BreadcrumbList","@id":"https:\/\/uniti.app\/cs\/partners\/#breadcrumb","itemListElement":[{"@type":"ListItem","position":1,"name":"Home","item":"https:\/\/uniti.app\/cs\/"},{"@type":"ListItem","position":2,"name":"Partne\u0159i"}]},{"@type":"WebSite","@id":"https:\/\/uniti.app\/cs\/#website","url":"https:\/\/uniti.app\/cs\/","name":"Uniti","description":"TourGuide System in your Smartphone","publisher":{"@id":"https:\/\/uniti.app\/cs\/#organization"},"potentialAction":[{"@type":"SearchAction","target":{"@type":"EntryPoint","urlTemplate":"https:\/\/uniti.app\/cs\/?s={search_term_string}"},"query-input":{"@type":"PropertyValueSpecification","valueRequired":true,"valueName":"search_term_string"}}],"inLanguage":"cs"},{"@type":"Organization","@id":"https:\/\/uniti.app\/cs\/#organization","name":"Uniti","url":"https:\/\/uniti.app\/cs\/","logo":{"@type":"ImageObject","inLanguage":"cs","@id":"https:\/\/uniti.app\/cs\/#\/schema\/logo\/image\/","url":"https:\/\/uniti.app\/wp-content\/uploads\/2025\/02\/uniti-icon-2.png","contentUrl":"https:\/\/uniti.app\/wp-content\/uploads\/2025\/02\/uniti-icon-2.png","width":226,"height":226,"caption":"Uniti"},"image":{"@id":"https:\/\/uniti.app\/cs\/#\/schema\/logo\/image\/"},"sameAs":["https:\/\/www.facebook.com\/unitiapp\/","https:\/\/www.instagram.com\/unitiapp\/"]}]}},"_links":{"self":[{"href":"https:\/\/uniti.app\/cs\/wp-json\/wp\/v2\/pages\/172078","targetHints":{"allow":["GET"]}}],"collection":[{"href":"https:\/\/uniti.app\/cs\/wp-json\/wp\/v2\/pages"}],"about":[{"href":"https:\/\/uniti.app\/cs\/wp-json\/wp\/v2\/types\/page"}],"author":[{"embeddable":true,"href":"https:\/\/uniti.app\/cs\/wp-json\/wp\/v2\/users\/3"}],"replies":[{"embeddable":true,"href":"https:\/\/uniti.app\/cs\/wp-json\/wp\/v2\/comments?post=172078"}],"version-history":[{"count":10,"href":"https:\/\/uniti.app\/cs\/wp-json\/wp\/v2\/pages\/172078\/revisions"}],"predecessor-version":[{"id":172302,"href":"https:\/\/uniti.app\/cs\/wp-json\/wp\/v2\/pages\/172078\/revisions\/172302"}],"wp:featuredmedia":[{"embeddable":true,"href":"https:\/\/uniti.app\/cs\/wp-json\/wp\/v2\/media\/154957"}],"wp:attachment":[{"href":"https:\/\/uniti.app\/cs\/wp-json\/wp\/v2\/media?parent=172078"}],"curies":[{"name":"wp","href":"https:\/\/api.w.org\/{rel}","templated":true}]}}