{"id":155387,"date":"2026-01-19T11:43:34","date_gmt":"2026-01-19T11:43:34","guid":{"rendered":"https:\/\/uniti.app\/odstranovani-problemu\/"},"modified":"2026-02-09T18:07:32","modified_gmt":"2026-02-09T18:07:32","slug":"troubleshooting","status":"publish","type":"page","link":"https:\/\/uniti.app\/cs\/troubleshooting\/","title":{"rendered":"Odstra\u0148ov\u00e1n\u00ed probl\u00e9m\u016f"},"content":{"rendered":"<div class=\"wpb-content-wrapper\"><p>[vc_row unlock_row_content=&#8220;yes&#8220; row_height_percent=&#8220;0&#8243; override_padding=&#8220;yes&#8220; h_padding=&#8220;7&#8243; top_padding=&#8220;5&#8243; bottom_padding=&#8220;3&#8243; overlay_alpha=&#8220;50&#8243; gutter_size=&#8220;4&#8243; column_width_percent=&#8220;100&#8243; shift_y=&#8220;0&#8243; z_index=&#8220;0&#8243; content_parallax=&#8220;0&#8243; uncode_shortcode_id=&#8220;789280&#8243;][vc_column column_width_percent=&#8220;100&#8243; gutter_size=&#8220;4&#8243; overlay_alpha=&#8220;50&#8243; shift_x=&#8220;0&#8243; shift_y=&#8220;0&#8243; shift_y_down=&#8220;0&#8243; z_index=&#8220;0&#8243; medium_width=&#8220;0&#8243; mobile_width=&#8220;0&#8243; width=&#8220;1\/2&#8243; uncode_shortcode_id=&#8220;182665&#8243;][vc_row_inner row_inner_height_percent=&#8220;0&#8243; overlay_alpha=&#8220;50&#8243; gutter_size=&#8220;4&#8243; shift_y=&#8220;0&#8243; z_index=&#8220;0&#8243; limit_content=&#8220;&#8220; uncode_shortcode_id=&#8220;177417&#8243;][vc_column_inner width=&#8220;1\/1&#8243;][vc_custom_heading text_size=&#8220;h5&#8243; text_weight=&#8220;500&#8243; badge_style=&#8220;yes&#8220; radius=&#8220;xl&#8220; uncode_shortcode_id=&#8220;550444&#8243; text_color_type=&#8220;uncode-solid&#8220; text_color_solid=&#8220;#0c4f48&#8243; back_color_type=&#8220;uncode-solid&#8220; back_color_solid=&#8220;#e7f0e7&#8243;]Informace[\/vc_custom_heading][vc_custom_heading text_size=&#8220;custom&#8220; text_weight=&#8220;300&#8243; uncode_shortcode_id=&#8220;145743&#8243; heading_custom_size=&#8220;clamp(30px,5vw,50px)&#8220;]\u0158e\u0161en\u00ed probl\u00e9m\u016f \u2013 Android: Aplikace b\u011b\u017e\u00ed na pozad\u00ed[\/vc_custom_heading][\/vc_column_inner][\/vc_row_inner][\/vc_column][vc_column width=&#8220;1\/2&#8243;][vc_empty_space empty_h=&#8220;2&#8243;][vc_accordion sign=&#8220;plus&#8220; gutter_simple=&#8220;0&#8243; uncode_shortcode_id=&#8220;810837&#8243; active_tab=&#8220;1&#8243;][vc_accordion_tab gutter_size=&#8220;2&#8243; column_padding=&#8220;2&#8243; title=&#8220;1. Pro\u010d se aplikace m\u016f\u017ee po ukon\u010den\u00ed zav\u0159\u00edt?&#8220; tab_id=&#8220;1768823390-1-99&#8243;][vc_column_text uncode_shortcode_id=&#8220;159706&#8243;]Modern\u00ed telefony se syst\u00e9mem Android ve v\u00fdchoz\u00edm nastaven\u00ed omezuj\u00ed spou\u0161t\u011bn\u00ed aplikac\u00ed na pozad\u00ed, aby \u0161et\u0159ily baterii. Syst\u00e9m dok\u00e1\u017ee zastavit procesy, omezit p\u0159ipojen\u00ed GPS a s\u00ed\u0165ov\u00e1 p\u0159ipojen\u00ed a dokonce ukon\u010dit aplikaci, kdy\u017e u\u017eivatel p\u0159epne na jinou aplikaci nebo je obrazovka uzam\u010dena.[\/vc_column_text][\/vc_accordion_tab][vc_accordion_tab gutter_size=&#8220;2&#8243; column_padding=&#8220;2&#8243; title=&#8220;2. Kl\u00ed\u010dov\u00e1 akce: Povolen\u00ed pr\u00e1ce na pozad\u00ed&#8220; tab_id=&#8220;1768823390-2-48&#8243;][vc_column_text uncode_shortcode_id=&#8220;127955&#8243;]Aby Uniti spr\u00e1vn\u011b fungovalo na pozad\u00ed (nap\u0159. pro ur\u010den\u00ed polohy, relac\u00ed a GPS):<\/p>\n<p><strong>Obecn\u00e9 pokyny (Android):<\/strong><\/p>\n<ul>\n<li>Otev\u0159ete Nastaven\u00ed. (Settings).<\/li>\n<li>P\u0159ejd\u011bte do Aplikace (Aplikace \/ Aplikace a ozn\u00e1men\u00ed).<\/li>\n<li>Vyberte Uniti ze seznamu aplikac\u00ed.<\/li>\n<li>Otw\u00f3rz sekcj\u0119Baterie (Baterie \/ Vyu\u017eit\u00ed baterie).<\/li>\n<li>Vyhledejte mo\u017enost Optimalizace baterie a nastavte ji na:<br \/>\n\u2022 Neoptimalizovat nebo<br \/>\n\u2022 Neomezen\u011b.<\/li>\n<\/ul>\n<p>Pokud je aplikace ozna\u010dena jako \u201eNeoptimalizovan\u00e1\u201c, Android neomez\u00ed jej\u00ed aktivitu na pozad\u00ed, co\u017e je kl\u00ed\u010dov\u00e9 pro udr\u017een\u00ed relace a ozn\u00e1men\u00ed v chodu i po opu\u0161t\u011bn\u00ed rozhran\u00ed aplikace.[\/vc_column_text][\/vc_accordion_tab][vc_accordion_tab gutter_size=&#8220;2&#8243; column_padding=&#8220;2&#8243; title=&#8220;3. Co d\u011blat, kdy\u017e spo\u0159i\u010d baterie neust\u00e1le zastavuje aplikaci?&#8220; tab_id=&#8220;1768827752864-2-5&#8243;][vc_column_text uncode_shortcode_id=&#8220;171579&#8243;]Krom\u011b vypnut\u00ed optimalizace baterie maj\u00ed n\u011bkter\u00e9 telefony (Samsung, Huawei, Xiaomi, OnePlus atd.) vlastn\u00ed mechanismy pro \u00fasporu energie:<\/p>\n<ul>\n<li>Vypn\u011bte \u00fasporn\u00fd re\u017eim baterie syst\u00e9mu (\u00dasporn\u00fd re\u017eim \/ \u00dasporn\u00fd re\u017eim).<\/li>\n<li>Na telefonech Samsung a souvisej\u00edc\u00edch syst\u00e9mech za\u0161krtn\u011bte pol\u00ed\u010dko \u201eAplikace pro automatick\u00e9 usp\u00e1v\u00e1n\u00ed\u201c \/ \u201eLimity vyu\u017eit\u00ed na pozad\u00ed\u201c a odeberte Uniti ze seznamu aplikac\u00ed pro automatick\u00e9 usp\u00e1v\u00e1n\u00ed.<\/li>\n<li>V MIUI\/Huawei vypn\u011bte \u201eAutomatick\u00e1 spr\u00e1va\u201c a povolte Automatick\u00e9 spou\u0161t\u011bn\u00ed \/ Spou\u0161t\u011bn\u00ed na pozad\u00ed pro Uniti.<\/li>\n<\/ul>\n<p>Tato nastaven\u00ed pom\u00e1haj\u00ed zajistit, aby syst\u00e9m neukon\u010dil aplikace po ur\u010dit\u00e9 dob\u011b ne\u010dinnosti.[\/vc_column_text][\/vc_accordion_tab][vc_accordion_tab gutter_size=&#8220;2&#8243; column_padding=&#8220;2&#8243; title=&#8220;4. Dal\u0161\u00ed probl\u00e9my a jejich \u0159e\u0161en\u00ed&#8220; tab_id=&#8220;1768828112684-3-0&#8243;][vc_column_text uncode_shortcode_id=&#8220;767104&#8243;]<strong>Probl\u00e9m:<br \/>\n<\/strong>Aplikace kr\u00e1tce b\u011b\u017e\u00ed na pozad\u00ed, ale pot\u00e9 ztrat\u00ed p\u0159ipojen\u00ed nebo se zastav\u00ed \u00falohy GPS.<\/p>\n<p><strong>Diagnostick\u00e9 \u0159e\u0161en\u00ed:<\/strong><\/p>\n<ul>\n<li>Ujist\u011bte se, \u017ee m\u00e1 Uniti pln\u00e1 opr\u00e1vn\u011bn\u00ed k p\u0159\u00edstupu k poloze: v \u010d\u00e1sti Opr\u00e1vn\u011bn\u00ed k p\u0159\u00edstupu k poloze vyberte mo\u017enost \u201eV\u017edy povolit \/ Povolit v\u017edy\u201c.<\/li>\n<li>U n\u011bkter\u00fdch model\u016f Androidu (zejm\u00e9na nov\u011bj\u0161\u00edch, nap\u0159. Android 14\/15) m\u016f\u017ee syst\u00e9m i s vypnutou optimalizac\u00ed st\u00e1le omezovat aplikace \u2013 v takov\u00e9m p\u0159\u00edpad\u011b mus\u00ed u\u017eivatel povolit \u201ePovolit pou\u017e\u00edv\u00e1n\u00ed na pozad\u00ed\u201c \/ \u201eNeomezeno\u201c nebo to ru\u010dn\u011b potvrdit v nastaven\u00ed baterie.<\/li>\n<\/ul>\n<p>[\/vc_column_text][\/vc_accordion_tab][vc_accordion_tab gutter_size=&#8220;2&#8243; column_padding=&#8220;2&#8243; title=&#8220;5. Shrnut\u00ed nejd\u016fle\u017eit\u011bj\u0161\u00edch krok\u016f pro u\u017eivatele&#8220; tab_id=&#8220;1768828289062-4-3&#8243;][vc_column_text uncode_shortcode_id=&#8220;975809&#8243;]<strong>Kdy\u017e aplikace Uniti:<\/strong><\/p>\n<ul>\n<li>nefunguje po opu\u0161t\u011bn\u00ed obrazovky,<\/li>\n<li>zatrzypo p\u00e1r minut\u00e1ch to odezn\u00ed,<\/li>\n<li>neodes\u00edl\u00e1 aktualizace GPS na pozad\u00ed,<\/li>\n<\/ul>\n<p><strong>V nastaven\u00ed baterie by m\u011bl u\u017eivatel:<\/strong><\/p>\n<ul>\n<li>Zaka\u017ete optimalizaci baterie pro Uniti (Battery Optimization \u2192 Don\u2019t optimize \/ Unrestricted).<\/li>\n<li>Vypn\u011bte obecn\u00e9 \u0161et\u0159en\u00ed baterie (Battery Saver).<\/li>\n<li>(voliteln\u011b) V syst\u00e9mech v\u00fdrobce odstra\u0148te Uniti ze seznamu aplikac\u00ed v re\u017eimu sp\u00e1nku\/omezen\u00fdch aplikac\u00ed.<\/li>\n<\/ul>\n<p>[\/vc_column_text][\/vc_accordion_tab][\/vc_accordion][\/vc_column][\/vc_row]<\/p>\n<\/div>","protected":false},"excerpt":{"rendered":"<p>[vc_row unlock_row_content=&#8220;yes&#8220; row_height_percent=&#8220;0&#8243; override_padding=&#8220;yes&#8220; h_padding=&#8220;7&#8243; top_padding=&#8220;5&#8243; bottom_padding=&#8220;3&#8243; overlay_alpha=&#8220;50&#8243; gutter_size=&#8220;4&#8243; column_width_percent=&#8220;100&#8243; shift_y=&#8220;0&#8243; z_index=&#8220;0&#8243; content_parallax=&#8220;0&#8243; uncode_shortcode_id=&#8220;789280&#8243;][vc_column column_width_percent=&#8220;100&#8243; gutter_size=&#8220;4&#8243; overlay_alpha=&#8220;50&#8243; shift_x=&#8220;0&#8243; shift_y=&#8220;0&#8243; shift_y_down=&#8220;0&#8243; [&hellip;]<\/p>\n","protected":false},"author":1,"featured_media":0,"parent":0,"menu_order":0,"comment_status":"closed","ping_status":"closed","template":"","meta":{"footnotes":""},"class_list":["post-155387","page","type-page","status-publish","hentry"],"yoast_head":"<!-- This site is optimized with the Yoast SEO plugin v27.1.1 - https:\/\/yoast.com\/product\/yoast-seo-wordpress\/ -->\n<title>Odstra\u0148ov\u00e1n\u00ed probl\u00e9m\u016f - Uniti<\/title>\n<meta name=\"robots\" content=\"index, follow, max-snippet:-1, max-image-preview:large, max-video-preview:-1\" \/>\n<link rel=\"canonical\" href=\"https:\/\/uniti.app\/cs\/troubleshooting\/\" \/>\n<meta property=\"og:locale\" content=\"cs_CZ\" \/>\n<meta property=\"og:type\" content=\"article\" \/>\n<meta property=\"og:title\" content=\"Odstra\u0148ov\u00e1n\u00ed probl\u00e9m\u016f - Uniti\" \/>\n<meta property=\"og:description\" content=\"[vc_row unlock_row_content=&#8220;yes&#8220; row_height_percent=&#8220;0&#8243; override_padding=&#8220;yes&#8220; h_padding=&#8220;7&#8243; top_padding=&#8220;5&#8243; bottom_padding=&#8220;3&#8243; overlay_alpha=&#8220;50&#8243; gutter_size=&#8220;4&#8243; column_width_percent=&#8220;100&#8243; shift_y=&#8220;0&#8243; z_index=&#8220;0&#8243; content_parallax=&#8220;0&#8243; uncode_shortcode_id=&#8220;789280&#8243;][vc_column column_width_percent=&#8220;100&#8243; gutter_size=&#8220;4&#8243; overlay_alpha=&#8220;50&#8243; shift_x=&#8220;0&#8243; shift_y=&#8220;0&#8243; shift_y_down=&#8220;0&#8243; [&hellip;]\" \/>\n<meta property=\"og:url\" content=\"https:\/\/uniti.app\/cs\/troubleshooting\/\" \/>\n<meta property=\"og:site_name\" content=\"Uniti\" \/>\n<meta property=\"article:publisher\" content=\"https:\/\/www.facebook.com\/unitiapp\/\" \/>\n<meta property=\"article:modified_time\" content=\"2026-02-09T18:07:32+00:00\" \/>\n<meta name=\"twitter:card\" content=\"summary_large_image\" \/>\n<meta name=\"twitter:label1\" content=\"Odhadovan\u00e1 doba \u010dten\u00ed\" \/>\n\t<meta name=\"twitter:data1\" content=\"3 minuty\" \/>\n<script type=\"application\/ld+json\" class=\"yoast-schema-graph\">{\"@context\":\"https:\/\/schema.org\",\"@graph\":[{\"@type\":\"WebPage\",\"@id\":\"https:\/\/uniti.app\/cs\/troubleshooting\/\",\"url\":\"https:\/\/uniti.app\/cs\/troubleshooting\/\",\"name\":\"Odstra\u0148ov\u00e1n\u00ed probl\u00e9m\u016f - Uniti\",\"isPartOf\":{\"@id\":\"https:\/\/uniti.app\/cs\/#website\"},\"datePublished\":\"2026-01-19T11:43:34+00:00\",\"dateModified\":\"2026-02-09T18:07:32+00:00\",\"breadcrumb\":{\"@id\":\"https:\/\/uniti.app\/cs\/troubleshooting\/#breadcrumb\"},\"inLanguage\":\"cs\",\"potentialAction\":[{\"@type\":\"ReadAction\",\"target\":[\"https:\/\/uniti.app\/cs\/troubleshooting\/\"]}]},{\"@type\":\"BreadcrumbList\",\"@id\":\"https:\/\/uniti.app\/cs\/troubleshooting\/#breadcrumb\",\"itemListElement\":[{\"@type\":\"ListItem\",\"position\":1,\"name\":\"Home\",\"item\":\"https:\/\/uniti.app\/cs\/\"},{\"@type\":\"ListItem\",\"position\":2,\"name\":\"Odstra\u0148ov\u00e1n\u00ed probl\u00e9m\u016f\"}]},{\"@type\":\"WebSite\",\"@id\":\"https:\/\/uniti.app\/cs\/#website\",\"url\":\"https:\/\/uniti.app\/cs\/\",\"name\":\"Uniti\",\"description\":\"TourGuide System in your Smartphone\",\"publisher\":{\"@id\":\"https:\/\/uniti.app\/cs\/#organization\"},\"potentialAction\":[{\"@type\":\"SearchAction\",\"target\":{\"@type\":\"EntryPoint\",\"urlTemplate\":\"https:\/\/uniti.app\/cs\/?s={search_term_string}\"},\"query-input\":{\"@type\":\"PropertyValueSpecification\",\"valueRequired\":true,\"valueName\":\"search_term_string\"}}],\"inLanguage\":\"cs\"},{\"@type\":\"Organization\",\"@id\":\"https:\/\/uniti.app\/cs\/#organization\",\"name\":\"Uniti\",\"url\":\"https:\/\/uniti.app\/cs\/\",\"logo\":{\"@type\":\"ImageObject\",\"inLanguage\":\"cs\",\"@id\":\"https:\/\/uniti.app\/cs\/#\/schema\/logo\/image\/\",\"url\":\"https:\/\/uniti.app\/wp-content\/uploads\/2025\/02\/uniti-icon-2.png\",\"contentUrl\":\"https:\/\/uniti.app\/wp-content\/uploads\/2025\/02\/uniti-icon-2.png\",\"width\":226,\"height\":226,\"caption\":\"Uniti\"},\"image\":{\"@id\":\"https:\/\/uniti.app\/cs\/#\/schema\/logo\/image\/\"},\"sameAs\":[\"https:\/\/www.facebook.com\/unitiapp\/\",\"https:\/\/www.instagram.com\/unitiapp\/\"]}]}<\/script>\n<!-- \/ Yoast SEO plugin. -->","yoast_head_json":{"title":"Odstra\u0148ov\u00e1n\u00ed probl\u00e9m\u016f - Uniti","robots":{"index":"index","follow":"follow","max-snippet":"max-snippet:-1","max-image-preview":"max-image-preview:large","max-video-preview":"max-video-preview:-1"},"canonical":"https:\/\/uniti.app\/cs\/troubleshooting\/","og_locale":"cs_CZ","og_type":"article","og_title":"Odstra\u0148ov\u00e1n\u00ed probl\u00e9m\u016f - Uniti","og_description":"[vc_row unlock_row_content=&#8220;yes&#8220; row_height_percent=&#8220;0&#8243; override_padding=&#8220;yes&#8220; h_padding=&#8220;7&#8243; top_padding=&#8220;5&#8243; bottom_padding=&#8220;3&#8243; overlay_alpha=&#8220;50&#8243; gutter_size=&#8220;4&#8243; column_width_percent=&#8220;100&#8243; shift_y=&#8220;0&#8243; z_index=&#8220;0&#8243; content_parallax=&#8220;0&#8243; uncode_shortcode_id=&#8220;789280&#8243;][vc_column column_width_percent=&#8220;100&#8243; gutter_size=&#8220;4&#8243; overlay_alpha=&#8220;50&#8243; shift_x=&#8220;0&#8243; shift_y=&#8220;0&#8243; shift_y_down=&#8220;0&#8243; [&hellip;]","og_url":"https:\/\/uniti.app\/cs\/troubleshooting\/","og_site_name":"Uniti","article_publisher":"https:\/\/www.facebook.com\/unitiapp\/","article_modified_time":"2026-02-09T18:07:32+00:00","twitter_card":"summary_large_image","twitter_misc":{"Odhadovan\u00e1 doba \u010dten\u00ed":"3 minuty"},"schema":{"@context":"https:\/\/schema.org","@graph":[{"@type":"WebPage","@id":"https:\/\/uniti.app\/cs\/troubleshooting\/","url":"https:\/\/uniti.app\/cs\/troubleshooting\/","name":"Odstra\u0148ov\u00e1n\u00ed probl\u00e9m\u016f - Uniti","isPartOf":{"@id":"https:\/\/uniti.app\/cs\/#website"},"datePublished":"2026-01-19T11:43:34+00:00","dateModified":"2026-02-09T18:07:32+00:00","breadcrumb":{"@id":"https:\/\/uniti.app\/cs\/troubleshooting\/#breadcrumb"},"inLanguage":"cs","potentialAction":[{"@type":"ReadAction","target":["https:\/\/uniti.app\/cs\/troubleshooting\/"]}]},{"@type":"BreadcrumbList","@id":"https:\/\/uniti.app\/cs\/troubleshooting\/#breadcrumb","itemListElement":[{"@type":"ListItem","position":1,"name":"Home","item":"https:\/\/uniti.app\/cs\/"},{"@type":"ListItem","position":2,"name":"Odstra\u0148ov\u00e1n\u00ed probl\u00e9m\u016f"}]},{"@type":"WebSite","@id":"https:\/\/uniti.app\/cs\/#website","url":"https:\/\/uniti.app\/cs\/","name":"Uniti","description":"TourGuide System in your Smartphone","publisher":{"@id":"https:\/\/uniti.app\/cs\/#organization"},"potentialAction":[{"@type":"SearchAction","target":{"@type":"EntryPoint","urlTemplate":"https:\/\/uniti.app\/cs\/?s={search_term_string}"},"query-input":{"@type":"PropertyValueSpecification","valueRequired":true,"valueName":"search_term_string"}}],"inLanguage":"cs"},{"@type":"Organization","@id":"https:\/\/uniti.app\/cs\/#organization","name":"Uniti","url":"https:\/\/uniti.app\/cs\/","logo":{"@type":"ImageObject","inLanguage":"cs","@id":"https:\/\/uniti.app\/cs\/#\/schema\/logo\/image\/","url":"https:\/\/uniti.app\/wp-content\/uploads\/2025\/02\/uniti-icon-2.png","contentUrl":"https:\/\/uniti.app\/wp-content\/uploads\/2025\/02\/uniti-icon-2.png","width":226,"height":226,"caption":"Uniti"},"image":{"@id":"https:\/\/uniti.app\/cs\/#\/schema\/logo\/image\/"},"sameAs":["https:\/\/www.facebook.com\/unitiapp\/","https:\/\/www.instagram.com\/unitiapp\/"]}]}},"_links":{"self":[{"href":"https:\/\/uniti.app\/cs\/wp-json\/wp\/v2\/pages\/155387","targetHints":{"allow":["GET"]}}],"collection":[{"href":"https:\/\/uniti.app\/cs\/wp-json\/wp\/v2\/pages"}],"about":[{"href":"https:\/\/uniti.app\/cs\/wp-json\/wp\/v2\/types\/page"}],"author":[{"embeddable":true,"href":"https:\/\/uniti.app\/cs\/wp-json\/wp\/v2\/users\/1"}],"replies":[{"embeddable":true,"href":"https:\/\/uniti.app\/cs\/wp-json\/wp\/v2\/comments?post=155387"}],"version-history":[{"count":7,"href":"https:\/\/uniti.app\/cs\/wp-json\/wp\/v2\/pages\/155387\/revisions"}],"predecessor-version":[{"id":155436,"href":"https:\/\/uniti.app\/cs\/wp-json\/wp\/v2\/pages\/155387\/revisions\/155436"}],"wp:attachment":[{"href":"https:\/\/uniti.app\/cs\/wp-json\/wp\/v2\/media?parent=155387"}],"curies":[{"name":"wp","href":"https:\/\/api.w.org\/{rel}","templated":true}]}}